{"id":8675,"date":"2020-05-26T10:03:50","date_gmt":"2020-05-26T08:03:50","guid":{"rendered":"https:\/\/www.tecram.ch\/home\/steigtechnik\/constructions-sur-mesure-et-speciales\/"},"modified":"2025-12-05T11:57:11","modified_gmt":"2025-12-05T10:57:11","slug":"sonderbau","status":"publish","type":"page","link":"https:\/\/www.tecram.ch\/de\/home\/steigtechnik\/sonderbau\/","title":{"rendered":"Sonderbau"},"content":{"rendered":"\n\n\t<h1>Sonderbau<\/h1>\n\t\t\t\t<a href=\"https:\/\/www.tecram.ch\/de\/home\/steigtechnik\/sonderbau\/fuer-nutzfahrzeuge\/\"  target=\"_self\" itemprop=\"url\">\n\t\t\t\t<img decoding=\"async\" src=\"https:\/\/www.tecram.ch\/wp-content\/uploads\/constructions-pour-les-vehicules-utilitaires-a-03.jpg\" alt=\"Constructions sur mesure et sp\u00e9ciales pour les v\u00e9hicules utilitaires\" itemprop=\"image\" height=\"450\" width=\"450\" title=\"constructions-pour-les-vehicules-utilitaires-a-03\" onerror=\"this.style.display='none'\" loading=\"lazy\" \/>\n\t\t\t\t<\/a>\n\t<h3><a href=\"https:\/\/www.tecram.ch\/de\/home\/steigtechnik\/sonderbau\/fuer-nutzfahrzeuge\/\">Sonder- und Spezialkonstruktionen f\u00fcr Nutzfahrzeuge<\/a><\/h3>\n\t\t\t\t<a href=\"https:\/\/www.tecram.ch\/de\/home\/steigtechnik\/sonderbau\/fuer-schienenfahrzeuge\/\"  target=\"_self\" itemprop=\"url\">\n\t\t\t\t<img decoding=\"async\" src=\"https:\/\/www.tecram.ch\/wp-content\/uploads\/constructions-pour-les-vehicules-ferroviaires-a-01.jpg\" alt=\"Constructions sur mesure et sp\u00e9ciales pour les v\u00e9hicules ferroviaires\" itemprop=\"image\" height=\"450\" width=\"450\" title=\"constructions-pour-les-vehicules-ferroviaires-a-01\" onerror=\"this.style.display='none'\" loading=\"lazy\" \/>\n\t\t\t\t<\/a>\n\t<h3><a href=\"https:\/\/www.tecram.ch\/de\/home\/steigtechnik\/sonderbau\/fuer-schienenfahrzeuge\/\">Sonder- und Spezialkonstruktionen f\u00fcr Schienenfahrzeuge<\/a><\/h3>\n\t\t\t\t<a href=\"https:\/\/www.tecram.ch\/de\/home\/steigtechnik\/sonderbau\/fuer-die-industrie\/\"  target=\"_self\" itemprop=\"url\">\n\t\t\t\t<img decoding=\"async\" src=\"https:\/\/www.tecram.ch\/wp-content\/uploads\/constructions-pour-industrie-a-03.jpg\" alt=\"Constructions sur mesure et sp\u00e9ciales pour l&#039;industrie\" itemprop=\"image\" height=\"450\" width=\"450\" title=\"constructions-pour-industrie-a-03\" onerror=\"this.style.display='none'\" loading=\"lazy\" \/>\n\t\t\t\t<\/a>\n\t<h3><a href=\"https:\/\/www.tecram.ch\/de\/home\/steigtechnik\/sonderbau\/fuer-die-industrie\/\">Sonder- und Spezialkonstruktionen f\u00fcr die Industrie<\/a><\/h3>\n\t\t\t\t<a href=\"https:\/\/www.tecram.ch\/de\/home\/steigtechnik\/sonderbau\/fuer-tanks\/\"  target=\"_self\" itemprop=\"url\">\n\t\t\t\t<img decoding=\"async\" src=\"https:\/\/www.tecram.ch\/wp-content\/uploads\/echelle-pour-camion-citerne-b.jpg\" alt=\"Echelles pour camions-citernes\" itemprop=\"image\" height=\"478\" width=\"478\" title=\"echelle-pour-camion-citerne-b\" onerror=\"this.style.display='none'\" loading=\"lazy\" \/>\n\t\t\t\t<\/a>\n\t<h3><a href=\"https:\/\/www.tecram.ch\/de\/home\/steigtechnik\/sonderbau\/fuer-tanks\/\">Sonder- und Spezialkonstruktionen f\u00fcr Tankanlagen<\/a><\/h3>\n\t\t\t\t<a href=\"https:\/\/www.tecram.ch\/de\/home\/steigtechnik\/sonderbau\/fuer-die-luftfahrt\/\"  target=\"_self\" itemprop=\"url\">\n\t\t\t\t<img decoding=\"async\" src=\"https:\/\/www.tecram.ch\/wp-content\/uploads\/construction-pour-aeronautique-b.jpg\" alt=\"Construction pour l&#039;a\u00e9ronautique\" itemprop=\"image\" height=\"480\" width=\"480\" title=\"construction-pour-aeronautique-b\" onerror=\"this.style.display='none'\" loading=\"lazy\" \/>\n\t\t\t\t<\/a>\n\t<h3><a href=\"https:\/\/www.tecram.ch\/de\/home\/steigtechnik\/sonderbau\/fuer-die-luftfahrt\/\">Sonder- und Spezialkonstruktionen f\u00fcr die Luftfahrt<\/a><\/h3>\n\t<h3>Unsere aktuellen Aktionen<\/h3>\n\t\t\t\t<a href=\"https:\/\/www.tecram.ch\/de\/home\/steigtechnik\/teletower-telescop-rollgeruest\/\"  target=\"_self\" itemprop=\"url\">\n\t\t\t\t<img decoding=\"async\" src=\"https:\/\/www.tecram.ch\/wp-content\/uploads\/teletower.jpg\" alt=\"teletower\" itemprop=\"image\" height=\"400\" width=\"400\" title=\"teletower\" onerror=\"this.style.display='none'\" loading=\"lazy\" \/>\n\t\t\t\t<\/a>\n\t<a href=\"https:\/\/www.tecram.ch\/de\/home\/steigtechnik\/teletower-telescop-rollgeruest\/\">Teletower<br \/>\nTelescop Rollger\u00fcst<\/a>\n<p><a href=\"https:\/\/www.tecram.ch\/de\/home\/steigtechnik\/teletower-telescop-rollgeruest\/\"><strong>CHF 1&#8217;600.- inkl. MwSt.<\/strong><\/a><\/p>\n\t\t\t\t<a href=\"https:\/\/www.tecram.ch\/de\/home\/ergonomische-hebelifte\/ergonomische-hebelifte-und-minilift\/hovmand\/hebelift-hovmand-go\/\"  target=\"_self\" itemprop=\"url\">\n\t\t\t\t<img decoding=\"async\" src=\"https:\/\/www.tecram.ch\/wp-content\/uploads\/chariot-de-manutention-mini-gerbeur-hovmand-go.jpg\" alt=\"Chariot de manutention - mini gerbeur HOVMAND GO\" itemprop=\"image\" height=\"600\" width=\"600\" title=\"chariot-de-manutention-mini-gerbeur-hovmand-go\" onerror=\"this.style.display='none'\" loading=\"lazy\" \/>\n\t\t\t\t<\/a>\n\t<a href=\"https:\/\/www.tecram.ch\/de\/home\/ergonomische-hebelifte\/ergonomische-hebelifte-und-minilift\/hovmand\/hebelift-hovmand-go\/\">Hebelift<br \/>\nHovmand GO<\/a><br \/>\n<strong>CHF 2&#8217;095.-<\/strong>\n\t\t\t\t<a href=\"https:\/\/www.tecram.ch\/de\/home\/ergonomische-hebelifte\/manuelle-sackkarre\/aluminium-sackkarre-transportwagen-2-in-1-250kg-350kg-stockman-stc2\/\"  target=\"_self\" itemprop=\"url\">\n\t\t\t\t<img decoding=\"async\" src=\"https:\/\/www.tecram.ch\/wp-content\/uploads\/stockman-stc2.webp\" alt=\"stockman-stc2\" itemprop=\"image\" height=\"400\" width=\"400\" title=\"stockman-stc2\" onerror=\"this.style.display='none'\" loading=\"lazy\" \/>\n\t\t\t\t<\/a>\n\t<a href=\"https:\/\/www.tecram.ch\/de\/home\/ergonomische-hebelifte\/manuelle-sackkarre\/aluminium-sackkarre-transportwagen-2-in-1-250kg-350kg-stockman-stc2\/\">Aluminium Sackkarre\/Transportwagen 2 in 1- 250kg\/350kg &#8211; Stockman STC2<\/a><br \/>\n<strong>CHF 352.-<\/strong>\n\t\t\t\t<a href=\"https:\/\/www.tecram.ch\/de\/home\/hubwagen-deichselstapler-hebelifte\/wagehubwagen\/wiegehubwagen-wsp-2200-logitrans\/\"  target=\"_self\" itemprop=\"url\">\n\t\t\t\t<img decoding=\"async\" src=\"https:\/\/www.tecram.ch\/wp-content\/uploads\/transpalette-avec-systeme-de-pesee-wsp-2200-logitrans-01.jpg\" alt=\"Transpalette avec syst\u00e8me de pes\u00e9e, WSP 2200 - Logitrans\" itemprop=\"image\" height=\"600\" width=\"600\" title=\"transpalette-avec-systeme-de-pesee-wsp-2200-logitrans-01\" onerror=\"this.style.display='none'\" loading=\"lazy\" \/>\n\t\t\t\t<\/a>\n\t<a href=\"https:\/\/www.tecram.ch\/de\/home\/hubwagen-deichselstapler-hebelifte\/wagehubwagen\/wiegehubwagen-wsp-2200-logitrans\/\">Wiegehubwagen<br \/>\nWSP 2200 &#8211; Logitrans <\/a>\n<p><a href=\"https:\/\/www.tecram.ch\/de\/home\/hubwagen-deichselstapler-hebelifte\/wagehubwagen\/wiegehubwagen-wsp-2200-logitrans\/\"><strong>CHF 1&#8217;595.- <\/strong><\/a><\/p>\n\n","protected":false},"excerpt":{"rendered":"<p>Sonderbau Sonder- und Spezialkonstruktionen f\u00fcr Nutzfahrzeuge Sonder- und Spezialkonstruktionen f\u00fcr Schienenfahrzeuge Sonder- und Spezialkonstruktionen f\u00fcr die Industrie Sonder- und Spezialkonstruktionen f\u00fcr Tankanlagen Sonder- und Spezialkonstruktionen f\u00fcr die Luftfahrt Unsere aktuellen Aktionen Teletower Telescop Rollger\u00fcst CHF 1&#8217;600.- inkl. MwSt. Hebelift Hovmand GO CHF 2&#8217;095.- Aluminium Sackkarre\/Transportwagen 2 in 1- 250kg\/350kg &#8211; Stockman STC2 CHF 352.- Wiegehubwagen &#8230; <a title=\"Sonderbau\" class=\"read-more\" href=\"https:\/\/www.tecram.ch\/de\/home\/steigtechnik\/sonderbau\/\" aria-label=\"Read more about Sonderbau\">Read more<\/a><\/p>\n","protected":false},"author":1,"featured_media":10458,"parent":6831,"menu_order":15,"comment_status":"closed","ping_status":"closed","template":"","meta":{"footnotes":""},"class_list":["post-8675","page","type-page","status-publish","has-post-thumbnail"],"aioseo_notices":[],"_links":{"self":[{"href":"https:\/\/www.tecram.ch\/de\/wp-json\/wp\/v2\/pages\/8675","targetHints":{"allow":["GET"]}}],"collection":[{"href":"https:\/\/www.tecram.ch\/de\/wp-json\/wp\/v2\/pages"}],"about":[{"href":"https:\/\/www.tecram.ch\/de\/wp-json\/wp\/v2\/types\/page"}],"author":[{"embeddable":true,"href":"https:\/\/www.tecram.ch\/de\/wp-json\/wp\/v2\/users\/1"}],"replies":[{"embeddable":true,"href":"https:\/\/www.tecram.ch\/de\/wp-json\/wp\/v2\/comments?post=8675"}],"version-history":[{"count":1,"href":"https:\/\/www.tecram.ch\/de\/wp-json\/wp\/v2\/pages\/8675\/revisions"}],"predecessor-version":[{"id":47379,"href":"https:\/\/www.tecram.ch\/de\/wp-json\/wp\/v2\/pages\/8675\/revisions\/47379"}],"up":[{"embeddable":true,"href":"https:\/\/www.tecram.ch\/de\/wp-json\/wp\/v2\/pages\/6831"}],"wp:featuredmedia":[{"embeddable":true,"href":"https:\/\/www.tecram.ch\/de\/wp-json\/wp\/v2\/media\/10458"}],"wp:attachment":[{"href":"https:\/\/www.tecram.ch\/de\/wp-json\/wp\/v2\/media?parent=8675"}],"curies":[{"name":"wp","href":"https:\/\/api.w.org\/{rel}","templated":true}]}}