{"id":7221,"date":"2020-05-15T10:18:36","date_gmt":"2020-05-15T08:18:36","guid":{"rendered":"https:\/\/www.tecram.ch\/home\/steigtechnik\/pirl-escabeaux-a-plateformes\/"},"modified":"2026-01-07T16:03:36","modified_gmt":"2026-01-07T15:03:36","slug":"plattformleiter-klapppodest","status":"publish","type":"page","link":"https:\/\/www.tecram.ch\/de\/home\/steigtechnik\/plattformleiter-klapppodest\/","title":{"rendered":"Plattformleiter &#8211; Klapppodest"},"content":{"rendered":"\n\n\t<h1>Plattformleiter &#8211; Klapppodest<\/h1>\n\t\t\t\t<a href=\"https:\/\/www.tecram.ch\/de\/home\/steigtechnik\/plattformleiter-klapppodest\/arbeitsplattform-aus-aluminium-sherpascopic-teleskop-tubesca-comabi\/\"  target=\"_self\" itemprop=\"url\">\n\t\t\t\t<img decoding=\"async\" src=\"https:\/\/www.tecram.ch\/wp-content\/uploads\/plateforme-telescopique-sherpascopic-2.jpg\" alt=\"Plateforme t\u00e9lescopique en aluminium - SHERPASCOPIC de Tubesca-Comabi\" itemprop=\"image\" height=\"600\" width=\"600\" title=\"plateforme-telescopique-sherpascopic-2\" onerror=\"this.style.display='none'\" loading=\"lazy\" \/>\n\t\t\t\t<\/a>\n\t<h3><a href=\"https:\/\/www.tecram.ch\/de\/home\/steigtechnik\/plattformleiter-klapppodest\/arbeitsplattform-aus-aluminium-sherpascopic-teleskop-tubesca-comabi\/\">Arbeitsplattform aus Aluminium<br \/>\nSherpascopic Teleskop &#8211; Tubesca-Comabi<\/a><\/h3>\n\t\t\t\t<a href=\"https:\/\/www.tecram.ch\/de\/home\/steigtechnik\/plattformleiter-klapppodest\/trekker-tubesca-comabi-kompakte-arbeitsplattformen-in-mini-standard-und-maxi-ausfuehrung\/\"  target=\"_self\" itemprop=\"url\">\n\t\t\t\t<img decoding=\"async\" src=\"https:\/\/www.tecram.ch\/wp-content\/uploads\/trekker-mini-maxi.webp\" alt=\"Plateformes de travail Trekker de Tubesca Comabi\" itemprop=\"image\" height=\"400\" width=\"400\" title=\"trekker-mini-maxi\" onerror=\"this.style.display='none'\" loading=\"lazy\" \/>\n\t\t\t\t<\/a>\n\t<h3><a href=\"https:\/\/www.tecram.ch\/de\/home\/steigtechnik\/plattformleiter-klapppodest\/trekker-tubesca-comabi-kompakte-arbeitsplattformen-in-mini-standard-und-maxi-ausfuehrung\/\">Kompakte und klappbare Arbeitsplattform TREKKER &#8211; Tubesca-Comabi<\/a><\/h3>\n\t\t\t\t<a href=\"https:\/\/www.tecram.ch\/de\/home\/steigtechnik\/plattformleiter-klapppodest\/trittleiter-audinnov-pirl-tx\/\"  target=\"_self\" itemprop=\"url\">\n\t\t\t\t<img decoding=\"async\" src=\"https:\/\/www.tecram.ch\/wp-content\/uploads\/plateformes-de-securite-individuelle-pirl-tx-reglable-by-audinnov.jpg\" alt=\"Plateformes s\u00e9curit\u00e9 individuelle PIRL TX - r\u00e9glable Audinnov\" itemprop=\"image\" height=\"600\" width=\"600\" title=\"plateformes-de-securite-individuelle-pirl-tx-reglable-by-audinnov\" onerror=\"this.style.display='none'\" loading=\"lazy\" \/>\n\t\t\t\t<\/a>\n\t<h3><a href=\"https:\/\/www.tecram.ch\/de\/home\/steigtechnik\/plattformleiter-klapppodest\/trittleiter-audinnov-pirl-tx\/\">Trittleiter Audinnov PIRL TX<\/a><\/h3>\n\t\t\t\t<a href=\"https:\/\/www.tecram.ch\/de\/home\/steigtechnik\/plattformleiter-klapppodest\/faltbares-trittleiter-audinnov-pirl-rx\/\"  target=\"_self\" itemprop=\"url\">\n\t\t\t\t<img decoding=\"async\" src=\"https:\/\/www.tecram.ch\/wp-content\/uploads\/plateformes-de-securite-individuelle-pirl-rx-pliable-by-audinnov.jpg\" alt=\"Plateformes s\u00e9curit\u00e9 individuelle PIRL RX - pliable Audinnov\" itemprop=\"image\" height=\"600\" width=\"600\" title=\"plateformes-de-securite-individuelle-pirl-rx-pliable-by-audinnov\" onerror=\"this.style.display='none'\" loading=\"lazy\" \/>\n\t\t\t\t<\/a>\n\t<h3><a href=\"https:\/\/www.tecram.ch\/de\/home\/steigtechnik\/plattformleiter-klapppodest\/faltbares-trittleiter-audinnov-pirl-rx\/\">Faltbares Trittleiter Audinnov PIRL RX<\/a><\/h3>\n\t\t\t\t<a href=\"https:\/\/www.tecram.ch\/de\/home\/steigtechnik\/plattformleiter-klapppodest\/ultramobile-pirl-mobistep-xsl-by-audinnov\/\"  target=\"_self\" itemprop=\"url\">\n\t\t\t\t<img decoding=\"async\" src=\"https:\/\/www.tecram.ch\/wp-content\/uploads\/mobistep-xsl-01.jpg\" alt=\"Mobistep\u00ae XSL\" itemprop=\"image\" height=\"600\" width=\"600\" title=\"mobistep-xsl-01\" onerror=\"this.style.display='none'\" loading=\"lazy\" \/>\n\t\t\t\t<\/a>\n\t<h3><a href=\"https:\/\/www.tecram.ch\/de\/home\/steigtechnik\/plattformleiter-klapppodest\/ultramobile-pirl-mobistep-xsl-by-audinnov\/\">Ultramobile PIRL Mobistep\u00ae XSL Audinnov<\/a><\/h3>\n\t\t\t\t<a href=\"https:\/\/www.tecram.ch\/de\/home\/steigtechnik\/plattformleiter-klapppodest\/trittleiter-audinnov-pirl-lx\/\"  target=\"_self\" itemprop=\"url\">\n\t\t\t\t<img decoding=\"async\" src=\"https:\/\/www.tecram.ch\/wp-content\/uploads\/plateformes-de-securite-individuelle-pirl-lx-fixes-by-audinnov.jpg\" alt=\"Plateformes de s\u00e9curit\u00e9 individuelle PIRL LX - fixes by Audinnov\" itemprop=\"image\" height=\"600\" width=\"600\" title=\"plateformes-de-securite-individuelle-pirl-lx-fixes-by-audinnov\" onerror=\"this.style.display='none'\" loading=\"lazy\" \/>\n\t\t\t\t<\/a>\n\t<h3><a href=\"https:\/\/www.tecram.ch\/de\/home\/steigtechnik\/plattformleiter-klapppodest\/trittleiter-audinnov-pirl-lx\/\">Trittleiter Audinnov PIRL LX<\/a><\/h3>\n\t\t\t\t<a href=\"https:\/\/www.tecram.ch\/de\/home\/steigtechnik\/plattformleiter-klapppodest\/trittleiter-faraone-pl\/\"  target=\"_self\" itemprop=\"url\">\n\t\t\t\t<img decoding=\"async\" src=\"https:\/\/www.tecram.ch\/wp-content\/uploads\/plateformes-de-securite-individuelles-faraone-pirl-pl.jpg\" alt=\"Plateformes de s\u00e9curit\u00e9 individuelles Faraone PIRL PL\" itemprop=\"image\" height=\"600\" width=\"600\" title=\"plateformes-de-securite-individuelles-faraone-pirl-pl\" onerror=\"this.style.display='none'\" loading=\"lazy\" \/>\n\t\t\t\t<\/a>\n\t<h3><a href=\"https:\/\/www.tecram.ch\/de\/home\/steigtechnik\/plattformleiter-klapppodest\/trittleiter-faraone-pl\/\">Trittleiter Faraone PL<\/a><\/h3>\n\t\t\t\t<a href=\"https:\/\/www.tecram.ch\/de\/home\/steigtechnik\/plattformleiter-klapppodest\/alu-sicherheitsplattform-faraone-pl-s\/\"  target=\"_self\" itemprop=\"url\">\n\t\t\t\t<img decoding=\"async\" src=\"https:\/\/www.tecram.ch\/wp-content\/uploads\/plateformes-de-securite-faraone-pirl-pl-s.jpg\" alt=\"Plateformes de s\u00e9curit\u00e9 Faraone PIRL PL-S\" itemprop=\"image\" height=\"600\" width=\"600\" title=\"plateformes-de-securite-faraone-pirl-pl-s\" onerror=\"this.style.display='none'\" loading=\"lazy\" \/>\n\t\t\t\t<\/a>\n\t<h3><a href=\"https:\/\/www.tecram.ch\/de\/home\/steigtechnik\/plattformleiter-klapppodest\/alu-sicherheitsplattform-faraone-pl-s\/\">Alu Sicherheitsplattform Faraone PL-S<\/a><\/h3>\n\t\t\t\t<a href=\"https:\/\/www.tecram.ch\/de\/home\/steigtechnik\/plattformleiter-klapppodest\/professionelle-trittleiter-faraone-cm\/\"  target=\"_self\" itemprop=\"url\">\n\t\t\t\t<img decoding=\"async\" src=\"https:\/\/www.tecram.ch\/wp-content\/uploads\/escabeaux-professionnels-faraone-modele-cm.jpg\" alt=\"Escabeaux professionnels Faraone mod\u00e8le CM\" itemprop=\"image\" height=\"600\" width=\"600\" title=\"escabeaux-professionnels-faraone-modele-cm\" onerror=\"this.style.display='none'\" loading=\"lazy\" \/>\n\t\t\t\t<\/a>\n\t<h3><a href=\"https:\/\/www.tecram.ch\/de\/home\/steigtechnik\/plattformleiter-klapppodest\/professionelle-trittleiter-faraone-cm\/\">Professionelle Trittleiter Faraone CM<\/a><\/h3>\n\t\t\t\t<a href=\"https:\/\/www.tecram.ch\/de\/home\/steigtechnik\/plattformleiter-klapppodest\/audinnov-ergostep-cx\/\"  target=\"_self\" itemprop=\"url\">\n\t\t\t\t<img decoding=\"async\" src=\"https:\/\/www.tecram.ch\/wp-content\/uploads\/plateforme-audinnov-ergostep-modele-cx-1.jpg\" alt=\"Plateforme Audinnov Ergostep mod\u00e8le CX\" itemprop=\"image\" height=\"600\" width=\"600\" title=\"plateforme-audinnov-ergostep-modele-cx\" onerror=\"this.style.display='none'\" loading=\"lazy\" \/>\n\t\t\t\t<\/a>\n\t<h3><a href=\"https:\/\/www.tecram.ch\/de\/home\/steigtechnik\/plattformleiter-klapppodest\/audinnov-ergostep-cx\/\">Plateforme Audinnov Ergostep mod\u00e8le CX<\/a><\/h3>\n\t\t\t\t<a href=\"https:\/\/www.tecram.ch\/de\/home\/steigtechnik\/plattformleiter-klapppodest\/trittleiter-audinnov-pirl-fx\/\"  target=\"_self\" itemprop=\"url\">\n\t\t\t\t<img decoding=\"async\" src=\"https:\/\/www.tecram.ch\/wp-content\/uploads\/plateforme-de-securite-individuelle-pirl-fx-composite-by-audinnov.jpg\" alt=\"Plateforme s\u00e9curit\u00e9 individuelle PIRL FX composite Audinnov\" itemprop=\"image\" height=\"600\" width=\"600\" title=\"plateforme-de-securite-individuelle-pirl-fx-composite-by-audinnov\" onerror=\"this.style.display='none'\" loading=\"lazy\" \/>\n\t\t\t\t<\/a>\n\t<h3><a href=\"https:\/\/www.tecram.ch\/de\/home\/steigtechnik\/plattformleiter-klapppodest\/trittleiter-audinnov-pirl-fx\/\">Trittleiter Audinnov PIRL FX<\/a><\/h3>\n\t<h3>Unsere aktuellen Aktionen<\/h3>\n\t\t\t\t<a href=\"https:\/\/www.tecram.ch\/de\/home\/steigtechnik\/teletower-telescop-rollgeruest\/\"  target=\"_self\" itemprop=\"url\">\n\t\t\t\t<img decoding=\"async\" src=\"https:\/\/www.tecram.ch\/wp-content\/uploads\/teletower.jpg\" alt=\"teletower\" itemprop=\"image\" height=\"400\" width=\"400\" title=\"teletower\" onerror=\"this.style.display='none'\" loading=\"lazy\" \/>\n\t\t\t\t<\/a>\n\t<a href=\"https:\/\/www.tecram.ch\/de\/home\/steigtechnik\/teletower-telescop-rollgeruest\/\">Teletower<br \/>\nTelescop Rollger\u00fcst<\/a>\n<p><a href=\"https:\/\/www.tecram.ch\/de\/home\/steigtechnik\/teletower-telescop-rollgeruest\/\"><strong>CHF 1&#8217;600.- inkl. MwSt.<\/strong><\/a><\/p>\n\t\t\t\t<a href=\"https:\/\/www.tecram.ch\/de\/home\/ergonomische-hebelifte\/ergonomische-hebelifte-und-minilift\/hovmand\/hebelift-hovmand-go\/\"  target=\"_self\" itemprop=\"url\">\n\t\t\t\t<img decoding=\"async\" src=\"https:\/\/www.tecram.ch\/wp-content\/uploads\/chariot-de-manutention-mini-gerbeur-hovmand-go.jpg\" alt=\"Chariot de manutention - mini gerbeur HOVMAND GO\" itemprop=\"image\" height=\"600\" width=\"600\" title=\"chariot-de-manutention-mini-gerbeur-hovmand-go\" onerror=\"this.style.display='none'\" loading=\"lazy\" \/>\n\t\t\t\t<\/a>\n\t<a href=\"https:\/\/www.tecram.ch\/de\/home\/ergonomische-hebelifte\/ergonomische-hebelifte-und-minilift\/hovmand\/hebelift-hovmand-go\/\">Hebelift<br \/>\nHovmand GO<\/a><br \/>\n<strong>CHF 2&#8217;095.-<\/strong>\n\t\t\t\t<a href=\"https:\/\/www.tecram.ch\/de\/home\/ergonomische-hebelifte\/manuelle-sackkarre\/aluminium-sackkarre-transportwagen-2-in-1-250kg-350kg-stockman-stc2\/\"  target=\"_self\" itemprop=\"url\">\n\t\t\t\t<img decoding=\"async\" src=\"https:\/\/www.tecram.ch\/wp-content\/uploads\/stockman-stc2.webp\" alt=\"stockman-stc2\" itemprop=\"image\" height=\"400\" width=\"400\" title=\"stockman-stc2\" onerror=\"this.style.display='none'\" loading=\"lazy\" \/>\n\t\t\t\t<\/a>\n\t<a href=\"https:\/\/www.tecram.ch\/de\/home\/ergonomische-hebelifte\/manuelle-sackkarre\/aluminium-sackkarre-transportwagen-2-in-1-250kg-350kg-stockman-stc2\/\">Aluminium Sackkarre\/Transportwagen 2 in 1- 250kg\/350kg &#8211; Stockman STC2<\/a><br \/>\n<strong>CHF 352.-<\/strong>\n\t\t\t\t<a href=\"https:\/\/www.tecram.ch\/de\/home\/hubwagen-deichselstapler-hebelifte\/wagehubwagen\/wiegehubwagen-wsp-2200-logitrans\/\"  target=\"_self\" itemprop=\"url\">\n\t\t\t\t<img decoding=\"async\" src=\"https:\/\/www.tecram.ch\/wp-content\/uploads\/transpalette-avec-systeme-de-pesee-wsp-2200-logitrans-01.jpg\" alt=\"Transpalette avec syst\u00e8me de pes\u00e9e, WSP 2200 - Logitrans\" itemprop=\"image\" height=\"600\" width=\"600\" title=\"transpalette-avec-systeme-de-pesee-wsp-2200-logitrans-01\" onerror=\"this.style.display='none'\" loading=\"lazy\" \/>\n\t\t\t\t<\/a>\n\t<a href=\"https:\/\/www.tecram.ch\/de\/home\/hubwagen-deichselstapler-hebelifte\/wagehubwagen\/wiegehubwagen-wsp-2200-logitrans\/\">Wiegehubwagen<br \/>\nWSP 2200 &#8211; Logitrans <\/a>\n<p><a href=\"https:\/\/www.tecram.ch\/de\/home\/hubwagen-deichselstapler-hebelifte\/wagehubwagen\/wiegehubwagen-wsp-2200-logitrans\/\"><strong>CHF 1&#8217;595.- <\/strong><\/a><\/p>\n\n","protected":false},"excerpt":{"rendered":"<p>Plattformleiter &#8211; Klapppodest Arbeitsplattform aus Aluminium Sherpascopic Teleskop &#8211; Tubesca-Comabi Kompakte und klappbare Arbeitsplattform TREKKER &#8211; Tubesca-Comabi Trittleiter Audinnov PIRL TX Faltbares Trittleiter Audinnov PIRL RX Ultramobile PIRL Mobistep\u00ae XSL Audinnov Trittleiter Audinnov PIRL LX Trittleiter Faraone PL Alu Sicherheitsplattform Faraone PL-S Professionelle Trittleiter Faraone CM Plateforme Audinnov Ergostep mod\u00e8le CX Trittleiter Audinnov PIRL FX &#8230; <a title=\"Plattformleiter &#8211; Klapppodest\" class=\"read-more\" href=\"https:\/\/www.tecram.ch\/de\/home\/steigtechnik\/plattformleiter-klapppodest\/\" aria-label=\"Read more about Plattformleiter &#8211; Klapppodest\">Read more<\/a><\/p>\n","protected":false},"author":1,"featured_media":10329,"parent":6831,"menu_order":3,"comment_status":"closed","ping_status":"closed","template":"","meta":{"footnotes":""},"class_list":["post-7221","page","type-page","status-publish","has-post-thumbnail"],"aioseo_notices":[],"_links":{"self":[{"href":"https:\/\/www.tecram.ch\/de\/wp-json\/wp\/v2\/pages\/7221","targetHints":{"allow":["GET"]}}],"collection":[{"href":"https:\/\/www.tecram.ch\/de\/wp-json\/wp\/v2\/pages"}],"about":[{"href":"https:\/\/www.tecram.ch\/de\/wp-json\/wp\/v2\/types\/page"}],"author":[{"embeddable":true,"href":"https:\/\/www.tecram.ch\/de\/wp-json\/wp\/v2\/users\/1"}],"replies":[{"embeddable":true,"href":"https:\/\/www.tecram.ch\/de\/wp-json\/wp\/v2\/comments?post=7221"}],"version-history":[{"count":3,"href":"https:\/\/www.tecram.ch\/de\/wp-json\/wp\/v2\/pages\/7221\/revisions"}],"predecessor-version":[{"id":47706,"href":"https:\/\/www.tecram.ch\/de\/wp-json\/wp\/v2\/pages\/7221\/revisions\/47706"}],"up":[{"embeddable":true,"href":"https:\/\/www.tecram.ch\/de\/wp-json\/wp\/v2\/pages\/6831"}],"wp:featuredmedia":[{"embeddable":true,"href":"https:\/\/www.tecram.ch\/de\/wp-json\/wp\/v2\/media\/10329"}],"wp:attachment":[{"href":"https:\/\/www.tecram.ch\/de\/wp-json\/wp\/v2\/media?parent=7221"}],"curies":[{"name":"wp","href":"https:\/\/api.w.org\/{rel}","templated":true}]}}