{"id":6508,"date":"2020-05-08T10:16:31","date_gmt":"2020-05-08T08:16:31","guid":{"rendered":"https:\/\/www.tecram.ch\/home\/hubwagen-deichselstapler-hebelifte\/transpalettes-electriques\/"},"modified":"2026-04-16T08:19:08","modified_gmt":"2026-04-16T06:19:08","slug":"elektrohubwagen","status":"publish","type":"page","link":"https:\/\/www.tecram.ch\/de\/home\/hubwagen-deichselstapler-hebelifte\/elektrohubwagen\/","title":{"rendered":"Elektrohubwagen"},"content":{"rendered":"\n\n\t<h1>Elektrohubwagen<\/h1>\n\t\t\t\t<a href=\"https:\/\/www.tecram.ch\/de\/home\/hubwagen-deichselstapler-hebelifte\/elektrohubwagen\/elektro-gabelhubwagen-ac-technologie-1800-kg-logitrans-panther-maxi\/\"  target=\"_self\" itemprop=\"url\">\n\t\t\t\t<img decoding=\"async\" src=\"https:\/\/www.tecram.ch\/wp-content\/uploads\/panther-maxi.webp\" alt=\"panther-maxi\" itemprop=\"image\" height=\"400\" width=\"400\" title=\"panther-maxi\" onerror=\"this.style.display='none'\" loading=\"lazy\" \/>\n\t\t\t\t<\/a>\n\t<h3><a href=\"https:\/\/www.tecram.ch\/de\/home\/hubwagen-deichselstapler-hebelifte\/elektrohubwagen\/elektro-gabelhubwagen-ac-technologie-1800-kg-logitrans-panther-maxi\/\">Elektro-Gabelhubwagen AC Technologie &#8211; 1800 Kg &#8211; LOGITRANS &#8211; PANTHER MAXI<\/a><\/h3>\n\t\t\t\t<a href=\"https:\/\/www.tecram.ch\/de\/home\/hubwagen-deichselstapler-hebelifte\/wagehubwagen\/elektrohubwagen-lithium-mit-waage-1500\/\"  target=\"_self\" itemprop=\"url\">\n\t\t\t\t<img decoding=\"async\" src=\"https:\/\/www.tecram.ch\/wp-content\/uploads\/stockman-pte15n.webp\" alt=\"stockman-pte15n\" itemprop=\"image\" height=\"400\" width=\"400\" title=\"stockman-pte15n\" onerror=\"this.style.display='none'\" loading=\"lazy\" \/>\n\t\t\t\t<\/a>\n\t<h3><a href=\"https:\/\/www.tecram.ch\/de\/home\/hubwagen-deichselstapler-hebelifte\/wagehubwagen\/elektrohubwagen-lithium-mit-waage-1500\/\">Elektrohubwager Lithium mit Waage &#8211; 1500 kg &#8211; Stockman<br \/>\nPTE15N SC EDGE<\/a><\/h3>\n\t\t\t\t<a href=\"https:\/\/www.tecram.ch\/de\/home\/hubwagen-deichselstapler-hebelifte\/elektrohubwagen\/elektrohubwager-stockman-edge-pte15-n-pte20n\/\"  target=\"_self\" itemprop=\"url\">\n\t\t\t\t<img decoding=\"async\" src=\"https:\/\/www.tecram.ch\/wp-content\/uploads\/transpalette-electrique-stockman-edge-pte15-n-pte20n.jpg\" alt=\"Transpalette \u00e9lectrique Stockman Edge PTE15 N - PTE20N\" itemprop=\"image\" height=\"600\" width=\"600\" title=\"transpalette-electrique-stockman-edge-pte15-n-pte20n\" onerror=\"this.style.display='none'\" loading=\"lazy\" \/>\n\t\t\t\t<\/a>\n\t<h3><a href=\"https:\/\/www.tecram.ch\/de\/home\/hubwagen-deichselstapler-hebelifte\/elektrohubwagen\/elektrohubwager-stockman-edge-pte15-n-pte20n\/\">Elektrohubwager<br \/>\nStockman Edge PTE15 N &#8211; PTE20N<\/a><\/h3>\n\t\t\t\t<a href=\"https:\/\/www.tecram.ch\/de\/home\/hubwagen-deichselstapler-hebelifte\/elektrohubwagen\/elektrischer-hubwagen-lithium-atom-1500-kg-stockman-pte15q2-b\/\"  target=\"_self\" itemprop=\"url\">\n\t\t\t\t<img decoding=\"async\" src=\"https:\/\/www.tecram.ch\/wp-content\/uploads\/transpalette-electrique-lithium-atom-1500-kg-stockman-pte15q.jpg\" alt=\"Transpalette \u00e9lectrique lithium ATOM 1500 kg Stockman - PTE15Q2-B\" itemprop=\"image\" height=\"600\" width=\"600\" title=\"transpalette-electrique-lithium-atom-1500-kg-stockman-pte15q\" onerror=\"this.style.display='none'\" loading=\"lazy\" \/>\n\t\t\t\t<\/a>\n\t<h3><a href=\"https:\/\/www.tecram.ch\/de\/home\/hubwagen-deichselstapler-hebelifte\/elektrohubwagen\/elektrischer-hubwagen-lithium-atom-1500-kg-stockman-pte15q2-b\/\">Elektrischer Hubwagen lithium ATOM 1500 kg<br \/>\nStockman &#8211; PTE15Q2-B<\/a><\/h3>\n\t\t\t\t<a href=\"https:\/\/www.tecram.ch\/de\/home\/hubwagen-deichselstapler-hebelifte\/elektrohubwagen\/15-tonnen-elektrohubwagen-mit-lithium-batterie-fuer-intensive-nutzung-stockman-pte15npro\/\"  target=\"_self\" itemprop=\"url\">\n\t\t\t\t<img decoding=\"async\" src=\"https:\/\/www.tecram.ch\/wp-content\/uploads\/transpalette-electrique-15-tonne-usage-intensif-et-batterie-lithium-sockman-pte15npro-1.jpg\" alt=\"Transpalette \u00e9lectrique 1,5 tonne usage intensif et batterie lithium Sockman - PTE15NPRO\" itemprop=\"image\" height=\"600\" width=\"600\" title=\"transpalette-electrique-15-tonne-usage-intensif-et-batterie-lithium-sockman-pte15npro-1\" onerror=\"this.style.display='none'\" loading=\"lazy\" \/>\n\t\t\t\t<\/a>\n\t<h3><a href=\"https:\/\/www.tecram.ch\/de\/home\/hubwagen-deichselstapler-hebelifte\/elektrohubwagen\/15-tonnen-elektrohubwagen-mit-lithium-batterie-fuer-intensive-nutzung-stockman-pte15npro\/\">1,5-Tonnen-Elektrohubwagen mit Lithium-Batterie f\u00fcr intensive Nutzung<br \/>\nStockman &#8211; PTE15NPRO<\/a><\/h3>\n\t\t\t\t<a href=\"https:\/\/www.tecram.ch\/de\/home\/hubwagen-deichselstapler-hebelifte\/elektrohubwagen\/elektrohubwagen-pramac-lifter-agile\/\"  target=\"_self\" itemprop=\"url\">\n\t\t\t\t<img decoding=\"async\" src=\"https:\/\/www.tecram.ch\/wp-content\/uploads\/transpalette-electrique-pramac-lifter-agile.jpg\" alt=\"Transpalette \u00e9lectrique Pramac Lifter Agile\" itemprop=\"image\" height=\"600\" width=\"600\" title=\"transpalette-electrique-pramac-lifter-agile\" onerror=\"this.style.display='none'\" loading=\"lazy\" \/>\n\t\t\t\t<\/a>\n\t<h3><a href=\"https:\/\/www.tecram.ch\/de\/home\/hubwagen-deichselstapler-hebelifte\/elektrohubwagen\/elektrohubwagen-pramac-lifter-agile\/\">Elektrohubwager<br \/>\nPramac Lifter Agile<\/a><\/h3>\n\t\t\t\t<a href=\"https:\/\/www.tecram.ch\/de\/home\/hubwagen-deichselstapler-hebelifte\/elektrohubwagen\/elektrohubwager-pramac-lifter-cx-12\/\"  target=\"_self\" itemprop=\"url\">\n\t\t\t\t<img decoding=\"async\" src=\"https:\/\/www.tecram.ch\/wp-content\/uploads\/transpalette-electrique-pramac-lifter-cx-12.jpg\" alt=\"Transpalette \u00e9lectrique Pramac Lifter CX 12\" itemprop=\"image\" height=\"600\" width=\"600\" title=\"transpalette-electrique-pramac-lifter-cx-12\" onerror=\"this.style.display='none'\" loading=\"lazy\" \/>\n\t\t\t\t<\/a>\n\t<h3><a href=\"https:\/\/www.tecram.ch\/de\/home\/hubwagen-deichselstapler-hebelifte\/elektrohubwagen\/elektrohubwager-pramac-lifter-cx-12\/\">Elektrohubwager<br \/>\nPramac Lifter CX 12<\/a><\/h3>\n\t\t\t\t<a href=\"https:\/\/www.tecram.ch\/de\/home\/hubwagen-deichselstapler-hebelifte\/elektrohubwagen\/elektrohubwager-pramac-lifter-cx-14\/\"  target=\"_self\" itemprop=\"url\">\n\t\t\t\t<img decoding=\"async\" src=\"https:\/\/www.tecram.ch\/wp-content\/uploads\/transpalette-electrique-pramac-lifter-cx-14.jpg\" alt=\"Transpalette \u00e9lectrique Pramac Lifter CX 14\" itemprop=\"image\" height=\"600\" width=\"600\" title=\"transpalette-electrique-pramac-lifter-cx-14\" onerror=\"this.style.display='none'\" loading=\"lazy\" \/>\n\t\t\t\t<\/a>\n\t<h3><a href=\"https:\/\/www.tecram.ch\/de\/home\/hubwagen-deichselstapler-hebelifte\/elektrohubwagen\/elektrohubwager-pramac-lifter-cx-14\/\">Elektrohubwager<br \/>\nPramac Lifter CX 14<\/a><\/h3>\n\t\t\t\t<a href=\"https:\/\/www.tecram.ch\/de\/home\/hubwagen-deichselstapler-hebelifte\/scherenhubwagen\/scherenhubwagen-alles-elektrisch-pramac-hx-agile-evo\/\"  target=\"_self\" itemprop=\"url\">\n\t\t\t\t<img decoding=\"async\" src=\"https:\/\/www.tecram.ch\/wp-content\/uploads\/HX-Agile-EVO_FR_Vignette.jpg\" alt=\"HX Agile EVO_FR_Vignette\" itemprop=\"image\" height=\"600\" width=\"600\" title=\"HX Agile EVO_FR_Vignette\" onerror=\"this.style.display='none'\" loading=\"lazy\" \/>\n\t\t\t\t<\/a>\n\t<h3><a href=\"https:\/\/www.tecram.ch\/de\/home\/hubwagen-deichselstapler-hebelifte\/scherenhubwagen\/scherenhubwagen-alles-elektrisch-pramac-hx-agile-evo\/\">Scherenhubwagen &#8211; Alles Elektrisch Pramac HX Agile Evo<\/a><\/h3>\n\n\t\t\t\t<a href=\"https:\/\/www.tecram.ch\/de\/home\/hubwagen-deichselstapler-hebelifte\/scherenhubwagen\/scherenhubwagen-pramac-lifter-hx-e\/\"  target=\"_self\" itemprop=\"url\">\n\t\t\t\t<img decoding=\"async\" src=\"https:\/\/www.tecram.ch\/wp-content\/uploads\/pramac-lifter-hx-e.jpg\" alt=\"Transpalettes \u00e0 ciseaux, haute lev\u00e9e, \u00e9lectrique PRAMAC LIFTER HX E\" itemprop=\"image\" height=\"600\" width=\"600\" title=\"pramac-lifter-hx-e\" onerror=\"this.style.display='none'\" loading=\"lazy\" \/>\n\t\t\t\t<\/a>\n\t<h3><a href=\"https:\/\/www.tecram.ch\/de\/home\/hubwagen-deichselstapler-hebelifte\/scherenhubwagen\/scherenhubwagen-pramac-lifter-hx-e\/\">Scherenhubwagen Pramac Lifter HX E<\/a><\/h3>\n\t\t\t\t<a href=\"https:\/\/www.tecram.ch\/de\/home\/hubwagen-deichselstapler-hebelifte\/scherenhubwagen\/elektrischer-scherenhubwagen-ehl-logitrans\/\"  target=\"_self\" itemprop=\"url\">\n\t\t\t\t<img decoding=\"async\" src=\"https:\/\/www.tecram.ch\/wp-content\/uploads\/ehl_11.jpg\" alt=\"ehl_11\" itemprop=\"image\" height=\"600\" width=\"600\" title=\"ehl_11\" onerror=\"this.style.display='none'\" loading=\"lazy\" \/>\n\t\t\t\t<\/a>\n\t<h3><a href=\"https:\/\/www.tecram.ch\/de\/home\/hubwagen-deichselstapler-hebelifte\/scherenhubwagen\/elektrischer-scherenhubwagen-ehl-logitrans\/\">Elektrischer Scherenhubwagen (EHL)<br \/>\nLOGITRANS<\/a><\/h3>\n\t<h3>Unsere aktuellen Aktionen<\/h3>\n\t\t\t\t<a href=\"https:\/\/www.tecram.ch\/de\/home\/steigtechnik\/teletower-telescop-rollgeruest\/\"  target=\"_self\" itemprop=\"url\">\n\t\t\t\t<img decoding=\"async\" src=\"https:\/\/www.tecram.ch\/wp-content\/uploads\/teletower.jpg\" alt=\"teletower\" itemprop=\"image\" height=\"400\" width=\"400\" title=\"teletower\" onerror=\"this.style.display='none'\" loading=\"lazy\" \/>\n\t\t\t\t<\/a>\n\t<a href=\"https:\/\/www.tecram.ch\/de\/home\/steigtechnik\/teletower-telescop-rollgeruest\/\">Teletower<br \/>\nTelescop Rollger\u00fcst<\/a>\n<p><a href=\"https:\/\/www.tecram.ch\/de\/home\/steigtechnik\/teletower-telescop-rollgeruest\/\"><strong>CHF 1&#8217;600.- inkl. MwSt.<\/strong><\/a><\/p>\n\t\t\t\t<a href=\"https:\/\/www.tecram.ch\/de\/home\/ergonomische-hebelifte\/ergonomische-hebelifte-und-minilift\/hovmand\/hebelift-hovmand-go\/\"  target=\"_self\" itemprop=\"url\">\n\t\t\t\t<img decoding=\"async\" src=\"https:\/\/www.tecram.ch\/wp-content\/uploads\/chariot-de-manutention-mini-gerbeur-hovmand-go.jpg\" alt=\"Chariot de manutention - mini gerbeur HOVMAND GO\" itemprop=\"image\" height=\"600\" width=\"600\" title=\"chariot-de-manutention-mini-gerbeur-hovmand-go\" onerror=\"this.style.display='none'\" loading=\"lazy\" \/>\n\t\t\t\t<\/a>\n\t<a href=\"https:\/\/www.tecram.ch\/de\/home\/ergonomische-hebelifte\/ergonomische-hebelifte-und-minilift\/hovmand\/hebelift-hovmand-go\/\">Hebelift<br \/>\nHovmand GO<\/a><br \/>\n<strong>CHF 2&#8217;095.-<\/strong>\n\t\t\t\t<a href=\"https:\/\/www.tecram.ch\/de\/home\/ergonomische-hebelifte\/manuelle-sackkarre\/aluminium-sackkarre-transportwagen-2-in-1-250kg-350kg-stockman-stc2\/\"  target=\"_self\" itemprop=\"url\">\n\t\t\t\t<img decoding=\"async\" src=\"https:\/\/www.tecram.ch\/wp-content\/uploads\/stockman-stc2.webp\" alt=\"stockman-stc2\" itemprop=\"image\" height=\"400\" width=\"400\" title=\"stockman-stc2\" onerror=\"this.style.display='none'\" loading=\"lazy\" \/>\n\t\t\t\t<\/a>\n\t<a href=\"https:\/\/www.tecram.ch\/de\/home\/ergonomische-hebelifte\/manuelle-sackkarre\/aluminium-sackkarre-transportwagen-2-in-1-250kg-350kg-stockman-stc2\/\">Aluminium Sackkarre\/Transportwagen 2 in 1- 250kg\/350kg &#8211; Stockman STC2<\/a><br \/>\n<strong>CHF 352.-<\/strong>\n\t\t\t\t<a href=\"https:\/\/www.tecram.ch\/de\/home\/treppensteiger\/treppensteiger-antifailover-420-kg-xsto-ct420s\/\"  target=\"_self\" itemprop=\"url\">\n\t\t\t\t<img decoding=\"async\" src=\"https:\/\/www.tecram.ch\/wp-content\/uploads\/XSTO-CT420S-1.jpg\" alt=\"XSTO-CT420S-1\" itemprop=\"image\" height=\"600\" width=\"600\" title=\"XSTO-CT420S-1\" onerror=\"this.style.display='none'\" loading=\"lazy\" \/>\n\t\t\t\t<\/a>\n\t<a href=\"https:\/\/www.tecram.ch\/de\/home\/treppensteiger\/treppensteiger-antifailover-420-kg-xsto-ct420s\/\">Treppensteiger<br \/>\nXSTO CT420S<\/a>\n<p><a href=\"https:\/\/www.tecram.ch\/de\/home\/treppensteiger\/treppensteiger-antifailover-420-kg-xsto-ct420s\/\"><strong>CHF 7&#8217;900.- <\/strong><\/a><\/p>\n\n","protected":false},"excerpt":{"rendered":"<p>Elektrohubwagen Elektro-Gabelhubwagen AC Technologie &#8211; 1800 Kg &#8211; LOGITRANS &#8211; PANTHER MAXI Elektrohubwager Lithium mit Waage &#8211; 1500 kg &#8211; Stockman PTE15N SC EDGE Elektrohubwager Stockman Edge PTE15 N &#8211; PTE20N Elektrischer Hubwagen lithium ATOM 1500 kg Stockman &#8211; PTE15Q2-B 1,5-Tonnen-Elektrohubwagen mit Lithium-Batterie f\u00fcr intensive Nutzung Stockman &#8211; PTE15NPRO Elektrohubwager Pramac Lifter Agile Elektrohubwager Pramac &#8230; <a title=\"Elektrohubwagen\" class=\"read-more\" href=\"https:\/\/www.tecram.ch\/de\/home\/hubwagen-deichselstapler-hebelifte\/elektrohubwagen\/\" aria-label=\"Read more about Elektrohubwagen\">Read more<\/a><\/p>\n","protected":false},"author":1,"featured_media":32659,"parent":5884,"menu_order":4,"comment_status":"closed","ping_status":"closed","template":"","meta":{"footnotes":""},"class_list":["post-6508","page","type-page","status-publish","has-post-thumbnail"],"aioseo_notices":[],"_links":{"self":[{"href":"https:\/\/www.tecram.ch\/de\/wp-json\/wp\/v2\/pages\/6508","targetHints":{"allow":["GET"]}}],"collection":[{"href":"https:\/\/www.tecram.ch\/de\/wp-json\/wp\/v2\/pages"}],"about":[{"href":"https:\/\/www.tecram.ch\/de\/wp-json\/wp\/v2\/types\/page"}],"author":[{"embeddable":true,"href":"https:\/\/www.tecram.ch\/de\/wp-json\/wp\/v2\/users\/1"}],"replies":[{"embeddable":true,"href":"https:\/\/www.tecram.ch\/de\/wp-json\/wp\/v2\/comments?post=6508"}],"version-history":[{"count":4,"href":"https:\/\/www.tecram.ch\/de\/wp-json\/wp\/v2\/pages\/6508\/revisions"}],"predecessor-version":[{"id":49172,"href":"https:\/\/www.tecram.ch\/de\/wp-json\/wp\/v2\/pages\/6508\/revisions\/49172"}],"up":[{"embeddable":true,"href":"https:\/\/www.tecram.ch\/de\/wp-json\/wp\/v2\/pages\/5884"}],"wp:featuredmedia":[{"embeddable":true,"href":"https:\/\/www.tecram.ch\/de\/wp-json\/wp\/v2\/media\/32659"}],"wp:attachment":[{"href":"https:\/\/www.tecram.ch\/de\/wp-json\/wp\/v2\/media?parent=6508"}],"curies":[{"name":"wp","href":"https:\/\/api.w.org\/{rel}","templated":true}]}}