{"id":32030,"date":"2023-08-24T14:22:54","date_gmt":"2023-08-24T12:22:54","guid":{"rendered":"https:\/\/www.tecram.ch\/home\/leichte-und-kompakte-arbeitsbuehnen\/selbstfahrende-hebebuehnen\/elevah\/serie-elevah-6-move\/"},"modified":"2026-04-15T15:48:00","modified_gmt":"2026-04-15T13:48:00","slug":"serie-elevah-6-move","status":"publish","type":"page","link":"https:\/\/www.tecram.ch\/de\/home\/leichte-und-kompakte-arbeitsbuehnen\/selbstfahrende-hebebuehnen\/elevah\/serie-elevah-6-move\/","title":{"rendered":"Serie Elevah 6 Move"},"content":{"rendered":"\r\n\r\n\t<h1>Serie Elevah 6 Move<\/h1>\r\n\t\t\t\t<a href=\"https:\/\/www.tecram.ch\/de\/home\/leichte-und-kompakte-arbeitsbuehnen\/selbstfahrende-hebebuehnen\/elevah\/serie-elevah-6-move\/mini-arbeitsbuehne-elevah-6-move\/\"  target=\"_self\" itemprop=\"url\">\r\n\t\t\t\t<img decoding=\"async\" src=\"https:\/\/www.tecram.ch\/wp-content\/uploads\/E6M_V.jpg\" alt=\"E6M_V\" itemprop=\"image\" height=\"600\" width=\"600\" title=\"E6M_V\" onerror=\"this.style.display='none'\" loading=\"lazy\" \/>\r\n\t\t\t\t<\/a>\r\n\t<h3><a href=\"https:\/\/www.tecram.ch\/de\/home\/leichte-und-kompakte-arbeitsbuehnen\/selbstfahrende-hebebuehnen\/elevah\/serie-elevah-6-move\/mini-arbeitsbuehne-elevah-6-move\/\">Elevah 6 Move &#8211; Mini-Arbeitsb\u00fchne<\/a><\/h3>\r\n\t\t\t\t<a href=\"https:\/\/www.tecram.ch\/de\/home\/leichte-und-kompakte-arbeitsbuehnen\/selbstfahrende-hebebuehnen\/elevah\/serie-elevah-6-move\/elevah-e6-es-move-hubarbeitsbuehne-mit-ausziehbarem-korb-fuer-ueberrage\/\"  target=\"_self\" itemprop=\"url\">\r\n\t\t\t\t<img decoding=\"async\" src=\"https:\/\/www.tecram.ch\/wp-content\/uploads\/elevah-e6-es-move-01-1.jpg\" alt=\"ELEVAH E6 ES Move\" itemprop=\"image\" height=\"600\" width=\"600\" title=\"ELEVAH E6 ES Move\" onerror=\"this.style.display='none'\" loading=\"lazy\" \/>\r\n\t\t\t\t<\/a>\r\n\t<h3><a href=\"https:\/\/www.tecram.ch\/de\/home\/leichte-und-kompakte-arbeitsbuehnen\/selbstfahrende-hebebuehnen\/elevah\/serie-elevah-6-move\/elevah-e6-es-move-hubarbeitsbuehne-mit-ausziehbarem-korb-fuer-ueberrage\/\">Elevah 6 ES Move &#8211; Hubarbeitsb\u00fchne mit ausziehbarem Korb f\u00fcr \u00fcberrage<\/a><\/h3>\r\n\t<h3>Unsere aktuellen Aktionen<\/h3>\r\n\t\t\t\t<a href=\"https:\/\/www.tecram.ch\/de\/home\/steigtechnik\/teletower-telescop-rollgeruest\/\"  target=\"_self\" itemprop=\"url\">\r\n\t\t\t\t<img decoding=\"async\" src=\"https:\/\/www.tecram.ch\/wp-content\/uploads\/teletower.jpg\" alt=\"teletower\" itemprop=\"image\" height=\"400\" width=\"400\" title=\"teletower\" onerror=\"this.style.display='none'\" loading=\"lazy\" \/>\r\n\t\t\t\t<\/a>\r\n\t<a href=\"https:\/\/www.tecram.ch\/de\/home\/steigtechnik\/teletower-telescop-rollgeruest\/\">Teletower<br \/>\r\nTelescop Rollger\u00fcst<\/a>\r\n<p><a href=\"https:\/\/www.tecram.ch\/de\/home\/steigtechnik\/teletower-telescop-rollgeruest\/\"><strong>CHF 1&#8217;600.- inkl. MwSt.<\/strong><\/a><\/p>\r\n\t\t\t\t<a href=\"https:\/\/www.tecram.ch\/de\/home\/ergonomische-hebelifte\/ergonomische-hebelifte-und-minilift\/hovmand\/hebelift-hovmand-go\/\"  target=\"_self\" itemprop=\"url\">\r\n\t\t\t\t<img decoding=\"async\" src=\"https:\/\/www.tecram.ch\/wp-content\/uploads\/chariot-de-manutention-mini-gerbeur-hovmand-go.jpg\" alt=\"Chariot de manutention - mini gerbeur HOVMAND GO\" itemprop=\"image\" height=\"600\" width=\"600\" title=\"chariot-de-manutention-mini-gerbeur-hovmand-go\" onerror=\"this.style.display='none'\" loading=\"lazy\" \/>\r\n\t\t\t\t<\/a>\r\n\t<a href=\"https:\/\/www.tecram.ch\/de\/home\/ergonomische-hebelifte\/ergonomische-hebelifte-und-minilift\/hovmand\/hebelift-hovmand-go\/\">Hebelift<br \/>\r\nHovmand GO<\/a><br \/>\r\n<strong>CHF 2&#8217;095.-<\/strong>\r\n\t\t\t\t<a href=\"https:\/\/www.tecram.ch\/de\/home\/ergonomische-hebelifte\/manuelle-sackkarre\/aluminium-sackkarre-transportwagen-2-in-1-250kg-350kg-stockman-stc2\/\"  target=\"_self\" itemprop=\"url\">\r\n\t\t\t\t<img decoding=\"async\" src=\"https:\/\/www.tecram.ch\/wp-content\/uploads\/stockman-stc2.webp\" alt=\"stockman-stc2\" itemprop=\"image\" height=\"400\" width=\"400\" title=\"stockman-stc2\" onerror=\"this.style.display='none'\" loading=\"lazy\" \/>\r\n\t\t\t\t<\/a>\r\n\t<a href=\"https:\/\/www.tecram.ch\/de\/home\/ergonomische-hebelifte\/manuelle-sackkarre\/aluminium-sackkarre-transportwagen-2-in-1-250kg-350kg-stockman-stc2\/\">Aluminium Sackkarre\/Transportwagen 2 in 1- 250kg\/350kg &#8211; Stockman STC2<\/a><br \/>\r\n<strong>CHF 352.-<\/strong>\r\n\t\t\t\t<a href=\"https:\/\/www.tecram.ch\/de\/home\/treppensteiger\/treppensteiger-antifailover-420-kg-xsto-ct420s\/\"  target=\"_self\" itemprop=\"url\">\r\n\t\t\t\t<img decoding=\"async\" src=\"https:\/\/www.tecram.ch\/wp-content\/uploads\/XSTO-CT420S-1.jpg\" alt=\"XSTO-CT420S-1\" itemprop=\"image\" height=\"600\" width=\"600\" title=\"XSTO-CT420S-1\" onerror=\"this.style.display='none'\" loading=\"lazy\" \/>\r\n\t\t\t\t<\/a>\r\n\t<a href=\"https:\/\/www.tecram.ch\/de\/home\/treppensteiger\/treppensteiger-antifailover-420-kg-xsto-ct420s\/\">Treppensteiger<br \/>\r\nXSTO CT420S<\/a>\r\n<p><a href=\"https:\/\/www.tecram.ch\/de\/home\/treppensteiger\/treppensteiger-antifailover-420-kg-xsto-ct420s\/\"><strong>CHF 7&#8217;900.- <\/strong><\/a><\/p>\r\n\r\n","protected":false},"excerpt":{"rendered":"<p>Serie Elevah 6 Move Elevah 6 Move &#8211; Mini-Arbeitsb\u00fchne Elevah 6 ES Move &#8211; Hubarbeitsb\u00fchne mit ausziehbarem Korb f\u00fcr \u00fcberrage Unsere aktuellen Aktionen Teletower Telescop Rollger\u00fcst CHF 1&#8217;600.- inkl. MwSt. Hebelift Hovmand GO CHF 2&#8217;095.- Aluminium Sackkarre\/Transportwagen 2 in 1- 250kg\/350kg &#8211; Stockman STC2 CHF 352.- Treppensteiger XSTO CT420S CHF 7&#8217;900.-<\/p>\n","protected":false},"author":1,"featured_media":30126,"parent":1358,"menu_order":3,"comment_status":"closed","ping_status":"closed","template":"","meta":{"footnotes":""},"class_list":["post-32030","page","type-page","status-publish","has-post-thumbnail"],"aioseo_notices":[],"_links":{"self":[{"href":"https:\/\/www.tecram.ch\/de\/wp-json\/wp\/v2\/pages\/32030","targetHints":{"allow":["GET"]}}],"collection":[{"href":"https:\/\/www.tecram.ch\/de\/wp-json\/wp\/v2\/pages"}],"about":[{"href":"https:\/\/www.tecram.ch\/de\/wp-json\/wp\/v2\/types\/page"}],"author":[{"embeddable":true,"href":"https:\/\/www.tecram.ch\/de\/wp-json\/wp\/v2\/users\/1"}],"replies":[{"embeddable":true,"href":"https:\/\/www.tecram.ch\/de\/wp-json\/wp\/v2\/comments?post=32030"}],"version-history":[{"count":2,"href":"https:\/\/www.tecram.ch\/de\/wp-json\/wp\/v2\/pages\/32030\/revisions"}],"predecessor-version":[{"id":49129,"href":"https:\/\/www.tecram.ch\/de\/wp-json\/wp\/v2\/pages\/32030\/revisions\/49129"}],"up":[{"embeddable":true,"href":"https:\/\/www.tecram.ch\/de\/wp-json\/wp\/v2\/pages\/1358"}],"wp:featuredmedia":[{"embeddable":true,"href":"https:\/\/www.tecram.ch\/de\/wp-json\/wp\/v2\/media\/30126"}],"wp:attachment":[{"href":"https:\/\/www.tecram.ch\/de\/wp-json\/wp\/v2\/media?parent=32030"}],"curies":[{"name":"wp","href":"https:\/\/api.w.org\/{rel}","templated":true}]}}