{"id":320,"date":"2019-11-20T11:03:00","date_gmt":"2019-11-20T10:03:00","guid":{"rendered":"https:\/\/www.tecram.ch\/?page_id=320"},"modified":"2026-04-10T11:38:29","modified_gmt":"2026-04-10T09:38:29","slug":"home","status":"publish","type":"page","link":"https:\/\/www.tecram.ch\/de\/home\/","title":{"rendered":"Home"},"content":{"rendered":"\n\n\t<h1>Willkommen bei Tecram<\/h1>\n<h2>Ihr Spezialist im Bereich Steigtechnik und F\u00f6rdertechnik<\/h2>\n\t\t\t\t<a href=\"https:\/\/www.tecram.ch\/de\/home\/leichte-und-kompakte-arbeitsbuehnen\/\"  target=\"_self\" itemprop=\"url\">\n\t\t\t\t<img decoding=\"async\" src=\"https:\/\/www.tecram.ch\/wp-content\/uploads\/sommaire-nacelles-compactes-legeres-1.jpg\" alt=\"Nacelles compactes et l\u00e9g\u00e8res\" itemprop=\"image\" height=\"600\" width=\"600\" title=\"sommaire-nacelles-compactes-legeres\" onerror=\"this.style.display='none'\" loading=\"lazy\" \/>\n\t\t\t\t<\/a>\n\t<h3><strong><a href=\"https:\/\/www.tecram.ch\/de\/home\/leichte-und-kompakte-arbeitsbuehnen\/\">Leichte und kompakte Arbeitsb\u00fchnen<\/a><\/strong><\/h3>\n\t\t\t\t<a href=\"https:\/\/www.tecram.ch\/de\/home\/steigtechnik\/\"  target=\"_self\" itemprop=\"url\">\n\t\t\t\t<img decoding=\"async\" src=\"https:\/\/www.tecram.ch\/wp-content\/uploads\/sommaire-technique-acces-en-hauteur-1.jpg\" alt=\"Technique d'acc\u00e8s en hauteur\" itemprop=\"image\" height=\"600\" width=\"600\" title=\"sommaire-technique-acces-en-hauteur\" onerror=\"this.style.display='none'\" loading=\"lazy\" \/>\n\t\t\t\t<\/a>\n\t<h3><strong><a href=\"https:\/\/www.tecram.ch\/de\/home\/steigtechnik\/\">Steigtechnik<\/a><\/strong><\/h3>\n\t\t\t\t<a href=\"https:\/\/www.tecram.ch\/de\/home\/hubwagen-deichselstapler-hebelifte\/\"  target=\"_self\" itemprop=\"url\">\n\t\t\t\t<img decoding=\"async\" src=\"https:\/\/www.tecram.ch\/wp-content\/uploads\/\/transpalettes_gerbeurs_2-600x600.jpg\" alt=\"transpalettes_gerbeurs_2\" itemprop=\"image\" title=\"transpalettes_gerbeurs_2\" onerror=\"this.style.display='none'\" loading=\"lazy\" \/>\n\t\t\t\t<\/a>\n\t<h3><strong><a href=\"https:\/\/www.tecram.ch\/de\/home\/hubwagen-deichselstapler-hebelifte\/\">Hubwagen, Deichselstapler, Hebelifte<\/a><\/strong><\/h3>\n\t\t\t\t<a href=\"https:\/\/www.tecram.ch\/de\/home\/treppensteiger\/\"  target=\"_self\" itemprop=\"url\">\n\t\t\t\t<img decoding=\"async\" src=\"https:\/\/www.tecram.ch\/wp-content\/uploads\/monte-escaliers.webp\" alt=\"monte-escaliers\" itemprop=\"image\" height=\"400\" width=\"400\" title=\"monte-escaliers\" onerror=\"this.style.display='none'\" loading=\"lazy\" \/>\n\t\t\t\t<\/a>\n\t<h3><strong><a href=\"https:\/\/www.tecram.ch\/de\/home\/treppensteiger\/\">Treppensteiger<\/a><\/strong><\/h3>\n\t\t\t\t<a href=\"https:\/\/www.tecram.ch\/de\/home\/transportwagen\/\"  target=\"_self\" itemprop=\"url\">\n\t\t\t\t<img decoding=\"async\" src=\"https:\/\/www.tecram.ch\/wp-content\/uploads\/vignette_chariots.jpg\" alt=\"vignette_chariots\" itemprop=\"image\" height=\"598\" width=\"600\" title=\"vignette_chariots\" onerror=\"this.style.display='none'\" loading=\"lazy\" \/>\n\t\t\t\t<\/a>\n\t<h3><strong><a href=\"https:\/\/www.tecram.ch\/de\/home\/transportwagen\/\">Transportwagen<\/a><\/strong><\/h3>\n\t\t\t\t<a href=\"https:\/\/www.tecram.ch\/de\/home\/ergonomische-hebelifte\/\"  target=\"_self\" itemprop=\"url\">\n\t\t\t\t<img decoding=\"async\" src=\"https:\/\/www.tecram.ch\/wp-content\/uploads\/chariots-de-manutention-ergonomique.jpg\" alt=\"Chariots de manutention ergonomique\" itemprop=\"image\" height=\"600\" width=\"600\" title=\"chariots-de-manutention-ergonomique\" onerror=\"this.style.display='none'\" loading=\"lazy\" \/>\n\t\t\t\t<\/a>\n\t<h3><strong><a href=\"https:\/\/www.tecram.ch\/de\/home\/ergonomische-hebelifte\/\">Ergonomische Hebelifte<\/a><\/strong><\/h3>\n\t\t\t\t<a href=\"https:\/\/www.tecram.ch\/de\/home\/minikraene-werkstattkraene\/\"  target=\"_self\" itemprop=\"url\">\n\t\t\t\t<img decoding=\"async\" src=\"https:\/\/www.tecram.ch\/wp-content\/uploads\/mini-grues.jpg\" alt=\"mini grues\" itemprop=\"image\" height=\"508\" width=\"508\" title=\"mini grues\" onerror=\"this.style.display='none'\" loading=\"lazy\" \/>\n\t\t\t\t<\/a>\n\t<h3><strong><a href=\"https:\/\/www.tecram.ch\/de\/home\/minikraene-werkstattkraene\/\">Minikr\u00e4ne &#8211; Werkstattkr\u00e4ne<\/a><\/strong><\/h3>\n\t\t\t\t<a href=\"https:\/\/www.tecram.ch\/de\/home\/ziehehilfe-elektroschlepper\/\"  target=\"_self\" itemprop=\"url\">\n\t\t\t\t<img decoding=\"async\" src=\"https:\/\/www.tecram.ch\/wp-content\/uploads\/vignette_tracteurs-pousseurs-1.png\" alt=\"vignette_tracteurs pousseurs\" itemprop=\"image\" height=\"600\" width=\"600\" title=\"vignette_tracteurs pousseurs\" onerror=\"this.style.display='none'\" loading=\"lazy\" \/>\n\t\t\t\t<\/a>\n\t<h3><strong><a href=\"https:\/\/www.tecram.ch\/de\/home\/ziehehilfe-elektroschlepper\/\">Ziehehilfe, Elektroschlepper<\/a><\/strong><\/h3>\n\t\t\t\t<a href=\"https:\/\/www.tecram.ch\/de\/home\/bodenroller-transportlogistik-hebelifte\/\"  target=\"_self\" itemprop=\"url\">\n\t\t\t\t<img decoding=\"async\" src=\"https:\/\/www.tecram.ch\/wp-content\/uploads\/lean-rolli.webp\" alt=\"lean-rolli\" itemprop=\"image\" height=\"400\" width=\"400\" title=\"lean-rolli\" onerror=\"this.style.display='none'\" loading=\"lazy\" \/>\n\t\t\t\t<\/a>\n\t<h3><strong><a href=\"https:\/\/www.tecram.ch\/de\/home\/bodenroller-transportlogistik-hebelifte\/\">Bodenroller, Ergonomische Hebelifte, Lean solution<\/a><\/strong><\/h3>\n\t\t\t\t<a href=\"https:\/\/www.tecram.ch\/de\/home\/treppensteiger\/treppensteiger-automatisch-zonzini-domino-people-plasmoid-stabilized\/\"  target=\"_self\" itemprop=\"url\">\n\t\t\t\t<img decoding=\"async\" src=\"https:\/\/www.tecram.ch\/wp-content\/uploads\/Domino-People-Plasmoid-Stabilized.jpg\" alt=\"Domino People Plasmoid Stabilized\" itemprop=\"image\" height=\"600\" width=\"600\" title=\"Domino People Plasmoid Stabilized\" onerror=\"this.style.display='none'\" loading=\"lazy\" \/>\n\t\t\t\t<\/a>\n\t<h3><strong><a href=\"https:\/\/www.tecram.ch\/de\/home\/treppensteiger\/treppensteiger-automatisch-zonzini-domino-people-plasmoid-stabilized\/\">Treppenlifte f\u00fcr Personen<\/a><\/strong><\/h3>\n\t\t\t\t<a href=\"https:\/\/www.tecram.ch\/de\/home\/inox-reihe\/\"  target=\"_self\" itemprop=\"url\">\n\t\t\t\t<img decoding=\"async\" src=\"https:\/\/www.tecram.ch\/wp-content\/uploads\/Vignette-inox_1.jpg\" alt=\"Vignette inox_1\" itemprop=\"image\" height=\"600\" width=\"600\" title=\"Vignette inox_1\" onerror=\"this.style.display='none'\" loading=\"lazy\" \/>\n\t\t\t\t<\/a>\n\t<h3><strong><a href=\"https:\/\/www.tecram.ch\/de\/home\/inox-reihe\/\">INOX REIHE<\/a><\/strong><\/h3>\n\t\t\t\t<a href=\"https:\/\/www.tecram.ch\/de\/home\/logitrans\/\"  target=\"_self\" itemprop=\"url\">\n\t\t\t\t<img decoding=\"async\" src=\"https:\/\/www.tecram.ch\/wp-content\/uploads\/Vignette-FAMILLE-LOGITRANS2.jpg\" alt=\"Vignette FAMILLE LOGITRANS2\" itemprop=\"image\" height=\"600\" width=\"600\" title=\"Vignette FAMILLE LOGITRANS2\" onerror=\"this.style.display='none'\" loading=\"lazy\" \/>\n\t\t\t\t<\/a>\n\t<h3><strong><a href=\"https:\/\/www.tecram.ch\/de\/home\/logitrans\/\">LOGITRANS<\/a><\/strong><\/h3>\n\t\t\t\t<a href=\"https:\/\/www.tecram.ch\/de\/home\/neu-im-angebot\/\"  target=\"_self\" itemprop=\"url\">\n\t\t\t\t<img decoding=\"async\" src=\"https:\/\/www.tecram.ch\/wp-content\/uploads\/Neu-im-Angebot.jpg\" alt=\"Neu im Angebot\" itemprop=\"image\" height=\"600\" width=\"600\" title=\"Neu im Angebot\" onerror=\"this.style.display='none'\" loading=\"lazy\" \/>\n\t\t\t\t<\/a>\n\t<h3><strong><a href=\"https:\/\/www.tecram.ch\/de\/home\/neu-im-angebot\/\">NEU IM ANGEBOT<\/a><\/strong><\/h3>\n\t\t\t\t<a href=\"https:\/\/www.tecram.ch\/de\/home\/sale\/\"  target=\"_self\" itemprop=\"url\">\n\t\t\t\t<img decoding=\"async\" src=\"https:\/\/www.tecram.ch\/wp-content\/uploads\/\/sale-1-600x605.jpg\" alt=\"sale\" itemprop=\"image\" title=\"sale\" onerror=\"this.style.display='none'\" loading=\"lazy\" \/>\n\t\t\t\t<\/a>\n\t<h3><strong><a href=\"https:\/\/www.tecram.ch\/de\/home\/sale\/\">Sale<\/a><\/strong><\/h3>\n\t\t\t\t<a href=\"https:\/\/www.tecram.ch\/de\/home\/occasion-gebraucht\/\"  target=\"_self\" itemprop=\"url\">\n\t\t\t\t<img decoding=\"async\" src=\"https:\/\/www.tecram.ch\/wp-content\/uploads\/unser-angebot-gebrauchtgeraete.jpg\" alt=\"Unser Angebot Gebrauchtger\u00e4te\" itemprop=\"image\" height=\"600\" width=\"600\" title=\"unser-angebot-gebrauchtgeraete\" onerror=\"this.style.display='none'\" loading=\"lazy\" \/>\n\t\t\t\t<\/a>\n\t<h3><strong><a href=\"https:\/\/www.tecram.ch\/de\/home\/occasion-gebraucht\/\">Occasion-Gebraucht<\/a><\/strong><\/h3>\n\t<h3>Unsere aktuellen Aktionen<\/h3>\n\t\t\t\t<a href=\"https:\/\/www.tecram.ch\/de\/home\/steigtechnik\/teletower-telescop-rollgeruest\/\"  target=\"_self\" itemprop=\"url\">\n\t\t\t\t<img decoding=\"async\" src=\"https:\/\/www.tecram.ch\/wp-content\/uploads\/teletower.jpg\" alt=\"teletower\" itemprop=\"image\" height=\"400\" width=\"400\" title=\"teletower\" onerror=\"this.style.display='none'\" loading=\"lazy\" \/>\n\t\t\t\t<\/a>\n\t<a href=\"https:\/\/www.tecram.ch\/de\/home\/steigtechnik\/teletower-telescop-rollgeruest\/\">Teletower<br \/>\nTelescop Rollger\u00fcst<\/a>\n<p><a href=\"https:\/\/www.tecram.ch\/de\/home\/steigtechnik\/teletower-telescop-rollgeruest\/\"><strong>CHF 1&#8217;600.- inkl. MwSt.<\/strong><\/a><\/p>\n\t\t\t\t<a href=\"https:\/\/www.tecram.ch\/de\/home\/ergonomische-hebelifte\/ergonomische-hebelifte-und-minilift\/hovmand\/hebelift-hovmand-go\/\"  target=\"_self\" itemprop=\"url\">\n\t\t\t\t<img decoding=\"async\" src=\"https:\/\/www.tecram.ch\/wp-content\/uploads\/chariot-de-manutention-mini-gerbeur-hovmand-go.jpg\" alt=\"Chariot de manutention - mini gerbeur HOVMAND GO\" itemprop=\"image\" height=\"600\" width=\"600\" title=\"chariot-de-manutention-mini-gerbeur-hovmand-go\" onerror=\"this.style.display='none'\" loading=\"lazy\" \/>\n\t\t\t\t<\/a>\n\t<a href=\"https:\/\/www.tecram.ch\/de\/home\/ergonomische-hebelifte\/ergonomische-hebelifte-und-minilift\/hovmand\/hebelift-hovmand-go\/\">Hebelift<br \/>\nHovmand GO<\/a><br \/>\n<strong>CHF 2&#8217;095.-<\/strong>\n\t\t\t\t<a href=\"https:\/\/www.tecram.ch\/de\/home\/ergonomische-hebelifte\/manuelle-sackkarre\/aluminium-sackkarre-transportwagen-2-in-1-250kg-350kg-stockman-stc2\/\"  target=\"_self\" itemprop=\"url\">\n\t\t\t\t<img decoding=\"async\" src=\"https:\/\/www.tecram.ch\/wp-content\/uploads\/stockman-stc2.webp\" alt=\"stockman-stc2\" itemprop=\"image\" height=\"400\" width=\"400\" title=\"stockman-stc2\" onerror=\"this.style.display='none'\" loading=\"lazy\" \/>\n\t\t\t\t<\/a>\n\t<a href=\"https:\/\/www.tecram.ch\/de\/home\/ergonomische-hebelifte\/manuelle-sackkarre\/aluminium-sackkarre-transportwagen-2-in-1-250kg-350kg-stockman-stc2\/\">Aluminium Sackkarre\/Transportwagen 2 in 1- 250kg\/350kg &#8211; Stockman STC2<\/a><br \/>\n<strong>CHF 352.-<\/strong>\n\t\t\t\t<a href=\"https:\/\/www.tecram.ch\/de\/home\/treppensteiger\/treppensteiger-antifailover-420-kg-xsto-ct420s\/\"  target=\"_self\" itemprop=\"url\">\n\t\t\t\t<img decoding=\"async\" src=\"https:\/\/www.tecram.ch\/wp-content\/uploads\/XSTO-CT420S-1.jpg\" alt=\"XSTO-CT420S-1\" itemprop=\"image\" height=\"600\" width=\"600\" title=\"XSTO-CT420S-1\" onerror=\"this.style.display='none'\" loading=\"lazy\" \/>\n\t\t\t\t<\/a>\n\t<a href=\"https:\/\/www.tecram.ch\/de\/home\/treppensteiger\/treppensteiger-antifailover-420-kg-xsto-ct420s\/\">Treppensteiger<br \/>\nXSTO CT420S<\/a>\n<p><a href=\"https:\/\/www.tecram.ch\/de\/home\/treppensteiger\/treppensteiger-antifailover-420-kg-xsto-ct420s\/\"><strong>CHF 7&#8217;900.- <\/strong><\/a><\/p>\n\n","protected":false},"excerpt":{"rendered":"<p>Willkommen bei Tecram Ihr Spezialist im Bereich Steigtechnik und F\u00f6rdertechnik Leichte und kompakte Arbeitsb\u00fchnen Steigtechnik Hubwagen, Deichselstapler, Hebelifte Treppensteiger Transportwagen Ergonomische Hebelifte Minikr\u00e4ne &#8211; Werkstattkr\u00e4ne Ziehehilfe, Elektroschlepper Bodenroller, Ergonomische Hebelifte, Lean solution Treppenlifte f\u00fcr Personen INOX REIHE LOGITRANS NEU IM ANGEBOT Sale Occasion-Gebraucht Unsere aktuellen Aktionen Teletower Telescop Rollger\u00fcst CHF 1&#8217;600.- inkl. MwSt. Hebelift Hovmand &#8230; <a title=\"Home\" class=\"read-more\" href=\"https:\/\/www.tecram.ch\/de\/home\/\" aria-label=\"Read more about Home\">Read more<\/a><\/p>\n","protected":false},"author":1,"featured_media":32765,"parent":0,"menu_order":1,"comment_status":"closed","ping_status":"open","template":"","meta":{"footnotes":""},"class_list":["post-320","page","type-page","status-publish","has-post-thumbnail"],"aioseo_notices":[],"_links":{"self":[{"href":"https:\/\/www.tecram.ch\/de\/wp-json\/wp\/v2\/pages\/320","targetHints":{"allow":["GET"]}}],"collection":[{"href":"https:\/\/www.tecram.ch\/de\/wp-json\/wp\/v2\/pages"}],"about":[{"href":"https:\/\/www.tecram.ch\/de\/wp-json\/wp\/v2\/types\/page"}],"author":[{"embeddable":true,"href":"https:\/\/www.tecram.ch\/de\/wp-json\/wp\/v2\/users\/1"}],"replies":[{"embeddable":true,"href":"https:\/\/www.tecram.ch\/de\/wp-json\/wp\/v2\/comments?post=320"}],"version-history":[{"count":4,"href":"https:\/\/www.tecram.ch\/de\/wp-json\/wp\/v2\/pages\/320\/revisions"}],"predecessor-version":[{"id":48934,"href":"https:\/\/www.tecram.ch\/de\/wp-json\/wp\/v2\/pages\/320\/revisions\/48934"}],"wp:featuredmedia":[{"embeddable":true,"href":"https:\/\/www.tecram.ch\/de\/wp-json\/wp\/v2\/media\/32765"}],"wp:attachment":[{"href":"https:\/\/www.tecram.ch\/de\/wp-json\/wp\/v2\/media?parent=320"}],"curies":[{"name":"wp","href":"https:\/\/api.w.org\/{rel}","templated":true}]}}