{"id":31774,"date":"2024-03-13T15:04:09","date_gmt":"2024-03-13T14:04:09","guid":{"rendered":"https:\/\/www.tecram.ch\/home\/ergonomische-hebelifte\/ergonomische-hebelifte-und-minilift\/chariots-manipulateurs-de-futs\/"},"modified":"2026-01-30T10:52:14","modified_gmt":"2026-01-30T09:52:14","slug":"fasshandhabungswagen","status":"publish","type":"page","link":"https:\/\/www.tecram.ch\/de\/home\/ergonomische-hebelifte\/ergonomische-hebelifte-und-minilift\/fasshandhabungswagen\/","title":{"rendered":"Fasshandhabungswagen"},"content":{"rendered":"\n\n\t<h1>Fasshandhabungswagen STS<\/h1>\n\t\t\t\t<a href=\"https:\/\/www.tecram.ch\/de\/home\/ergonomische-hebelifte\/ergonomische-hebelifte-und-minilift\/fasshandhabungswagen\/fassmanipulator-dpc01\/\"  target=\"_self\" itemprop=\"url\">\n\t\t\t\t<img decoding=\"async\" src=\"https:\/\/www.tecram.ch\/wp-content\/uploads\/manipulateur-de-fut-dpc01.jpg\" alt=\"Manipulateur de f\u00fbt DPC01\" itemprop=\"image\" height=\"600\" width=\"600\" title=\"manipulateur-de-fut-dpc01\" onerror=\"this.style.display='none'\" loading=\"lazy\" \/>\n\t\t\t\t<\/a>\n\t<h3><a href=\"https:\/\/www.tecram.ch\/de\/home\/ergonomische-hebelifte\/ergonomische-hebelifte-und-minilift\/fasshandhabungswagen\/fassmanipulator-dpc01\/\">Fassmanipulator DPC01<\/a><\/h3>\n\t\t\t\t<a href=\"https:\/\/www.tecram.ch\/de\/home\/ergonomische-hebelifte\/ergonomische-hebelifte-und-minilift\/fasshandhabungswagen\/fassentpalettierer-dtp04\/\"  target=\"_self\" itemprop=\"url\">\n\t\t\t\t<img decoding=\"async\" src=\"https:\/\/www.tecram.ch\/wp-content\/uploads\/depalettiseur-de-futs-dtp04.jpg\" alt=\"D\u00e9palettiseur de f\u00fbts DTP04\" itemprop=\"image\" height=\"600\" width=\"600\" title=\"depalettiseur-de-futs-dtp04\" onerror=\"this.style.display='none'\" loading=\"lazy\" \/>\n\t\t\t\t<\/a>\n\t<h3><a href=\"https:\/\/www.tecram.ch\/de\/home\/ergonomische-hebelifte\/ergonomische-hebelifte-und-minilift\/fasshandhabungswagen\/fassentpalettierer-dtp04\/\">Fassentpalettierer DTP04<\/a><\/h3>\n\t\t\t\t<a href=\"https:\/\/www.tecram.ch\/de\/home\/ergonomische-hebelifte\/ergonomische-hebelifte-und-minilift\/fasshandhabungswagen\/eckentpalettierer-dtp05\/\"  target=\"_self\" itemprop=\"url\">\n\t\t\t\t<img decoding=\"async\" src=\"https:\/\/www.tecram.ch\/wp-content\/uploads\/depalettiseur-d-angle-dtp05.jpg\" alt=\"D\u00e9palettiseur d'angle DTP05\" itemprop=\"image\" height=\"600\" width=\"600\" title=\"depalettiseur-d-angle-dtp05\" onerror=\"this.style.display='none'\" loading=\"lazy\" \/>\n\t\t\t\t<\/a>\n\t<h3><a href=\"https:\/\/www.tecram.ch\/de\/home\/ergonomische-hebelifte\/ergonomische-hebelifte-und-minilift\/fasshandhabungswagen\/eckentpalettierer-dtp05\/\">Eckentpalettierer DTP05<\/a><\/h3>\n\t\t\t\t<a href=\"https:\/\/www.tecram.ch\/de\/home\/ergonomische-hebelifte\/ergonomische-hebelifte-und-minilift\/fasshandhabungswagen\/fassstapler-dtp06-r500\/\"  target=\"_self\" itemprop=\"url\">\n\t\t\t\t<img decoding=\"async\" src=\"https:\/\/www.tecram.ch\/wp-content\/uploads\/chariot-elevateur-de-fut-dtp06-r500.jpg\" alt=\"Chariot \u00e9l\u00e9vateur de f\u00fbt DTP06-R500\" itemprop=\"image\" height=\"600\" width=\"600\" title=\"chariot-elevateur-de-fut-dtp06-r500\" onerror=\"this.style.display='none'\" loading=\"lazy\" \/>\n\t\t\t\t<\/a>\n\t<h3><a href=\"https:\/\/www.tecram.ch\/de\/home\/ergonomische-hebelifte\/ergonomische-hebelifte-und-minilift\/fasshandhabungswagen\/fassstapler-dtp06-r500\/\">Fassstapler DTP06-R500<\/a><\/h3>\n\t\t\t\t<a href=\"https:\/\/www.tecram.ch\/de\/home\/ergonomische-hebelifte\/ergonomische-hebelifte-und-minilift\/fasshandhabungswagen\/depalettierer-dtp08\/\"  target=\"_self\" itemprop=\"url\">\n\t\t\t\t<img decoding=\"async\" src=\"https:\/\/www.tecram.ch\/wp-content\/uploads\/depalettiseur-dtp08.jpg\" alt=\"D\u00e9palettiseur DTP08\" itemprop=\"image\" height=\"600\" width=\"600\" title=\"depalettiseur-dtp08\" onerror=\"this.style.display='none'\" loading=\"lazy\" \/>\n\t\t\t\t<\/a>\n\t<h3><a href=\"https:\/\/www.tecram.ch\/de\/home\/ergonomische-hebelifte\/ergonomische-hebelifte-und-minilift\/fasshandhabungswagen\/depalettierer-dtp08\/\">Depalettierer DTP08<\/a><\/h3>\n\t\t\t\t<a href=\"https:\/\/www.tecram.ch\/de\/home\/ergonomische-hebelifte\/ergonomische-hebelifte-und-minilift\/fasshandhabungswagen\/manueller-fasslifter-stm01-dru01\/\"  target=\"_self\" itemprop=\"url\">\n\t\t\t\t<img decoding=\"async\" src=\"https:\/\/www.tecram.ch\/wp-content\/uploads\/leve-futs-manuel-stm01-dru01.jpg\" alt=\"L\u00e8ve f\u00fbts manuel STM01-DRU01\" itemprop=\"image\" height=\"600\" width=\"600\" title=\"leve-futs-manuel-stm01-dru01\" onerror=\"this.style.display='none'\" loading=\"lazy\" \/>\n\t\t\t\t<\/a>\n\t<h3><a href=\"https:\/\/www.tecram.ch\/de\/home\/ergonomische-hebelifte\/ergonomische-hebelifte-und-minilift\/fasshandhabungswagen\/manueller-fasslifter-stm01-dru01\/\">Manueller Fasslifter STM01-DRU01<\/a><\/h3>\n\t\t\t\t<a href=\"https:\/\/www.tecram.ch\/de\/home\/ergonomische-hebelifte\/ergonomische-hebelifte-und-minilift\/fasshandhabungswagen\/manueller-fasskipper-stp01-dru01\/\"  target=\"_self\" itemprop=\"url\">\n\t\t\t\t<img decoding=\"async\" src=\"https:\/\/www.tecram.ch\/wp-content\/uploads\/basculeur-de-futs-manuel-stp01-dru01.jpg\" alt=\"Basculeur de f\u00fbts manuel STP01-DRU01\" itemprop=\"image\" height=\"600\" width=\"600\" title=\"basculeur-de-futs-manuel-stp01-dru01\" onerror=\"this.style.display='none'\" loading=\"lazy\" \/>\n\t\t\t\t<\/a>\n\t<h3><a href=\"https:\/\/www.tecram.ch\/de\/home\/ergonomische-hebelifte\/ergonomische-hebelifte-und-minilift\/fasshandhabungswagen\/manueller-fasskipper-stp01-dru01\/\">Manueller Fasskipper STP01-DRU01<\/a><\/h3>\n\t\t\t\t<a href=\"https:\/\/www.tecram.ch\/de\/home\/ergonomische-hebelifte\/ergonomische-hebelifte-und-minilift\/fasshandhabungswagen\/gasflaschenheber-dtp03-r500-ca10\/\"  target=\"_self\" itemprop=\"url\">\n\t\t\t\t<img decoding=\"async\" src=\"https:\/\/www.tecram.ch\/wp-content\/uploads\/leve-cylindre-a-gaz.jpg\" alt=\"L\u00e8ve-cylindre \u00e0 gaz\" itemprop=\"image\" height=\"600\" width=\"600\" title=\"leve-cylindre-a-gaz\" onerror=\"this.style.display='none'\" loading=\"lazy\" \/>\n\t\t\t\t<\/a>\n\t<h3><a href=\"https:\/\/www.tecram.ch\/de\/home\/ergonomische-hebelifte\/ergonomische-hebelifte-und-minilift\/fasshandhabungswagen\/gasflaschenheber-dtp03-r500-ca10\/\">Gasflaschenheber DTP03-R500-CA10<\/a><\/h3>\n\t\t\t\t<a href=\"https:\/\/www.tecram.ch\/de\/home\/ergonomische-hebelifte\/ergonomische-hebelifte-und-minilift\/fasshandhabungswagen\/gasflaschenlifter-mit-gegengewicht-dtp08-150kg-r500-ca10\/\"  target=\"_self\" itemprop=\"url\">\n\t\t\t\t<img decoding=\"async\" src=\"https:\/\/www.tecram.ch\/wp-content\/uploads\/elevateur-de-cylindre-a-gaz-contrebalance.jpg\" alt=\"El\u00e9vateur de cylindre \u00e0 gaz (contrebalance)\" itemprop=\"image\" height=\"600\" width=\"600\" title=\"elevateur-de-cylindre-a-gaz-contrebalance\" onerror=\"this.style.display='none'\" loading=\"lazy\" \/>\n\t\t\t\t<\/a>\n\t<h3><a href=\"https:\/\/www.tecram.ch\/de\/home\/ergonomische-hebelifte\/ergonomische-hebelifte-und-minilift\/fasshandhabungswagen\/gasflaschenlifter-mit-gegengewicht-dtp08-150kg-r500-ca10\/\">Gasflaschenlifter (mit Gegengewicht)<br \/>\nDTP08-150kg- R500-CA10<\/a><\/h3>\n\t\t\t\t<a href=\"https:\/\/www.tecram.ch\/de\/home\/ergonomische-hebelifte\/ergonomische-hebelifte-und-minilift\/fasshandhabungswagen\/gasflaschenlifter-und-rotator-mit-gegengewicht-dtp08-250kg-r500-cr01\/\"  target=\"_self\" itemprop=\"url\">\n\t\t\t\t<img decoding=\"async\" src=\"https:\/\/www.tecram.ch\/wp-content\/uploads\/leve-cylindre-a-gaz-et-rotateur-a-contrepoids.jpg\" alt=\"L\u00e8ve-cylindre \u00e0 gaz et rotateur (\u00e0 contrepoids)\" itemprop=\"image\" height=\"600\" width=\"600\" title=\"leve-cylindre-a-gaz-et-rotateur-a-contrepoids\" onerror=\"this.style.display='none'\" loading=\"lazy\" \/>\n\t\t\t\t<\/a>\n\t<h3><a href=\"https:\/\/www.tecram.ch\/de\/home\/ergonomische-hebelifte\/ergonomische-hebelifte-und-minilift\/fasshandhabungswagen\/gasflaschenlifter-und-rotator-mit-gegengewicht-dtp08-250kg-r500-cr01\/\">Gasflaschenlifter und Rotator<br \/>\n(mit Gegengewicht) DTP08-250kg-R500-CR01<\/a><\/h3>\n\t\t\t\t<a href=\"https:\/\/www.tecram.ch\/de\/home\/ergonomische-hebelifte\/ergonomische-hebelifte-und-minilift\/fasshandhabungswagen\/fassmanipulator-aus-rostfreiem-stahl-elektrisch-ste01-dru01-ss\/\"  target=\"_self\" itemprop=\"url\">\n\t\t\t\t<img decoding=\"async\" src=\"https:\/\/www.tecram.ch\/wp-content\/uploads\/stainless-steel-drum-rotator-electric-ste01-dru01-ss.jpg\" alt=\"Stainless-Steel Drum Rotator (Electric) STE01-DRU01-SS\" itemprop=\"image\" height=\"600\" width=\"600\" title=\"stainless-steel-drum-rotator-electric-ste01-dru01-ss\" onerror=\"this.style.display='none'\" loading=\"lazy\" \/>\n\t\t\t\t<\/a>\n\t<h3><a href=\"https:\/\/www.tecram.ch\/de\/home\/ergonomische-hebelifte\/ergonomische-hebelifte-und-minilift\/fasshandhabungswagen\/fassmanipulator-aus-rostfreiem-stahl-elektrisch-ste01-dru01-ss\/\">Fassmanipulator aus rostfreiem Stahl (elektrisch) STE01-DRU01-SS<\/a><\/h3>\n\t\t\t\t<a href=\"https:\/\/www.tecram.ch\/de\/home\/ergonomische-hebelifte\/ergonomische-hebelifte-und-minilift\/fasshandhabungswagen\/fassmanipulator-aus-rostfreiem-stahl-pneumatisch-stp01-dru01-ss-ex\/\"  target=\"_self\" itemprop=\"url\">\n\t\t\t\t<img decoding=\"async\" src=\"https:\/\/www.tecram.ch\/wp-content\/uploads\/stainless-steel-drum-rotator-pneumatic-stp01-dru01-ss-ex.jpg\" alt=\"Stainless-Steel Drum Rotator (Pneumatic) STP01-DRU01-SS-Ex\" itemprop=\"image\" height=\"600\" width=\"600\" title=\"stainless-steel-drum-rotator-pneumatic-stp01-dru01-ss-ex\" onerror=\"this.style.display='none'\" loading=\"lazy\" \/>\n\t\t\t\t<\/a>\n\t<h3><a href=\"https:\/\/www.tecram.ch\/de\/home\/ergonomische-hebelifte\/ergonomische-hebelifte-und-minilift\/fasshandhabungswagen\/fassmanipulator-aus-rostfreiem-stahl-pneumatisch-stp01-dru01-ss-ex\/\">Fassmanipulator aus rostfreiem Stahl (pneumatisch) STP01-DRU01-SS-Ex<\/a><\/h3>\n\t\t\t\t<a href=\"https:\/\/www.tecram.ch\/de\/home\/ergonomische-hebelifte\/ergonomische-hebelifte-und-minilift\/fasshandhabungswagen\/fassmanipulator-mit-edelstahlklammer-ste01-stp01-rrh01-ss-ex\/\"  target=\"_self\" itemprop=\"url\">\n\t\t\t\t<img decoding=\"async\" src=\"https:\/\/www.tecram.ch\/wp-content\/uploads\/stainless-steel-power-clamp-drum-tipper-ste01-stp01-rrh01-ss-ex.jpg\" alt=\"Stainless-Steel Power Clamp Drum Tipper STE01 \/ STP01-RRH01-SS-Ex\" itemprop=\"image\" height=\"600\" width=\"600\" title=\"stainless-steel-power-clamp-drum-tipper-ste01-stp01-rrh01-ss-ex\" onerror=\"this.style.display='none'\" loading=\"lazy\" \/>\n\t\t\t\t<\/a>\n\t<h3><a href=\"https:\/\/www.tecram.ch\/de\/home\/ergonomische-hebelifte\/ergonomische-hebelifte-und-minilift\/fasshandhabungswagen\/fassmanipulator-mit-edelstahlklammer-ste01-stp01-rrh01-ss-ex\/\">Fassmanipulator mit Edelstahlklammer<br \/>\nSTE01 \/ STP01-RRH01-SS-Ex<\/a><\/h3>\n\t\t\t\t<a href=\"https:\/\/www.tecram.ch\/de\/home\/ergonomische-hebelifte\/ergonomische-hebelifte-und-minilift\/fasshandhabungswagen\/elektrischer-fassmanipulator-mit-edelstahlklammer-ste05-stp05-rrh01-ss-ex\/\"  target=\"_self\" itemprop=\"url\">\n\t\t\t\t<img decoding=\"async\" src=\"https:\/\/www.tecram.ch\/wp-content\/uploads\/manipulateur-de-fut-electrique-a-pince-en-acier-inoxydable-ste05-stp05-rrh01-ss-ex.jpg\" alt=\"Manipulateur de f\u00fbt \u00e9lectrique \u00e0 pince en acier inoxydable STE05 \/ STP05-RRH01-SS-Ex\" itemprop=\"image\" height=\"600\" width=\"600\" title=\"manipulateur-de-fut-electrique-a-pince-en-acier-inoxydable-ste05-stp05-rrh01-ss-ex\" onerror=\"this.style.display='none'\" loading=\"lazy\" \/>\n\t\t\t\t<\/a>\n\t<h3><a href=\"https:\/\/www.tecram.ch\/de\/home\/ergonomische-hebelifte\/ergonomische-hebelifte-und-minilift\/fasshandhabungswagen\/elektrischer-fassmanipulator-mit-edelstahlklammer-ste05-stp05-rrh01-ss-ex\/\">Elektrischer Fassmanipulator mit Edelstahlklammer STE05 \/ STP05-RRH01-SS-Ex<\/a><\/h3>\n\t\t\t\t<a href=\"https:\/\/www.tecram.ch\/de\/home\/ergonomische-hebelifte\/ergonomische-hebelifte-und-minilift\/fasshandhabungswagen\/elektrischer-fassmischer-dme01\/\"  target=\"_self\" itemprop=\"url\">\n\t\t\t\t<img decoding=\"async\" src=\"https:\/\/www.tecram.ch\/wp-content\/uploads\/melangeur-de-futs-electrique-dme01.jpg\" alt=\"M\u00e9langeur de f\u00fbts \u00e9lectrique DME01\" itemprop=\"image\" height=\"600\" width=\"600\" title=\"melangeur-de-futs-electrique-dme01\" onerror=\"this.style.display='none'\" loading=\"lazy\" \/>\n\t\t\t\t<\/a>\n\t<h3><a href=\"https:\/\/www.tecram.ch\/de\/home\/ergonomische-hebelifte\/ergonomische-hebelifte-und-minilift\/fasshandhabungswagen\/elektrischer-fassmischer-dme01\/\">Elektrischer Fassmischer DME01<\/a><\/h3>\n\t\t\t\t<a href=\"https:\/\/www.tecram.ch\/de\/home\/ergonomische-hebelifte\/ergonomische-hebelifte-und-minilift\/fasshandhabungswagen\/fassmischer-dme04\/\"  target=\"_self\" itemprop=\"url\">\n\t\t\t\t<img decoding=\"async\" src=\"https:\/\/www.tecram.ch\/wp-content\/uploads\/melangeur-de-fut-dmp04.jpg\" alt=\"M\u00e9langeur de f\u00fbt \/ DMP04\" itemprop=\"image\" height=\"600\" width=\"600\" title=\"melangeur-de-fut-dmp04\" onerror=\"this.style.display='none'\" loading=\"lazy\" \/>\n\t\t\t\t<\/a>\n\t<h3><a href=\"https:\/\/www.tecram.ch\/de\/home\/ergonomische-hebelifte\/ergonomische-hebelifte-und-minilift\/fasshandhabungswagen\/fassmischer-dme04\/\">Fassmischer DME04<\/a><\/h3>\n\t\t\t\t<a href=\"https:\/\/www.tecram.ch\/de\/home\/ergonomische-hebelifte\/ergonomische-hebelifte-und-minilift\/fasshandhabungswagen\/luftgebundener-fassmanipulator-dru02\/\"  target=\"_self\" itemprop=\"url\">\n\t\t\t\t<img decoding=\"async\" src=\"https:\/\/www.tecram.ch\/wp-content\/uploads\/manipulateur-de-futs-aerien-dru02.jpg\" alt=\"Manipulateur de f\u00fbts a\u00e9rien DRU02\" itemprop=\"image\" height=\"600\" width=\"600\" title=\"manipulateur-de-futs-aerien-dru02\" onerror=\"this.style.display='none'\" loading=\"lazy\" \/>\n\t\t\t\t<\/a>\n\t<h3><a href=\"https:\/\/www.tecram.ch\/de\/home\/ergonomische-hebelifte\/ergonomische-hebelifte-und-minilift\/fasshandhabungswagen\/luftgebundener-fassmanipulator-dru02\/\">Luftgebundener Fassmanipulator DRU02<\/a><\/h3>\n\t<h3>Unsere aktuellen Aktionen<\/h3>\n\t\t\t\t<a href=\"https:\/\/www.tecram.ch\/de\/home\/steigtechnik\/teletower-telescop-rollgeruest\/\"  target=\"_self\" itemprop=\"url\">\n\t\t\t\t<img decoding=\"async\" src=\"https:\/\/www.tecram.ch\/wp-content\/uploads\/teletower.jpg\" alt=\"teletower\" itemprop=\"image\" height=\"400\" width=\"400\" title=\"teletower\" onerror=\"this.style.display='none'\" loading=\"lazy\" \/>\n\t\t\t\t<\/a>\n\t<a href=\"https:\/\/www.tecram.ch\/de\/home\/steigtechnik\/teletower-telescop-rollgeruest\/\">Teletower<br \/>\nTelescop Rollger\u00fcst<\/a>\n<p><a href=\"https:\/\/www.tecram.ch\/de\/home\/steigtechnik\/teletower-telescop-rollgeruest\/\"><strong>CHF 1&#8217;600.- inkl. MwSt.<\/strong><\/a><\/p>\n\t\t\t\t<a href=\"https:\/\/www.tecram.ch\/de\/home\/ergonomische-hebelifte\/ergonomische-hebelifte-und-minilift\/hovmand\/hebelift-hovmand-go\/\"  target=\"_self\" itemprop=\"url\">\n\t\t\t\t<img decoding=\"async\" src=\"https:\/\/www.tecram.ch\/wp-content\/uploads\/chariot-de-manutention-mini-gerbeur-hovmand-go.jpg\" alt=\"Chariot de manutention - mini gerbeur HOVMAND GO\" itemprop=\"image\" height=\"600\" width=\"600\" title=\"chariot-de-manutention-mini-gerbeur-hovmand-go\" onerror=\"this.style.display='none'\" loading=\"lazy\" \/>\n\t\t\t\t<\/a>\n\t<a href=\"https:\/\/www.tecram.ch\/de\/home\/ergonomische-hebelifte\/ergonomische-hebelifte-und-minilift\/hovmand\/hebelift-hovmand-go\/\">Hebelift<br \/>\nHovmand GO<\/a><br \/>\n<strong>CHF 2&#8217;095.-<\/strong>\n\t\t\t\t<a href=\"https:\/\/www.tecram.ch\/de\/home\/ergonomische-hebelifte\/manuelle-sackkarre\/aluminium-sackkarre-transportwagen-2-in-1-250kg-350kg-stockman-stc2\/\"  target=\"_self\" itemprop=\"url\">\n\t\t\t\t<img decoding=\"async\" src=\"https:\/\/www.tecram.ch\/wp-content\/uploads\/stockman-stc2.webp\" alt=\"stockman-stc2\" itemprop=\"image\" height=\"400\" width=\"400\" title=\"stockman-stc2\" onerror=\"this.style.display='none'\" loading=\"lazy\" \/>\n\t\t\t\t<\/a>\n\t<a href=\"https:\/\/www.tecram.ch\/de\/home\/ergonomische-hebelifte\/manuelle-sackkarre\/aluminium-sackkarre-transportwagen-2-in-1-250kg-350kg-stockman-stc2\/\">Aluminium Sackkarre\/Transportwagen 2 in 1- 250kg\/350kg &#8211; Stockman STC2<\/a><br \/>\n<strong>CHF 352.-<\/strong>\n\t\t\t\t<a href=\"https:\/\/www.tecram.ch\/de\/home\/hubwagen-deichselstapler-hebelifte\/wagehubwagen\/wiegehubwagen-wsp-2200-logitrans\/\"  target=\"_self\" itemprop=\"url\">\n\t\t\t\t<img decoding=\"async\" src=\"https:\/\/www.tecram.ch\/wp-content\/uploads\/transpalette-avec-systeme-de-pesee-wsp-2200-logitrans-01.jpg\" alt=\"Transpalette avec syst\u00e8me de pes\u00e9e, WSP 2200 - Logitrans\" itemprop=\"image\" height=\"600\" width=\"600\" title=\"transpalette-avec-systeme-de-pesee-wsp-2200-logitrans-01\" onerror=\"this.style.display='none'\" loading=\"lazy\" \/>\n\t\t\t\t<\/a>\n\t<a href=\"https:\/\/www.tecram.ch\/de\/home\/hubwagen-deichselstapler-hebelifte\/wagehubwagen\/wiegehubwagen-wsp-2200-logitrans\/\">Wiegehubwagen<br \/>\nWSP 2200 &#8211; Logitrans <\/a>\n<p><a href=\"https:\/\/www.tecram.ch\/de\/home\/hubwagen-deichselstapler-hebelifte\/wagehubwagen\/wiegehubwagen-wsp-2200-logitrans\/\"><strong>CHF 1&#8217;595.- <\/strong><\/a><\/p>\n\n","protected":false},"excerpt":{"rendered":"<p>Fasshandhabungswagen STS Fassmanipulator DPC01 Fassentpalettierer DTP04 Eckentpalettierer DTP05 Fassstapler DTP06-R500 Depalettierer DTP08 Manueller Fasslifter STM01-DRU01 Manueller Fasskipper STP01-DRU01 Gasflaschenheber DTP03-R500-CA10 Gasflaschenlifter (mit Gegengewicht) DTP08-150kg- R500-CA10 Gasflaschenlifter und Rotator (mit Gegengewicht) DTP08-250kg-R500-CR01 Fassmanipulator aus rostfreiem Stahl (elektrisch) STE01-DRU01-SS Fassmanipulator aus rostfreiem Stahl (pneumatisch) STP01-DRU01-SS-Ex Fassmanipulator mit Edelstahlklammer STE01 \/ STP01-RRH01-SS-Ex Elektrischer Fassmanipulator mit Edelstahlklammer STE05 \/ &#8230; <a title=\"Fasshandhabungswagen\" class=\"read-more\" href=\"https:\/\/www.tecram.ch\/de\/home\/ergonomische-hebelifte\/ergonomische-hebelifte-und-minilift\/fasshandhabungswagen\/\" aria-label=\"Read more about Fasshandhabungswagen\">Read more<\/a><\/p>\n","protected":false},"author":1,"featured_media":31382,"parent":3677,"menu_order":3,"comment_status":"closed","ping_status":"closed","template":"","meta":{"footnotes":""},"class_list":["post-31774","page","type-page","status-publish","has-post-thumbnail"],"aioseo_notices":[],"_links":{"self":[{"href":"https:\/\/www.tecram.ch\/de\/wp-json\/wp\/v2\/pages\/31774","targetHints":{"allow":["GET"]}}],"collection":[{"href":"https:\/\/www.tecram.ch\/de\/wp-json\/wp\/v2\/pages"}],"about":[{"href":"https:\/\/www.tecram.ch\/de\/wp-json\/wp\/v2\/types\/page"}],"author":[{"embeddable":true,"href":"https:\/\/www.tecram.ch\/de\/wp-json\/wp\/v2\/users\/1"}],"replies":[{"embeddable":true,"href":"https:\/\/www.tecram.ch\/de\/wp-json\/wp\/v2\/comments?post=31774"}],"version-history":[{"count":2,"href":"https:\/\/www.tecram.ch\/de\/wp-json\/wp\/v2\/pages\/31774\/revisions"}],"predecessor-version":[{"id":48232,"href":"https:\/\/www.tecram.ch\/de\/wp-json\/wp\/v2\/pages\/31774\/revisions\/48232"}],"up":[{"embeddable":true,"href":"https:\/\/www.tecram.ch\/de\/wp-json\/wp\/v2\/pages\/3677"}],"wp:featuredmedia":[{"embeddable":true,"href":"https:\/\/www.tecram.ch\/de\/wp-json\/wp\/v2\/media\/31382"}],"wp:attachment":[{"href":"https:\/\/www.tecram.ch\/de\/wp-json\/wp\/v2\/media?parent=31774"}],"curies":[{"name":"wp","href":"https:\/\/api.w.org\/{rel}","templated":true}]}}