{"id":26582,"date":"2022-11-18T18:35:32","date_gmt":"2022-11-18T17:35:32","guid":{"rendered":"https:\/\/www.tecram.ch\/home\/ergonomische-hebelifte\/mobile-hubtische\/table-elevatrice-mobile-electrique-inox-100-ou-200-kg-happymanut\/"},"modified":"2025-09-09T15:24:28","modified_gmt":"2025-09-09T13:24:28","slug":"elektrischer-mobiler-hubtisch-inox-100-ou-200-kg","status":"publish","type":"page","link":"https:\/\/www.tecram.ch\/de\/home\/ergonomische-hebelifte\/mobile-hubtische\/hubtische-inox\/elektrischer-mobiler-hubtisch-inox-100-ou-200-kg\/","title":{"rendered":"Elektrischer mobiler Hubtisch INOX &#8211; 100 oder 200 Kg"},"content":{"rendered":"\n\n\t<h1>Elektrischer mobiler Hubtisch INOX &#8211; 100 oder 200 Kg<\/h1>\n\t\t\t<a href=\"https:\/\/www.tecram.ch\/wp-content\/uploads\/TABLE-ELEVATRICE-INOX-MOBILE-ELECTRIQUE-v2-19.04.22-1.pdf\" target=\"_blank\" rel=\"noopener\">\n\t\t\t\t\t\t\tSiehe Datenblatt\n\t\t\t<\/a>\n\t\t\t<a href=\"#form\" target=\"_self\">\n\t\t\t\t\t\t\tFrage dazu\n\t\t\t<\/a>\n\t\t\t\t<a href=\"https:\/\/www.tecram.ch\/wp-content\/uploads\/table-elevatrice-mobile-electrique-inox.jpg\"  target=\"_self\" itemprop=\"url\" rel=\"lightbox-0\">\n\t\t\t\t<img decoding=\"async\" src=\"https:\/\/www.tecram.ch\/wp-content\/uploads\/table-elevatrice-mobile-electrique-inox.jpg\" alt=\"table-elevatrice-mobile-electrique-inox\" itemprop=\"image\" height=\"600\" width=\"600\" title=\"table-elevatrice-mobile-electrique-inox\" onerror=\"this.style.display='none'\" loading=\"lazy\" \/>\n\t\t\t\t<\/a>\n\t<p>Der elektrische mobile Hubtisch aus <strong>Edelstahl<\/strong> ist batteriebetrieben. Es erleichtert die t\u00e4glichen Aufgaben des Personals und <strong>beugt Erkrankungen des Bewegungsapparates von R\u00fccken, Schultern und Armen vor.<\/strong><\/p>\n<p>Der mobile Hubtisch kann zum Beispiel verwendet werden:<\/p>\n<ul>\n<li>um den Inhalt der Pfannen direkt in die auf dem Wagen platzierten Lebensmittelschalen zu entleeren, die bereit sind, zu den Essenswagen oder Selbstbedienungsstreifen transportiert zu werden.<\/li>\n<li>bei Wareneingang, in Lagerbest\u00e4nden oder Tiefk\u00fchlschr\u00e4nken, zum Be- oder Entladen von Schlie\u00dff\u00e4chern, Kisten, Taschen usw. als h\u00f6henverstellbarer Arbeitstisch mit Sperrr\u00e4dern.<\/li>\n<\/ul>\n<p><strong>Beschreibung<\/strong><\/p>\n<ul>\n<li>Der mechanisch verschwei\u00dfte Rahmen und die Oberseite dieses Hubtisches sind aus Edelstahl AISI 304 L mit elektropolierender Ausf\u00fchrung gefertigt.<\/li>\n<li>Der Tisch ist auf 4 Lenkrollen \u00f8 125 mm montiert, die mit einer fleckenfreien grauen Gummibandage gebremst sind, um die B\u00f6den nicht zu markieren.<\/li>\n<li>Mit seiner geringen Stellfl\u00e4che und dem ergonomischen Handhabungsgriff ist er sehr wendig.<\/li>\n<li>Ein leistungsstarker elektrischer Zylinder mit Befestigungselementen und Edelstahlstange erm\u00f6glicht die Anhebung des Tabletts in der richtigen H\u00f6he.<\/li>\n<li>Einfache und intuitive Steuerung durch kabelgebundene Steuerung mit 2 Tasten: &#8220;up&#8221; und &#8220;down&#8221;.<\/li>\n<li>F\u00fcr eine optimale Hygiene wird der gesamte Tisch unter einem Wasserstrahl gereinigt. Der Akku kann sehr einfach und ohne Werkzeug in wenigen Sekunden ausgetauscht werden.<\/li>\n<\/ul>\n\t\t\t\t<a href=\"https:\/\/www.tecram.ch\/wp-content\/uploads\/Tableau-100-ou-200-Kg-electrique.jpg\"  target=\"_self\" itemprop=\"url\" rel=\"lightbox-1\">\n\t\t\t\t<img decoding=\"async\" src=\"https:\/\/www.tecram.ch\/wp-content\/uploads\/Tableau-100-ou-200-Kg-electrique.jpg\" alt=\"Tableau 100 ou 200 Kg \u00e9lectrique\" itemprop=\"image\" height=\"161\" width=\"1154\" title=\"Tableau 100 ou 200 Kg \u00e9lectrique\" onerror=\"this.style.display='none'\" loading=\"lazy\" \/>\n\t\t\t\t<\/a>\n\t\t<iframe loading=\"lazy\" title=\"La table \u00e9l\u00e9vatrice mobile \u00e9lectrique INOX\" width=\"1200\" height=\"675\" src=\"https:\/\/www.youtube.com\/embed\/iR_g363cb68?feature=oembed\" frameborder=\"0\" allow=\"accelerometer; autoplay; clipboard-write; encrypted-media; gyroscope; picture-in-picture\" allowfullscreen><\/iframe>\t\n\t\t\t\t<a href=\"https:\/\/www.tecram.ch\/wp-content\/uploads\/Options-100-kg.jpg\"  target=\"_self\" itemprop=\"url\" rel=\"lightbox-2\">\n\t\t\t\t<img decoding=\"async\" src=\"https:\/\/www.tecram.ch\/wp-content\/uploads\/Options-100-kg.jpg\" alt=\"Options 100 kg\" itemprop=\"image\" height=\"600\" width=\"600\" title=\"Options 100 kg\" onerror=\"this.style.display='none'\" loading=\"lazy\" \/>\n\t\t\t\t<\/a>\n\t<p><a name=\"form\"><\/a><\/p>\n<h2>Frage dazu<\/h2>\n<script>\nvar gform;gform||(document.addEventListener(\"gform_main_scripts_loaded\",function(){gform.scriptsLoaded=!0}),document.addEventListener(\"gform\/theme\/scripts_loaded\",function(){gform.themeScriptsLoaded=!0}),window.addEventListener(\"DOMContentLoaded\",function(){gform.domLoaded=!0}),gform={domLoaded:!1,scriptsLoaded:!1,themeScriptsLoaded:!1,isFormEditor:()=>\"function\"==typeof InitializeEditor,callIfLoaded:function(o){return!(!gform.domLoaded||!gform.scriptsLoaded||!gform.themeScriptsLoaded&&!gform.isFormEditor()||(gform.isFormEditor()&&console.warn(\"The use of gform.initializeOnLoaded() is deprecated in the form editor context and will be removed in Gravity Forms 3.1.\"),o(),0))},initializeOnLoaded:function(o){gform.callIfLoaded(o)||(document.addEventListener(\"gform_main_scripts_loaded\",()=>{gform.scriptsLoaded=!0,gform.callIfLoaded(o)}),document.addEventListener(\"gform\/theme\/scripts_loaded\",()=>{gform.themeScriptsLoaded=!0,gform.callIfLoaded(o)}),window.addEventListener(\"DOMContentLoaded\",()=>{gform.domLoaded=!0,gform.callIfLoaded(o)}))},hooks:{action:{},filter:{}},addAction:function(o,r,e,t){gform.addHook(\"action\",o,r,e,t)},addFilter:function(o,r,e,t){gform.addHook(\"filter\",o,r,e,t)},doAction:function(o){gform.doHook(\"action\",o,arguments)},applyFilters:function(o){return gform.doHook(\"filter\",o,arguments)},removeAction:function(o,r){gform.removeHook(\"action\",o,r)},removeFilter:function(o,r,e){gform.removeHook(\"filter\",o,r,e)},addHook:function(o,r,e,t,n){null==gform.hooks[o][r]&&(gform.hooks[o][r]=[]);var d=gform.hooks[o][r];null==n&&(n=r+\"_\"+d.length),gform.hooks[o][r].push({tag:n,callable:e,priority:t=null==t?10:t})},doHook:function(r,o,e){var t;if(e=Array.prototype.slice.call(e,1),null!=gform.hooks[r][o]&&((o=gform.hooks[r][o]).sort(function(o,r){return o.priority-r.priority}),o.forEach(function(o){\"function\"!=typeof(t=o.callable)&&(t=window[t]),\"action\"==r?t.apply(null,e):e[0]=t.apply(null,e)})),\"filter\"==r)return e[0]},removeHook:function(o,r,t,n){var e;null!=gform.hooks[o][r]&&(e=(e=gform.hooks[o][r]).filter(function(o,r,e){return!!(null!=n&&n!=o.tag||null!=t&&t!=o.priority)}),gform.hooks[o][r]=e)}});\n<\/script>\n\n                <div class='gf_browser_gecko gform_wrapper gravity-theme gform-theme--no-framework' data-form-theme='gravity-theme' data-form-index='0' id='gform_wrapper_4' >\n                        <div class='gform_heading'>\n\t\t\t\t\t\t\t<p class='gform_required_legend'>&quot;<span class=\"gfield_required gfield_required_asterisk\">*<\/span>&quot; Pflichtfelder<\/p>\n                        <\/div><form method='post' enctype='multipart\/form-data'  id='gform_4'  action='\/de\/wp-json\/wp\/v2\/pages\/26582' data-formid='4' novalidate><div class='gf_invisible ginput_recaptchav3' data-sitekey='6LeVbpgqAAAAAKlPes66yg3nAeyJ3SYQiR1cxVfK' data-tabindex='0'><input id=\"input_35be03f21148cf7daf00d9edcddf7231\" class=\"gfield_recaptcha_response\" type=\"hidden\" name=\"input_35be03f21148cf7daf00d9edcddf7231\" value=\"\"\/><\/div>\n                        <div class='gform-body gform_body'><div id='gform_fields_4' class='gform_fields top_label form_sublabel_below description_below validation_below'><div id=\"field_4_14\" class=\"gfield gfield--type-honeypot gform_validation_container field_sublabel_below gfield--has-description field_description_below field_validation_below gfield_visibility_visible\"  ><label class='gfield_label gform-field-label' for='input_4_14'>Comments<\/label><div class='ginput_container'><input name='input_14' id='input_4_14' type='text' value='' autocomplete='new-password'\/><\/div><div class='gfield_description' id='gfield_description_4_14'>This field is for validation purposes and should be left unchanged.<\/div><\/div><div id=\"field_4_10\" class=\"gfield gfield--type-text gfield--width-half field_sublabel_below gfield--no-description field_description_below field_validation_below gfield_visibility_visible\"  ><label class='gfield_label gform-field-label' for='input_4_10'>Firma<\/label><div class='ginput_container ginput_container_text'><input name='input_10' id='input_4_10' type='text' value='' class='large'      aria-invalid=\"false\"   \/><\/div><\/div><fieldset id=\"field_4_11\" class=\"gfield gfield--type-radio gfield--type-choice gfield--width-half gf_list_inline gfield_contains_required field_sublabel_below gfield--no-description field_description_below field_validation_below gfield_visibility_visible\"  ><legend class='gfield_label gform-field-label' >Person<span class=\"gfield_required\"><span class=\"gfield_required gfield_required_asterisk\">*<\/span><\/span><\/legend><div class='ginput_container ginput_container_radio'><div class='gfield_radio' id='input_4_11'>\n\t\t\t<div class='gchoice gchoice_4_11_0'>\n\t\t\t\t\t<input class='gfield-choice-input' name='input_11' type='radio' value='Herr'  id='choice_4_11_0' onchange='gformToggleRadioOther( this )'    \/>\n\t\t\t\t\t<label for='choice_4_11_0' id='label_4_11_0' class='gform-field-label gform-field-label--type-inline'>Herr<\/label>\n\t\t\t<\/div>\n\t\t\t<div class='gchoice gchoice_4_11_1'>\n\t\t\t\t\t<input class='gfield-choice-input' name='input_11' type='radio' value='Frau'  id='choice_4_11_1' onchange='gformToggleRadioOther( this )'    \/>\n\t\t\t\t\t<label for='choice_4_11_1' id='label_4_11_1' class='gform-field-label gform-field-label--type-inline'>Frau<\/label>\n\t\t\t<\/div><\/div><\/div><\/fieldset><div id=\"field_4_2\" class=\"gfield gfield--type-text gfield--width-half gfield_contains_required field_sublabel_below gfield--no-description field_description_below field_validation_below gfield_visibility_visible\"  ><label class='gfield_label gform-field-label' for='input_4_2'>Name<span class=\"gfield_required\"><span class=\"gfield_required gfield_required_asterisk\">*<\/span><\/span><\/label><div class='ginput_container ginput_container_text'><input name='input_2' id='input_4_2' type='text' value='' class='large'     aria-required=\"true\" aria-invalid=\"false\"   \/><\/div><\/div><div id=\"field_4_3\" class=\"gfield gfield--type-text gfield--width-half gfield_contains_required field_sublabel_below gfield--no-description field_description_below field_validation_below gfield_visibility_visible\"  ><label class='gfield_label gform-field-label' for='input_4_3'>Vorname<span class=\"gfield_required\"><span class=\"gfield_required gfield_required_asterisk\">*<\/span><\/span><\/label><div class='ginput_container ginput_container_text'><input name='input_3' id='input_4_3' type='text' value='' class='large'     aria-required=\"true\" aria-invalid=\"false\"   \/><\/div><\/div><div id=\"field_4_12\" class=\"gfield gfield--type-text gfield--width-half gfield_contains_required field_sublabel_below gfield--no-description field_description_below field_validation_below gfield_visibility_visible\"  ><label class='gfield_label gform-field-label' for='input_4_12'>Strasse<span class=\"gfield_required\"><span class=\"gfield_required gfield_required_asterisk\">*<\/span><\/span><\/label><div class='ginput_container ginput_container_text'><input name='input_12' id='input_4_12' type='text' value='' class='large'     aria-required=\"true\" aria-invalid=\"false\"   \/><\/div><\/div><div id=\"field_4_13\" class=\"gfield gfield--type-text gfield--width-half gfield_contains_required field_sublabel_below gfield--no-description field_description_below field_validation_below gfield_visibility_visible\"  ><label class='gfield_label gform-field-label' for='input_4_13'>Nr.<span class=\"gfield_required\"><span class=\"gfield_required gfield_required_asterisk\">*<\/span><\/span><\/label><div class='ginput_container ginput_container_text'><input name='input_13' id='input_4_13' type='text' value='' class='large'     aria-required=\"true\" aria-invalid=\"false\"   \/><\/div><\/div><div id=\"field_4_4\" class=\"gfield gfield--type-text gfield--width-half gfield_contains_required field_sublabel_below gfield--no-description field_description_below field_validation_below gfield_visibility_visible\"  ><label class='gfield_label gform-field-label' for='input_4_4'>PLZ<span class=\"gfield_required\"><span class=\"gfield_required gfield_required_asterisk\">*<\/span><\/span><\/label><div class='ginput_container ginput_container_text'><input name='input_4' id='input_4_4' type='text' value='' class='large'     aria-required=\"true\" aria-invalid=\"false\"   \/><\/div><\/div><div id=\"field_4_5\" class=\"gfield gfield--type-text gfield--width-half gfield_contains_required field_sublabel_below gfield--no-description field_description_below field_validation_below gfield_visibility_visible\"  ><label class='gfield_label gform-field-label' for='input_4_5'>Ortschaft<span class=\"gfield_required\"><span class=\"gfield_required gfield_required_asterisk\">*<\/span><\/span><\/label><div class='ginput_container ginput_container_text'><input name='input_5' id='input_4_5' type='text' value='' class='large'     aria-required=\"true\" aria-invalid=\"false\"   \/><\/div><\/div><div id=\"field_4_7\" class=\"gfield gfield--type-email gfield--width-half gfield_contains_required field_sublabel_below gfield--no-description field_description_below field_validation_below gfield_visibility_visible\"  ><label class='gfield_label gform-field-label' for='input_4_7'>E-mail<span class=\"gfield_required\"><span class=\"gfield_required gfield_required_asterisk\">*<\/span><\/span><\/label><div class='ginput_container ginput_container_email'>\n                            <input name='input_7' id='input_4_7' type='email' value='' class='large'    aria-required=\"true\" aria-invalid=\"false\"  \/>\n                        <\/div><\/div><div id=\"field_4_6\" class=\"gfield gfield--type-text gfield--width-half gfield_contains_required field_sublabel_below gfield--no-description field_description_below field_validation_below gfield_visibility_visible\"  ><label class='gfield_label gform-field-label' for='input_4_6'>Telefon<span class=\"gfield_required\"><span class=\"gfield_required gfield_required_asterisk\">*<\/span><\/span><\/label><div class='ginput_container ginput_container_text'><input name='input_6' id='input_4_6' type='text' value='' class='large'     aria-required=\"true\" aria-invalid=\"false\"   \/><\/div><\/div><div id=\"field_4_9\" class=\"gfield gfield--type-text gfield--width-full gfield_contains_required field_sublabel_below gfield--no-description field_description_below field_validation_below gfield_visibility_visible\"  ><label class='gfield_label gform-field-label' for='input_4_9'>Betreff<span class=\"gfield_required\"><span class=\"gfield_required gfield_required_asterisk\">*<\/span><\/span><\/label><div class='ginput_container ginput_container_text'><input name='input_9' id='input_4_9' type='text' value='Frage - ' class='large'     aria-required=\"true\" aria-invalid=\"false\"   \/><\/div><\/div><div id=\"field_4_8\" class=\"gfield gfield--type-textarea gfield--width-full gfield_contains_required field_sublabel_below gfield--no-description field_description_below field_validation_below gfield_visibility_visible\"  ><label class='gfield_label gform-field-label' for='input_4_8'>Inhalt<span class=\"gfield_required\"><span class=\"gfield_required gfield_required_asterisk\">*<\/span><\/span><\/label><div class='ginput_container ginput_container_textarea'><textarea name='input_8' id='input_4_8' class='textarea small'     aria-required=\"true\" aria-invalid=\"false\"   rows='10' cols='50'><\/textarea><\/div><\/div><\/div><\/div>\n        <div class='gform-footer gform_footer top_label'> <input type='submit' id='gform_submit_button_4' class='gform_button button' onclick='gform.submission.handleButtonClick(this);' data-submission-type='submit' value='Senden'  \/> \n            <input type='hidden' class='gform_hidden' name='gform_submission_method' data-js='gform_submission_method_4' value='postback' \/>\n            <input type='hidden' class='gform_hidden' name='gform_theme' data-js='gform_theme_4' id='gform_theme_4' value='gravity-theme' \/>\n            <input type='hidden' class='gform_hidden' name='gform_style_settings' data-js='gform_style_settings_4' id='gform_style_settings_4' value='[]' \/>\n            <input type='hidden' class='gform_hidden' name='is_submit_4' value='1' \/>\n            <input type='hidden' class='gform_hidden' name='gform_submit' value='4' \/>\n            \n            <input type='hidden' class='gform_hidden' name='gform_unique_id' value='' \/>\n            <input type='hidden' class='gform_hidden' name='state_4' value='WyJ7XCIxMVwiOltcImE5ZGQ1YjEzNzgwMGRjYzk4ZDk3Y2YwYmIzOWExNzgwXCIsXCI1NTk0OGNlNGYwMjNmMDYzMDg1YzRkYTEwMjhjMWJkOVwiXX0iLCJkYmRjNTk4YzViOTE3MzUyMjZkNDk3ZGQxY2IyM2VmOSJd' \/>\n            <input type='hidden' autocomplete='off' class='gform_hidden' name='gform_target_page_number_4' id='gform_target_page_number_4' value='0' \/>\n            <input type='hidden' autocomplete='off' class='gform_hidden' name='gform_source_page_number_4' id='gform_source_page_number_4' value='1' \/>\n            <input type='hidden' name='gform_field_values' value='' \/>\n            \n        <\/div>\n                        <\/form>\n                        <\/div><script>\ngform.initializeOnLoaded( function() {gformInitSpinner( 4, 'https:\/\/www.tecram.ch\/wp-content\/plugins\/gravityforms\/images\/spinner.svg', true );jQuery('#gform_ajax_frame_4').on('load',function(){var contents = jQuery(this).contents().find('*').html();var is_postback = contents.indexOf('GF_AJAX_POSTBACK') >= 0;if(!is_postback){return;}var form_content = jQuery(this).contents().find('#gform_wrapper_4');var is_confirmation = jQuery(this).contents().find('#gform_confirmation_wrapper_4').length > 0;var is_redirect = contents.indexOf('gformRedirect(){') >= 0;var is_form = form_content.length > 0 && ! is_redirect && ! is_confirmation;var mt = parseInt(jQuery('html').css('margin-top'), 10) + parseInt(jQuery('body').css('margin-top'), 10) + 100;if(is_form){jQuery('#gform_wrapper_4').html(form_content.html());if(form_content.hasClass('gform_validation_error')){jQuery('#gform_wrapper_4').addClass('gform_validation_error');} else {jQuery('#gform_wrapper_4').removeClass('gform_validation_error');}setTimeout( function() { \/* delay the scroll by 50 milliseconds to fix a bug in chrome *\/  }, 50 );if(window['gformInitDatepicker']) {gformInitDatepicker();}if(window['gformInitPriceFields']) {gformInitPriceFields();}var current_page = jQuery('#gform_source_page_number_4').val();gformInitSpinner( 4, 'https:\/\/www.tecram.ch\/wp-content\/plugins\/gravityforms\/images\/spinner.svg', true );jQuery(document).trigger('gform_page_loaded', [4, current_page]);window['gf_submitting_4'] = false;}else if(!is_redirect){var confirmation_content = jQuery(this).contents().find('.GF_AJAX_POSTBACK').html();if(!confirmation_content){confirmation_content = contents;}jQuery('#gform_wrapper_4').replaceWith(confirmation_content);jQuery(document).trigger('gform_confirmation_loaded', [4]);window['gf_submitting_4'] = false;wp.a11y.speak(jQuery('#gform_confirmation_message_4').text());}else{jQuery('#gform_4').append(contents);if(window['gformRedirect']) {gformRedirect();}}jQuery(document).trigger(\"gform_pre_post_render\", [{ formId: \"4\", currentPage: \"current_page\", abort: function() { this.preventDefault(); } }]);        if (event && event.defaultPrevented) {                return;        }        const gformWrapperDiv = document.getElementById( \"gform_wrapper_4\" );        if ( gformWrapperDiv ) {            const visibilitySpan = document.createElement( \"span\" );            visibilitySpan.id = \"gform_visibility_test_4\";            gformWrapperDiv.insertAdjacentElement( \"afterend\", visibilitySpan );        }        const visibilityTestDiv = document.getElementById( \"gform_visibility_test_4\" );        let postRenderFired = false;        function triggerPostRender() {            if ( postRenderFired ) {                return;            }            postRenderFired = true;            gform.core.triggerPostRenderEvents( 4, current_page );            if ( visibilityTestDiv ) {                visibilityTestDiv.parentNode.removeChild( visibilityTestDiv );            }        }        function debounce( func, wait, immediate ) {            var timeout;            return function() {                var context = this, args = arguments;                var later = function() {                    timeout = null;                    if ( !immediate ) func.apply( context, args );                };                var callNow = immediate && !timeout;                clearTimeout( timeout );                timeout = setTimeout( later, wait );                if ( callNow ) func.apply( context, args );            };        }        const debouncedTriggerPostRender = debounce( function() {            triggerPostRender();        }, 200 );        if ( visibilityTestDiv && visibilityTestDiv.offsetParent === null ) {            const observer = new MutationObserver( ( mutations ) => {                mutations.forEach( ( mutation ) => {                    if ( mutation.type === 'attributes' && visibilityTestDiv.offsetParent !== null ) {                        debouncedTriggerPostRender();                        observer.disconnect();                    }                });            });            observer.observe( document.body, {                attributes: true,                childList: false,                subtree: true,                attributeFilter: [ 'style', 'class' ],            });        } else {            triggerPostRender();        }    } );} );\n<\/script>\n\n\t<h3>Unsere aktuellen Aktionen<\/h3>\n\t\t\t\t<a href=\"https:\/\/www.tecram.ch\/de\/home\/steigtechnik\/teletower-telescop-rollgeruest\/\"  target=\"_self\" itemprop=\"url\">\n\t\t\t\t<img decoding=\"async\" src=\"https:\/\/www.tecram.ch\/wp-content\/uploads\/Teletower_HP-600x600-1.jpg\" alt=\"Teletower_HP-600x600\" itemprop=\"image\" height=\"600\" width=\"600\" title=\"Teletower_HP-600x600\" onerror=\"this.style.display='none'\" loading=\"lazy\" \/>\n\t\t\t\t<\/a>\n\t<a href=\"https:\/\/www.tecram.ch\/de\/home\/steigtechnik\/teletower-telescop-rollgeruest\/\">Teletower<br \/>\nTelescop Rollger\u00fcst<\/a>\n<p><a href=\"https:\/\/www.tecram.ch\/de\/home\/steigtechnik\/teletower-telescop-rollgeruest\/\"><strong> Preis: 1&#8217;665.- CHF<\/strong><\/a><\/p>\n\t\t\t\t<a href=\"https:\/\/www.tecram.ch\/de\/home\/ergonomische-hebelifte\/ergonomische-hebelifte-und-minilift\/hovmand\/hebelift-hovmand-go\/\"  target=\"_self\" itemprop=\"url\">\n\t\t\t\t<img decoding=\"async\" src=\"https:\/\/www.tecram.ch\/wp-content\/uploads\/Hovmand-GO_1_HP-1-600x600-1.jpg\" alt=\"Hovmand-GO_1_HP-1-600x600\" itemprop=\"image\" height=\"600\" width=\"600\" title=\"Hovmand-GO_1_HP-1-600x600\" onerror=\"this.style.display='none'\" loading=\"lazy\" \/>\n\t\t\t\t<\/a>\n\t<a href=\"https:\/\/www.tecram.ch\/de\/home\/ergonomische-hebelifte\/ergonomische-hebelifte-und-minilift\/hovmand\/hebelift-hovmand-go\/\">Hebelift<br \/>\nHovmand GO<\/a><br \/>\n<strong>Preis: 2&#8217;065.- CHF<\/strong>\n\t\t\t\t<a href=\"https:\/\/www.tecram.ch\/de\/home\/treppensteiger\/treppensteiger-elektrisch-mit-bremse-xsto-zw7170-zw7210-zw7250\/\"  target=\"_self\" itemprop=\"url\">\n\t\t\t\t<img decoding=\"async\" src=\"https:\/\/www.tecram.ch\/wp-content\/uploads\/diables-monte-escalier-electriques-DMEG170-stockman-1-logo-promo.jpg\" alt=\"diables-monte-escalier-electriques-DMEG170-stockman-1 logo promo\" itemprop=\"image\" height=\"600\" width=\"600\" title=\"diables-monte-escalier-electriques-DMEG170-stockman-1 logo promo\" onerror=\"this.style.display='none'\" loading=\"lazy\" \/>\n\t\t\t\t<\/a>\n\t<a href=\"https:\/\/www.tecram.ch\/de\/home\/treppensteiger\/treppensteiger-elektrisch-mit-bremse-xsto-zw7170-zw7210-zw7250\/\">Treppensteiger elektrisch mit Bremse<br \/>\n170, 210 und 250 Kg<br \/>\nXSTO ZW7170, ZW7210 und ZW7250<\/a><br \/>\n<strong>Preis: ab 1&#8217;999.- CHF<\/strong>\n\t\t\t\t<a href=\"https:\/\/www.tecram.ch\/de\/home\/hubwagen-deichselstapler-hebelifte\/elektrohubwagen\/elektrohubwager-stockman-edge-pte15-n-pte20n\/\"  target=\"_self\" itemprop=\"url\">\n\t\t\t\t<img decoding=\"async\" src=\"https:\/\/www.tecram.ch\/wp-content\/uploads\/stockman_15n-edge_de.jpg\" alt=\"stockman_15n-edge_de\" itemprop=\"image\" height=\"1001\" width=\"1011\" title=\"stockman_15n-edge_de\" onerror=\"this.style.display='none'\" loading=\"lazy\" \/>\n\t\t\t\t<\/a>\n\t<p><a href=\"https:\/\/www.tecram.ch\/de\/home\/hubwagen-deichselstapler-hebelifte\/elektrohubwagen\/elektrohubwager-stockman-edge-pte15-n-pte20n\/\">Elektrohubwager <\/a><\/p>\n<p><a href=\"https:\/\/www.tecram.ch\/de\/home\/hubwagen-deichselstapler-hebelifte\/elektrohubwagen\/elektrohubwager-stockman-edge-pte15-n-pte20n\/\">Stockman Edge <\/a><\/p>\n<p><a href=\"https:\/\/www.tecram.ch\/de\/home\/hubwagen-deichselstapler-hebelifte\/elektrohubwagen\/elektrohubwager-stockman-edge-pte15-n-pte20n\/\"><strong>Preis : 2&#8217;290.- CHF<\/strong><\/a><\/p>\n\n","protected":false},"excerpt":{"rendered":"<p>Elektrischer mobiler Hubtisch INOX &#8211; 100 oder 200 Kg Siehe Datenblatt Frage dazu Der elektrische mobile Hubtisch aus Edelstahl ist batteriebetrieben. Es erleichtert die t\u00e4glichen Aufgaben des Personals und beugt Erkrankungen des Bewegungsapparates von R\u00fccken, Schultern und Armen vor. Der mobile Hubtisch kann zum Beispiel verwendet werden: um den Inhalt der Pfannen direkt in die &#8230; <a title=\"Elektrischer mobiler Hubtisch INOX &#8211; 100 oder 200 Kg\" class=\"read-more\" href=\"https:\/\/www.tecram.ch\/de\/home\/ergonomische-hebelifte\/mobile-hubtische\/hubtische-inox\/elektrischer-mobiler-hubtisch-inox-100-ou-200-kg\/\" aria-label=\"Read more about Elektrischer mobiler Hubtisch INOX &#8211; 100 oder 200 Kg\">Read more<\/a><\/p>\n","protected":false},"author":1,"featured_media":26567,"parent":27024,"menu_order":3,"comment_status":"closed","ping_status":"closed","template":"","meta":{"footnotes":""},"class_list":["post-26582","page","type-page","status-publish","has-post-thumbnail"],"aioseo_notices":[],"_links":{"self":[{"href":"https:\/\/www.tecram.ch\/de\/wp-json\/wp\/v2\/pages\/26582","targetHints":{"allow":["GET"]}}],"collection":[{"href":"https:\/\/www.tecram.ch\/de\/wp-json\/wp\/v2\/pages"}],"about":[{"href":"https:\/\/www.tecram.ch\/de\/wp-json\/wp\/v2\/types\/page"}],"author":[{"embeddable":true,"href":"https:\/\/www.tecram.ch\/de\/wp-json\/wp\/v2\/users\/1"}],"replies":[{"embeddable":true,"href":"https:\/\/www.tecram.ch\/de\/wp-json\/wp\/v2\/comments?post=26582"}],"version-history":[{"count":0,"href":"https:\/\/www.tecram.ch\/de\/wp-json\/wp\/v2\/pages\/26582\/revisions"}],"up":[{"embeddable":true,"href":"https:\/\/www.tecram.ch\/de\/wp-json\/wp\/v2\/pages\/27024"}],"wp:featuredmedia":[{"embeddable":true,"href":"https:\/\/www.tecram.ch\/de\/wp-json\/wp\/v2\/media\/26567"}],"wp:attachment":[{"href":"https:\/\/www.tecram.ch\/de\/wp-json\/wp\/v2\/media?parent=26582"}],"curies":[{"name":"wp","href":"https:\/\/api.w.org\/{rel}","templated":true}]}}