{"id":26285,"date":"2022-09-23T13:07:05","date_gmt":"2022-09-23T11:07:05","guid":{"rendered":"https:\/\/www.tecram.ch\/home\/minikraene-werkstattkraene\/mini-grues-electriques\/"},"modified":"2024-11-07T08:25:35","modified_gmt":"2024-11-07T07:25:35","slug":"elektrische-kraene","status":"publish","type":"page","link":"https:\/\/www.tecram.ch\/de\/home\/minikraene-werkstattkraene\/elektrische-kraene\/","title":{"rendered":"Elektrische Kr\u00e4ne"},"content":{"rendered":"\n\n\t<h1>Elektrische Kr\u00e4ne<\/h1>\n\t\t\t\t<a href=\"https:\/\/www.tecram.ch\/de\/home\/minikraene-werkstattkraene\/elektrische-kraene\/mobilev\/\" target=\"_self\" itemprop=\"url\" rel=\"noopener\">\n\t\t\t\t<img loading=\"lazy\" decoding=\"async\" src=\"https:\/\/www.tecram.ch\/wp-content\/uploads\/Vignette-electriques-MOBILEV.jpg\" alt=\"Vignette \u00e9lectriques MOBILEV\" itemprop=\"image\" height=\"600\" width=\"600\" title=\"Vignette \u00e9lectriques MOBILEV\" onerror=\"this.style.display='none'\"  \/>\n\t\t\t\t<\/a>\n\t<h3><a href=\"https:\/\/www.tecram.ch\/de\/home\/minikraene-werkstattkraene\/elektrische-kraene\/mobilev\/\">MOBILEV<\/a><\/h3>\n\t<h3>Nos promotions actuelles<\/h3>\n\t\t\t\t<a href=\"https:\/\/www.tecram.ch\/home\/technique-acces-en-hauteur\/echafaudage-roulant-telescopique-teletower\/\" target=\"_self\" itemprop=\"url\" rel=\"noopener\">\n\t\t\t\t<img loading=\"lazy\" decoding=\"async\" src=\"https:\/\/www.tecram.ch\/wp-content\/uploads\/Teletower_promo-600x600-1-300x300.jpg\" alt=\"Teletower_promo-600x600\" itemprop=\"image\" height=\"300\" width=\"300\" height=\"300\" width=\"300\" title=\"Teletower_promo-600x600\" onerror=\"this.style.display='none'\"  \/>\n\t\t\t\t<\/a>\n\t<p><a href=\"https:\/\/www.tecram.ch\/home\/technique-acces-en-hauteur\/echafaudage-roulant-telescopique-teletower\/\">Echafaudage roulant t\u00e9lescopique <\/a><\/p>\n<p><a href=\"https:\/\/www.tecram.ch\/home\/technique-acces-en-hauteur\/echafaudage-roulant-telescopique-teletower\/\">Teletower<\/a><\/p>\n<p><strong><a href=\"https:\/\/www.tecram.ch\/home\/technique-acces-en-hauteur\/echafaudage-roulant-telescopique-teletower\/\">Prix: 1&#8217;665.- CHF<\/a><\/strong><\/p>\n\n\t\t\t\t<a href=\"https:\/\/www.tecram.ch\/home\/chariots-de-manutention-ergonomiques\/chariots-gerbeurs-ergonomiques\/hovmand\/chariot-de-manutention-mini-gerbeur-hovmand-go\/\" target=\"_self\" itemprop=\"url\" rel=\"noopener\">\n\t\t\t\t<img loading=\"lazy\" decoding=\"async\" src=\"https:\/\/www.tecram.ch\/wp-content\/uploads\/Hovmand-GO_1_promo2-600x600-1-300x300.jpg\" alt=\"Hovmand-GO_1_promo2-600x600\" itemprop=\"image\" height=\"300\" width=\"300\" height=\"300\" width=\"300\" title=\"Hovmand-GO_1_promo2-600x600\" onerror=\"this.style.display='none'\"  \/>\n\t\t\t\t<\/a>\n\t<a href=\"https:\/\/www.tecram.ch\/home\/chariots-de-manutention-ergonomiques\/chariots-gerbeurs-ergonomiques\/hovmand\/chariot-de-manutention-mini-gerbeur-hovmand-go\/\">Chariot de manutention<br \/>\nmini-gerbeur Hovmand GO<\/a>\n<p><strong>Prix: 2&#8217;065.- CHF<\/strong><\/p>\n\t\t\t\t<a href=\"https:\/\/www.tecram.ch\/home\/diables-et-dispositifs-monte-escaliers\/diable-monte-escalier-electrique-avec-frein-170-et-200-kg-xsto-zw7170-et-zw7210\/\" target=\"_self\" itemprop=\"url\" rel=\"noopener\">\n\t\t\t\t<img loading=\"lazy\" decoding=\"async\" src=\"https:\/\/www.tecram.ch\/wp-content\/uploads\/diables-monte-escalier-electriques-DMEG170-stockman-1-logo-promo.jpg\" alt=\"diables-monte-escalier-electriques-DMEG170-stockman-1 logo promo\" itemprop=\"image\" height=\"600\" width=\"600\" title=\"diables-monte-escalier-electriques-DMEG170-stockman-1 logo promo\" onerror=\"this.style.display='none'\"  \/>\n\t\t\t\t<\/a>\n\t<a href=\"https:\/\/www.tecram.ch\/home\/diables-et-dispositifs-monte-escaliers\/diable-monte-escalier-electrique-avec-frein-170-et-200-kg-xsto-zw7170-et-zw7210\/\">Diable monte-escalier \u00e9lectrique avec frein &#8211; 170 et 200 Kg &#8211; XSTO ZW7170 et ZW7210<\/a><br \/>\n<strong>Prix: d\u00e8s 1&#8217;999.- CHF<\/strong>\n\t\t\t\t<a href=\"https:\/\/www.tecram.ch\/home\/transpalettes-gerbeurs-elevateurs\/transpalettes-electriques\/transpalette-electrique-stockman-edge-pte15-n-pte20n\/\" target=\"_self\" itemprop=\"url\" rel=\"noopener\">\n\t\t\t\t<img loading=\"lazy\" decoding=\"async\" src=\"https:\/\/www.tecram.ch\/wp-content\/uploads\/stockman_15n-edge_fr-300x297.jpg\" alt=\"stockman_15n-edge_fr\" itemprop=\"image\" height=\"297\" width=\"300\" title=\"stockman_15n-edge_fr\" onerror=\"this.style.display='none'\"  \/>\n\t\t\t\t<\/a>\n\t<a href=\"https:\/\/www.tecram.ch\/home\/transpalettes-gerbeurs-elevateurs\/transpalettes-electriques\/transpalette-electrique-stockman-edge-pte15-n-pte20n\/\"> Transpalette \u00e9lectrique<br \/>\nStockman EDGE<\/a><br \/>\n<strong>Prix: 2&#8217;290.- CHF<\/strong>\n\n","protected":false},"excerpt":{"rendered":"<p>Elektrische Kr\u00e4ne MOBILEV Nos promotions actuelles Echafaudage roulant t\u00e9lescopique Teletower Prix: 1&#8217;665.- CHF Chariot de manutention mini-gerbeur Hovmand GO Prix: 2&#8217;065.- CHF Diable monte-escalier \u00e9lectrique avec frein &#8211; 170 et 200 Kg &#8211; XSTO ZW7170 et ZW7210 Prix: d\u00e8s 1&#8217;999.- CHF Transpalette \u00e9lectrique Stockman EDGE Prix: 2&#8217;290.- CHF<\/p>\n","protected":false},"author":1,"featured_media":32631,"parent":3156,"menu_order":3,"comment_status":"closed","ping_status":"closed","template":"","meta":{"footnotes":""},"class_list":["post-26285","page","type-page","status-publish","has-post-thumbnail"],"aioseo_notices":[],"_links":{"self":[{"href":"https:\/\/www.tecram.ch\/de\/wp-json\/wp\/v2\/pages\/26285","targetHints":{"allow":["GET"]}}],"collection":[{"href":"https:\/\/www.tecram.ch\/de\/wp-json\/wp\/v2\/pages"}],"about":[{"href":"https:\/\/www.tecram.ch\/de\/wp-json\/wp\/v2\/types\/page"}],"author":[{"embeddable":true,"href":"https:\/\/www.tecram.ch\/de\/wp-json\/wp\/v2\/users\/1"}],"replies":[{"embeddable":true,"href":"https:\/\/www.tecram.ch\/de\/wp-json\/wp\/v2\/comments?post=26285"}],"version-history":[{"count":0,"href":"https:\/\/www.tecram.ch\/de\/wp-json\/wp\/v2\/pages\/26285\/revisions"}],"up":[{"embeddable":true,"href":"https:\/\/www.tecram.ch\/de\/wp-json\/wp\/v2\/pages\/3156"}],"wp:featuredmedia":[{"embeddable":true,"href":"https:\/\/www.tecram.ch\/de\/wp-json\/wp\/v2\/media\/32631"}],"wp:attachment":[{"href":"https:\/\/www.tecram.ch\/de\/wp-json\/wp\/v2\/media?parent=26285"}],"curies":[{"name":"wp","href":"https:\/\/api.w.org\/{rel}","templated":true}]}}