{"id":2590,"date":"2020-04-06T10:11:28","date_gmt":"2020-04-06T08:11:28","guid":{"rendered":"https:\/\/www.tecram.ch\/home\/leichte-und-kompakte-arbeitsbuehnen\/nacelles-picking-preparateurs\/"},"modified":"2026-04-28T08:40:12","modified_gmt":"2026-04-28T06:40:12","slug":"kommissionierbuehnen","status":"publish","type":"page","link":"https:\/\/www.tecram.ch\/de\/home\/leichte-und-kompakte-arbeitsbuehnen\/kommissionierbuehnen\/","title":{"rendered":"Kommissionierb\u00fchnen"},"content":{"rendered":"\n\n\t<h1>Kommissionierb\u00fchnen<\/h1>\n\t\t\t\t<a href=\"https:\/\/www.tecram.ch\/de\/home\/leichte-und-kompakte-arbeitsbuehnen\/kommissionierbuehnen\/kommissionierbuehnen-faraone-elevah-40-move-picking\/\"  target=\"_self\" itemprop=\"url\">\n\t\t\t\t<img decoding=\"async\" src=\"https:\/\/www.tecram.ch\/wp-content\/uploads\/e26f7d96c4526fdcfccabbc353db3af7gb.jpg\" alt=\"e26f7d96c4526fdcfccabbc353db3af7gb\" itemprop=\"image\" height=\"700\" width=\"700\" title=\"e26f7d96c4526fdcfccabbc353db3af7gb\" onerror=\"this.style.display='none'\" loading=\"lazy\" \/>\n\t\t\t\t<\/a>\n\t<h3><a href=\"https:\/\/www.tecram.ch\/de\/home\/leichte-und-kompakte-arbeitsbuehnen\/kommissionierbuehnen\/kommissionierbuehnen-faraone-elevah-40-move-picking\/\">ELEVAH 40 Move Picking<\/a><\/h3>\n<p>Arbeitsh\u00f6he: 4 m<\/p>\n\t\t\t\t<a href=\"https:\/\/www.tecram.ch\/de\/home\/leichte-und-kompakte-arbeitsbuehnen\/kommissionierbuehnen\/kommissionierbuehnen-faraone-elevah-40-tfl\/\"  target=\"_self\" itemprop=\"url\">\n\t\t\t\t<img decoding=\"async\" src=\"https:\/\/www.tecram.ch\/wp-content\/uploads\/elevah-40-move-tfl.jpg\" alt=\"elevah-40-move-tfl\" itemprop=\"image\" height=\"500\" width=\"500\" title=\"elevah-40-move-tfl\" onerror=\"this.style.display='none'\" loading=\"lazy\" \/>\n\t\t\t\t<\/a>\n\t<h3><a href=\"https:\/\/www.tecram.ch\/de\/home\/leichte-und-kompakte-arbeitsbuehnen\/kommissionierbuehnen\/kommissionierbuehnen-faraone-elevah-40-tfl\/\">ELEVAH 40 Move T.FL<\/a><\/h3>\n<p>Arbeitsh\u00f6he: 4 m<\/p>\n\t\t\t\t<a href=\"https:\/\/www.tecram.ch\/de\/home\/leichte-und-kompakte-arbeitsbuehnen\/kommissionierbuehnen\/kommissionierer-selbstfahrend-faraone-elevah-5-move-picking\/\"  target=\"_self\" itemprop=\"url\">\n\t\t\t\t<img decoding=\"async\" src=\"https:\/\/www.tecram.ch\/wp-content\/uploads\/1667496544-5-mp-1.jpg\" alt=\"1667496544-5-mp-1\" itemprop=\"image\" height=\"1000\" width=\"1000\" title=\"1667496544-5-mp-1\" onerror=\"this.style.display='none'\" loading=\"lazy\" \/>\n\t\t\t\t<\/a>\n\t<h3><a href=\"https:\/\/www.tecram.ch\/de\/home\/leichte-und-kompakte-arbeitsbuehnen\/kommissionierbuehnen\/kommissionierer-selbstfahrend-faraone-elevah-5-move-picking\/\">ELEVAH 5 Move Picking<\/a><\/h3>\n<p>Arbeitsh\u00f6he: 5,15 m<\/p>\n\t\t\t\t<a href=\"https:\/\/www.tecram.ch\/de\/home\/leichte-und-kompakte-arbeitsbuehnen\/kommissionierbuehnen\/kommissionierbuehnen-faraone-elevah-e5-move-tfl\/\"  target=\"_self\" itemprop=\"url\">\n\t\t\t\t<img decoding=\"async\" src=\"https:\/\/www.tecram.ch\/wp-content\/uploads\/elevah-5-move-tfl.jpg\" alt=\"elevah-5-move-tfl\" itemprop=\"image\" height=\"500\" width=\"500\" title=\"elevah-5-move-tfl\" onerror=\"this.style.display='none'\" loading=\"lazy\" \/>\n\t\t\t\t<\/a>\n\t<h3><a href=\"https:\/\/www.tecram.ch\/de\/home\/leichte-und-kompakte-arbeitsbuehnen\/kommissionierbuehnen\/kommissionierbuehnen-faraone-elevah-e5-move-tfl\/\">ELEVAH 5 Move T.FL<\/a><\/h3>\n<p>Arbeitsh\u00f6he: 5,15 m<\/p>\n\t\t\t\t<a href=\"https:\/\/www.tecram.ch\/de\/home\/leichte-und-kompakte-arbeitsbuehnen\/kommissionierbuehnen\/kommissionierer-selbstfahrend-faraone-elevah-5-move-picking-inox\/\"  target=\"_self\" itemprop=\"url\">\n\t\t\t\t<img decoding=\"async\" src=\"https:\/\/www.tecram.ch\/wp-content\/uploads\/preparateur-faraone-elevah-5-move-picking-inox.jpg\" alt=\"Pr\u00e9parateur Faraone ELEVAH 5 Move Picking INOX\" itemprop=\"image\" height=\"600\" width=\"600\" title=\"preparateur-faraone-elevah-5-move-picking-inox\" onerror=\"this.style.display='none'\" loading=\"lazy\" \/>\n\t\t\t\t<\/a>\n\t<h3><a href=\"https:\/\/www.tecram.ch\/de\/home\/leichte-und-kompakte-arbeitsbuehnen\/kommissionierbuehnen\/kommissionierer-selbstfahrend-faraone-elevah-5-move-picking-inox\/\">ELEVAH 5 Inox Picking<\/a><\/h3>\n<p>Arbeitsh\u00f6he: 5,15 m<\/p>\n\t\t\t\t<a href=\"https:\/\/www.tecram.ch\/de\/home\/leichte-und-kompakte-arbeitsbuehnen\/kommissionierbuehnen\/elevah-e6-move-picking\/\"  target=\"_self\" itemprop=\"url\">\n\t\t\t\t<img decoding=\"async\" src=\"https:\/\/www.tecram.ch\/wp-content\/uploads\/elevah-e6-move-picking.jpg\" alt=\"ELEVAH E6 Move Picking\" itemprop=\"image\" height=\"600\" width=\"600\" title=\"elevah-e6-move-picking\" onerror=\"this.style.display='none'\" loading=\"lazy\" \/>\n\t\t\t\t<\/a>\n\t<h3><a href=\"https:\/\/www.tecram.ch\/de\/home\/leichte-und-kompakte-arbeitsbuehnen\/kommissionierbuehnen\/elevah-e6-move-picking\/\">ELEVAH 6 Move Picking<\/a><\/h3>\n<p>Arbeitsh\u00f6he: 6 m<\/p>\n\t\t\t\t<a href=\"https:\/\/www.tecram.ch\/de\/home\/leichte-und-kompakte-arbeitsbuehnen\/kommissionierbuehnen\/elevah-e6-move-t-fl\/\"  target=\"_self\" itemprop=\"url\">\n\t\t\t\t<img decoding=\"async\" src=\"https:\/\/www.tecram.ch\/wp-content\/uploads\/elevah-e6-move-tfl.jpg\" alt=\"elevah-e6-move-tfl\" itemprop=\"image\" height=\"600\" width=\"600\" title=\"elevah-e6-move-tfl\" onerror=\"this.style.display='none'\" loading=\"lazy\" \/>\n\t\t\t\t<\/a>\n\t<h3><a href=\"https:\/\/www.tecram.ch\/de\/home\/leichte-und-kompakte-arbeitsbuehnen\/kommissionierbuehnen\/kommissionierer-faraone-elevah-65-move-picking\/\">ELEVAH 6 Move T.FL<\/a><\/h3>\n<p>Arbeitsh\u00f6he: 6 m<\/p>\n\t\t\t\t<a href=\"https:\/\/www.tecram.ch\/de\/home\/leichte-und-kompakte-arbeitsbuehnen\/kommissionierbuehnen\/kommissionierer-faraone-elevah-65-move-picking\/\"  target=\"_self\" itemprop=\"url\">\n\t\t\t\t<img decoding=\"async\" src=\"https:\/\/www.tecram.ch\/wp-content\/uploads\/a1bc75372d4358dc3475112fedf9e4dagb.jpg\" alt=\"a1bc75372d4358dc3475112fedf9e4dagb\" itemprop=\"image\" height=\"700\" width=\"700\" title=\"a1bc75372d4358dc3475112fedf9e4dagb\" onerror=\"this.style.display='none'\" loading=\"lazy\" \/>\n\t\t\t\t<\/a>\n\t<h3><a href=\"https:\/\/www.tecram.ch\/de\/home\/leichte-und-kompakte-arbeitsbuehnen\/kommissionierbuehnen\/kommissionierer-faraone-elevah-65-move-picking\/\">ELEVAH 65 Move Picking<\/a><\/h3>\n<p>Arbeitsh\u00f6he: 6,50 m<\/p>\n\t\t\t\t<a href=\"https:\/\/www.tecram.ch\/de\/home\/leichte-und-kompakte-arbeitsbuehnen\/kommissionierbuehnen\/elevah-8-move-picking\/\"  target=\"_self\" itemprop=\"url\">\n\t\t\t\t<img decoding=\"async\" src=\"https:\/\/www.tecram.ch\/wp-content\/uploads\/elevah-8-move-picking.jpg\" alt=\"elevah-8-move-picking\" itemprop=\"image\" height=\"500\" width=\"500\" title=\"elevah-8-move-picking\" onerror=\"this.style.display='none'\" loading=\"lazy\" \/>\n\t\t\t\t<\/a>\n\t<h3><a href=\"https:\/\/www.tecram.ch\/de\/home\/leichte-und-kompakte-arbeitsbuehnen\/kommissionierbuehnen\/elevah-8-move-picking\/\">ELEVAH 8 Move Picking<\/a><\/h3>\n<p>Arbeitsh\u00f6he: 7,6 m<\/p>\n\t\t\t\t<a href=\"https:\/\/www.tecram.ch\/de\/home\/leichte-und-kompakte-arbeitsbuehnen\/kommissionierbuehnen\/kommissionierer-elevah-80-move-picking\/\"  target=\"_self\" itemprop=\"url\">\n\t\t\t\t<img decoding=\"async\" src=\"https:\/\/www.tecram.ch\/wp-content\/uploads\/elevah-80-move-picking.jpg\" alt=\"elevah-80-move-picking\" itemprop=\"image\" height=\"500\" width=\"500\" title=\"elevah-80-move-picking\" onerror=\"this.style.display='none'\" loading=\"lazy\" \/>\n\t\t\t\t<\/a>\n\t<h3><a href=\"https:\/\/www.tecram.ch\/de\/home\/leichte-und-kompakte-arbeitsbuehnen\/kommissionierbuehnen\/kommissionierer-elevah-80-move-picking\/\">ELEVAH 80 Move Picking<\/a><\/h3>\n<p>Arbeitsh\u00f6he: 7,78 m<\/p>\n\t\t\t\t<a href=\"https:\/\/www.tecram.ch\/de\/home\/leichte-und-kompakte-arbeitsbuehnen\/kommissionierbuehnen\/manuell-angetriebener-kommissionierkorb-bravi-spin-go\/\"  target=\"_self\" itemprop=\"url\">\n\t\t\t\t<img decoding=\"async\" src=\"https:\/\/www.tecram.ch\/wp-content\/uploads\/Spin-Go_Bravi.png\" alt=\"Spin-Go_Bravi\" itemprop=\"image\" height=\"600\" width=\"600\" title=\"Spin-Go_Bravi\" onerror=\"this.style.display='none'\" loading=\"lazy\" \/>\n\t\t\t\t<\/a>\n\t<h3><a href=\"https:\/\/www.tecram.ch\/de\/home\/leichte-und-kompakte-arbeitsbuehnen\/kommissionierbuehnen\/manuell-angetriebener-kommissionierkorb-bravi-spin-go\/\">Bravi Spin-Go<\/a><\/h3>\n<p>Arbeitsh\u00f6he: 4,17 m<\/p>\n\t\t\t\t<a href=\"https:\/\/www.tecram.ch\/de\/home\/leichte-und-kompakte-arbeitsbuehnen\/kommissionierbuehnen\/kommissionierarbeitsbuehne-bravi-sprint\/\"  target=\"_self\" itemprop=\"url\">\n\t\t\t\t<img decoding=\"async\" src=\"https:\/\/www.tecram.ch\/wp-content\/uploads\/bravi-sprint.webp\" alt=\"Nacelle Picking Bravi Sprint\" itemprop=\"image\" height=\"400\" width=\"400\" title=\"bravi-sprint\" onerror=\"this.style.display='none'\" loading=\"lazy\" \/>\n\t\t\t\t<\/a>\n\t<h3><a href=\"https:\/\/www.tecram.ch\/de\/home\/leichte-und-kompakte-arbeitsbuehnen\/kommissionierbuehnen\/kommissionierarbeitsbuehne-bravi-sprint\/\">Bravi Sprint<\/a><\/h3>\n<p>Arbeitsh\u00f6he: 5,35 m<\/p>\n\t<h3>Unsere aktuellen Aktionen<\/h3>\n\t\t\t\t<a href=\"https:\/\/www.tecram.ch\/de\/home\/steigtechnik\/teletower-telescop-rollgeruest\/\"  target=\"_self\" itemprop=\"url\">\n\t\t\t\t<img decoding=\"async\" src=\"https:\/\/www.tecram.ch\/wp-content\/uploads\/teletower.jpg\" alt=\"teletower\" itemprop=\"image\" height=\"400\" width=\"400\" title=\"teletower\" onerror=\"this.style.display='none'\" loading=\"lazy\" \/>\n\t\t\t\t<\/a>\n\t<a href=\"https:\/\/www.tecram.ch\/de\/home\/steigtechnik\/teletower-telescop-rollgeruest\/\">Teletower<br \/>\nTelescop Rollger\u00fcst<\/a>\n<p><a href=\"https:\/\/www.tecram.ch\/de\/home\/steigtechnik\/teletower-telescop-rollgeruest\/\"><strong>CHF 1&#8217;600.- inkl. MwSt.<\/strong><\/a><\/p>\n\t\t\t\t<a href=\"https:\/\/www.tecram.ch\/de\/home\/ergonomische-hebelifte\/ergonomische-hebelifte-und-minilift\/hovmand\/hebelift-hovmand-go\/\"  target=\"_self\" itemprop=\"url\">\n\t\t\t\t<img decoding=\"async\" src=\"https:\/\/www.tecram.ch\/wp-content\/uploads\/chariot-de-manutention-mini-gerbeur-hovmand-go.jpg\" alt=\"Chariot de manutention - mini gerbeur HOVMAND GO\" itemprop=\"image\" height=\"600\" width=\"600\" title=\"chariot-de-manutention-mini-gerbeur-hovmand-go\" onerror=\"this.style.display='none'\" loading=\"lazy\" \/>\n\t\t\t\t<\/a>\n\t<a href=\"https:\/\/www.tecram.ch\/de\/home\/ergonomische-hebelifte\/ergonomische-hebelifte-und-minilift\/hovmand\/hebelift-hovmand-go\/\">Hebelift<br \/>\nHovmand GO<\/a><br \/>\n<strong>CHF 2&#8217;095.-<\/strong>\n\t\t\t\t<a href=\"https:\/\/www.tecram.ch\/de\/home\/ergonomische-hebelifte\/manuelle-sackkarre\/aluminium-sackkarre-transportwagen-2-in-1-250kg-350kg-stockman-stc2\/\"  target=\"_self\" itemprop=\"url\">\n\t\t\t\t<img decoding=\"async\" src=\"https:\/\/www.tecram.ch\/wp-content\/uploads\/stockman-stc2.webp\" alt=\"stockman-stc2\" itemprop=\"image\" height=\"400\" width=\"400\" title=\"stockman-stc2\" onerror=\"this.style.display='none'\" loading=\"lazy\" \/>\n\t\t\t\t<\/a>\n\t<a href=\"https:\/\/www.tecram.ch\/de\/home\/ergonomische-hebelifte\/manuelle-sackkarre\/aluminium-sackkarre-transportwagen-2-in-1-250kg-350kg-stockman-stc2\/\">Aluminium Sackkarre\/Transportwagen 2 in 1- 250kg\/350kg &#8211; Stockman STC2<\/a><br \/>\n<strong>CHF 352.-<\/strong>\n\t\t\t\t<a href=\"https:\/\/www.tecram.ch\/de\/home\/treppensteiger\/treppensteiger-antifailover-420-kg-xsto-ct420s\/\"  target=\"_self\" itemprop=\"url\">\n\t\t\t\t<img decoding=\"async\" src=\"https:\/\/www.tecram.ch\/wp-content\/uploads\/XSTO-CT420S-1.jpg\" alt=\"XSTO-CT420S-1\" itemprop=\"image\" height=\"600\" width=\"600\" title=\"XSTO-CT420S-1\" onerror=\"this.style.display='none'\" loading=\"lazy\" \/>\n\t\t\t\t<\/a>\n\t<a href=\"https:\/\/www.tecram.ch\/de\/home\/treppensteiger\/treppensteiger-antifailover-420-kg-xsto-ct420s\/\">Treppensteiger<br \/>\nXSTO CT420S<\/a>\n<p><a href=\"https:\/\/www.tecram.ch\/de\/home\/treppensteiger\/treppensteiger-antifailover-420-kg-xsto-ct420s\/\"><strong>CHF 7&#8217;900.- <\/strong><\/a><\/p>\n\n","protected":false},"excerpt":{"rendered":"<p>Kommissionierb\u00fchnen ELEVAH 40 Move Picking Arbeitsh\u00f6he: 4 m ELEVAH 40 Move T.FL Arbeitsh\u00f6he: 4 m ELEVAH 5 Move Picking Arbeitsh\u00f6he: 5,15 m ELEVAH 5 Move T.FL Arbeitsh\u00f6he: 5,15 m ELEVAH 5 Inox Picking Arbeitsh\u00f6he: 5,15 m ELEVAH 6 Move Picking Arbeitsh\u00f6he: 6 m ELEVAH 6 Move T.FL Arbeitsh\u00f6he: 6 m ELEVAH 65 Move Picking Arbeitsh\u00f6he: &#8230; <a title=\"Kommissionierb\u00fchnen\" class=\"read-more\" href=\"https:\/\/www.tecram.ch\/de\/home\/leichte-und-kompakte-arbeitsbuehnen\/kommissionierbuehnen\/\" aria-label=\"Read more about Kommissionierb\u00fchnen\">Read more<\/a><\/p>\n","protected":false},"author":1,"featured_media":17661,"parent":1350,"menu_order":3,"comment_status":"closed","ping_status":"closed","template":"","meta":{"footnotes":""},"class_list":["post-2590","page","type-page","status-publish","has-post-thumbnail"],"aioseo_notices":[],"_links":{"self":[{"href":"https:\/\/www.tecram.ch\/de\/wp-json\/wp\/v2\/pages\/2590","targetHints":{"allow":["GET"]}}],"collection":[{"href":"https:\/\/www.tecram.ch\/de\/wp-json\/wp\/v2\/pages"}],"about":[{"href":"https:\/\/www.tecram.ch\/de\/wp-json\/wp\/v2\/types\/page"}],"author":[{"embeddable":true,"href":"https:\/\/www.tecram.ch\/de\/wp-json\/wp\/v2\/users\/1"}],"replies":[{"embeddable":true,"href":"https:\/\/www.tecram.ch\/de\/wp-json\/wp\/v2\/comments?post=2590"}],"version-history":[{"count":3,"href":"https:\/\/www.tecram.ch\/de\/wp-json\/wp\/v2\/pages\/2590\/revisions"}],"predecessor-version":[{"id":49410,"href":"https:\/\/www.tecram.ch\/de\/wp-json\/wp\/v2\/pages\/2590\/revisions\/49410"}],"up":[{"embeddable":true,"href":"https:\/\/www.tecram.ch\/de\/wp-json\/wp\/v2\/pages\/1350"}],"wp:featuredmedia":[{"embeddable":true,"href":"https:\/\/www.tecram.ch\/de\/wp-json\/wp\/v2\/media\/17661"}],"wp:attachment":[{"href":"https:\/\/www.tecram.ch\/de\/wp-json\/wp\/v2\/media?parent=2590"}],"curies":[{"name":"wp","href":"https:\/\/api.w.org\/{rel}","templated":true}]}}