{"id":17283,"date":"2021-06-28T10:34:12","date_gmt":"2021-06-28T08:34:12","guid":{"rendered":"https:\/\/www.tecram.ch\/home\/leichte-und-kompakte-arbeitsbuehnen\/selbstfahrende-hebebuehnen\/elevah\/serie-elevah-80-move\/"},"modified":"2026-04-15T15:48:42","modified_gmt":"2026-04-15T13:48:42","slug":"serie-elevah-80-move","status":"publish","type":"page","link":"https:\/\/www.tecram.ch\/de\/home\/leichte-und-kompakte-arbeitsbuehnen\/selbstfahrende-hebebuehnen\/elevah\/serie-elevah-80-move\/","title":{"rendered":"Serie Elevah 80 Move"},"content":{"rendered":"\r\n\t<h1>Serie ELEVAH 80 MOVE<\/h1>\r\n\t\t\t\t<a href=\"https:\/\/www.tecram.ch\/de\/home\/leichte-und-kompakte-arbeitsbuehnen\/selbstfahrende-hebebuehnen\/elevah\/serie-elevah-80-move\/arbeitsbuehne-faraone-elevah-80-move\/\" target=\"_self\" itemprop=\"url\" rel=\"noopener noreferrer\">\r\n\t\t\t\t<img loading=\"lazy\" decoding=\"async\" src=\"https:\/\/www.tecram.ch\/wp-content\/uploads\/sommaire-micro-nacelle-faraone-elevah-80.jpg\" alt=\"Micro-nacelle Faraone ELEVAH 80 Move\" itemprop=\"image\" height=\"600\" width=\"600\" title=\"sommaire-micro-nacelle-faraone-elevah-80\" onerror=\"this.style.display='none'\"  \/>\r\n\t\t\t\t<\/a>\r\n\t<h3><a href=\"https:\/\/www.tecram.ch\/de\/home\/leichte-und-kompakte-arbeitsbuehnen\/selbstfahrende-hebebuehnen\/elevah\/serie-elevah-80-move\/arbeitsbuehne-faraone-elevah-80-move\/\">Arbeitsb\u00fchne &#8211; Faraone &#8211;<\/a><\/h3>\r\n<h3><a href=\"https:\/\/www.tecram.ch\/de\/home\/leichte-und-kompakte-arbeitsbuehnen\/selbstfahrende-hebebuehnen\/elevah\/serie-elevah-80-move\/arbeitsbuehne-faraone-elevah-80-move\/\">ELEVAH 80 MOVE<\/a><\/h3>\r\n\t\t\t\t<a href=\"https:\/\/www.tecram.ch\/de\/home\/leichte-und-kompakte-arbeitsbuehnen\/selbstfahrende-hebebuehnen\/elevah\/serie-elevah-80-move\/arbeitsbuehne-faraone-elevah-80-es-move\/\" target=\"_self\" itemprop=\"url\" rel=\"noopener noreferrer\">\r\n\t\t\t\t<img loading=\"lazy\" decoding=\"async\" src=\"https:\/\/www.tecram.ch\/wp-content\/uploads\/sommaire-micro-nacelle-faraone-elevah-80-es-move.jpg\" alt=\"Micro-nacelle Faraone ELEVAH 80 ES Move\" itemprop=\"image\" height=\"600\" width=\"600\" title=\"sommaire-micro-nacelle-faraone-elevah-80-es-move\" onerror=\"this.style.display='none'\"  \/>\r\n\t\t\t\t<\/a>\r\n\t<h3><a href=\"https:\/\/www.tecram.ch\/de\/home\/leichte-und-kompakte-arbeitsbuehnen\/selbstfahrende-hebebuehnen\/elevah\/serie-elevah-80-move\/arbeitsbuehne-faraone-elevah-80-es-move\/\">Arbeitsb\u00fchne &#8211; Faraone &#8211;<\/a><\/h3>\r\n<h3><a href=\"https:\/\/www.tecram.ch\/de\/home\/leichte-und-kompakte-arbeitsbuehnen\/selbstfahrende-hebebuehnen\/elevah\/serie-elevah-80-move\/arbeitsbuehne-faraone-elevah-80-es-move\/\">ELEVAH 80 ES MOVE<\/a><\/h3>\r\n\t<h3>Unsere aktuellen Aktionen<\/h3>\r\n\t\t\t\t<a href=\"https:\/\/www.tecram.ch\/de\/home\/steigtechnik\/teletower-telescop-rollgeruest\/\" target=\"_self\" itemprop=\"url\" rel=\"noopener noreferrer\">\r\n\t\t\t\t<img loading=\"lazy\" decoding=\"async\" src=\"https:\/\/www.tecram.ch\/wp-content\/uploads\/Teletower_HP-600x600-1.jpg\" alt=\"Teletower_HP-600x600\" itemprop=\"image\" height=\"600\" width=\"600\" title=\"Teletower_HP-600x600\" onerror=\"this.style.display='none'\"  \/>\r\n\t\t\t\t<\/a>\r\n\t<a href=\"https:\/\/www.tecram.ch\/de\/home\/steigtechnik\/teletower-telescop-rollgeruest\/\">Teletower<br \/>\r\nTelescop Rollger\u00fcst<\/a><br \/>\r\n<strong>Preis: 1&#8217;395.- CHF<\/strong>\r\n\t\t\t\t<a href=\"https:\/\/www.tecram.ch\/de\/home\/ergonomische-hebelifte\/ergonomische-hebelifte-und-minilift\/hovmand\/hebelift-hovmand-go\/\" target=\"_self\" itemprop=\"url\" rel=\"noopener noreferrer\">\r\n\t\t\t\t<img loading=\"lazy\" decoding=\"async\" src=\"https:\/\/www.tecram.ch\/wp-content\/uploads\/Hovmand-GO_1_HP-1-600x600-1.jpg\" alt=\"Hovmand-GO_1_HP-1-600x600\" itemprop=\"image\" height=\"600\" width=\"600\" title=\"Hovmand-GO_1_HP-1-600x600\" onerror=\"this.style.display='none'\"  \/>\r\n\t\t\t\t<\/a>\r\n\t<a href=\"https:\/\/www.tecram.ch\/de\/home\/ergonomische-hebelifte\/ergonomische-hebelifte-und-minilift\/hovmand\/hebelift-hovmand-go\/\">Hebelift<br \/>\r\nHovmand GO<\/a><br \/>\r\n<strong>Preis: 1&#8217;590.- CHF<\/strong>\r\n\t\t\t\t<a href=\"https:\/\/www.tecram.ch\/de\/home\/treppensteiger\/treppensteiger-xsto-elektrisch\/\" target=\"_self\" itemprop=\"url\" rel=\"noopener noreferrer\">\r\n\t\t\t\t<img loading=\"lazy\" decoding=\"async\" src=\"https:\/\/www.tecram.ch\/wp-content\/uploads\/xsto_hp.jpg\" alt=\"xsto_hp\" itemprop=\"image\" height=\"640\" width=\"640\" title=\"xsto_hp\" onerror=\"this.style.display='none'\"  \/>\r\n\t\t\t\t<\/a>\r\n\t<a href=\"https:\/\/www.tecram.ch\/de\/home\/treppensteiger\/treppensteiger-xsto-elektrisch\/\">Treppensteiger XSTO<br \/>\r\nelektrisch<\/a><br \/>\r\n<strong>Preis: 2&#8217;280.- CHF<\/strong>\r\n\t\t\t\t<a href=\"https:\/\/www.tecram.ch\/de\/home\/hubwagen-deichselstapler-hebelifte\/elektrohubwagen\/elektrohubwager-stockman-edge-pte15-n-pte20n\/\" target=\"_self\" itemprop=\"url\" rel=\"noopener noreferrer\">\r\n\t\t\t\t<img loading=\"lazy\" decoding=\"async\" src=\"https:\/\/www.tecram.ch\/wp-content\/uploads\/stockman_15n-edge_de.jpg\" alt=\"stockman_15n-edge_de\" itemprop=\"image\" height=\"1001\" width=\"1011\" title=\"stockman_15n-edge_de\" onerror=\"this.style.display='none'\"  \/>\r\n\t\t\t\t<\/a>\r\n\t<a href=\"https:\/\/www.tecram.ch\/de\/home\/hubwagen-deichselstapler-hebelifte\/elektrohubwagen\/elektrohubwager-stockman-edge-pte15-n-pte20n\/\">Elektrohubwager<\/a><br \/>\r\nStockman EDGE<br \/>\r\n<strong>Preis: 2&#8217;250.- CHF<\/strong>\r\n","protected":false},"excerpt":{"rendered":"<p>Serie ELEVAH 80 MOVE Arbeitsb\u00fchne &#8211; Faraone &#8211; ELEVAH 80 MOVE Arbeitsb\u00fchne &#8211; Faraone &#8211; ELEVAH 80 ES MOVE Unsere aktuellen Aktionen Teletower Telescop Rollger\u00fcst Preis: 1&#8217;395.- CHF Hebelift Hovmand GO Preis: 1&#8217;590.- CHF Treppensteiger XSTO elektrisch Preis: 2&#8217;280.- CHF Elektrohubwager Stockman EDGE Preis: 2&#8217;250.- CHF<\/p>\n","protected":false},"author":1,"featured_media":2496,"parent":1358,"menu_order":5,"comment_status":"closed","ping_status":"closed","template":"","meta":{"footnotes":""},"class_list":["post-17283","page","type-page","status-publish","has-post-thumbnail"],"aioseo_notices":[],"_links":{"self":[{"href":"https:\/\/www.tecram.ch\/de\/wp-json\/wp\/v2\/pages\/17283","targetHints":{"allow":["GET"]}}],"collection":[{"href":"https:\/\/www.tecram.ch\/de\/wp-json\/wp\/v2\/pages"}],"about":[{"href":"https:\/\/www.tecram.ch\/de\/wp-json\/wp\/v2\/types\/page"}],"author":[{"embeddable":true,"href":"https:\/\/www.tecram.ch\/de\/wp-json\/wp\/v2\/users\/1"}],"replies":[{"embeddable":true,"href":"https:\/\/www.tecram.ch\/de\/wp-json\/wp\/v2\/comments?post=17283"}],"version-history":[{"count":1,"href":"https:\/\/www.tecram.ch\/de\/wp-json\/wp\/v2\/pages\/17283\/revisions"}],"predecessor-version":[{"id":49135,"href":"https:\/\/www.tecram.ch\/de\/wp-json\/wp\/v2\/pages\/17283\/revisions\/49135"}],"up":[{"embeddable":true,"href":"https:\/\/www.tecram.ch\/de\/wp-json\/wp\/v2\/pages\/1358"}],"wp:featuredmedia":[{"embeddable":true,"href":"https:\/\/www.tecram.ch\/de\/wp-json\/wp\/v2\/media\/2496"}],"wp:attachment":[{"href":"https:\/\/www.tecram.ch\/de\/wp-json\/wp\/v2\/media?parent=17283"}],"curies":[{"name":"wp","href":"https:\/\/api.w.org\/{rel}","templated":true}]}}