{"id":1710,"date":"2020-04-07T09:19:06","date_gmt":"2020-04-07T07:19:06","guid":{"rendered":"https:\/\/www.tecram.ch\/home\/leichte-und-kompakte-arbeitsbuehnen\/selbstfahrende-hebebuehnen\/safelift\/"},"modified":"2026-03-13T09:03:23","modified_gmt":"2026-03-13T08:03:23","slug":"safelift","status":"publish","type":"page","link":"https:\/\/www.tecram.ch\/de\/home\/leichte-und-kompakte-arbeitsbuehnen\/selbstfahrende-hebebuehnen\/safelift\/","title":{"rendered":"Selbstfahrende Arbeitsb\u00fchnen Safelift"},"content":{"rendered":"\r\n\r\n\t<h1>Safelift<\/h1>\r\n\t\t\t\t<a href=\"https:\/\/www.tecram.ch\/de\/home\/leichte-und-kompakte-arbeitsbuehnen\/selbstfahrende-hebebuehnen\/safelift\/arbeitsbuehne-selbstmotor-umwandelbar-zum-stossen-safelift-movearound-ma50\/\"  target=\"_self\" itemprop=\"url\">\r\n\t\t\t\t<img decoding=\"async\" src=\"https:\/\/www.tecram.ch\/wp-content\/uploads\/safelift-ma50.webp\" alt=\"safelift-ma50\" itemprop=\"image\" height=\"400\" width=\"400\" title=\"safelift-ma50\" onerror=\"this.style.display='none'\" loading=\"lazy\" \/>\r\n\t\t\t\t<\/a>\r\n\t<h3><a href=\"https:\/\/www.tecram.ch\/de\/home\/leichte-und-kompakte-arbeitsbuehnen\/selbstfahrende-hebebuehnen\/safelift\/arbeitsbuehne-selbstmotor-umwandelbar-zum-stossen-safelift-movearound-ma50\/\">Arbeitsb\u00fchne Selbstmotor umwandelbar zum stossen &#8211; 5m &#8211; Safelift MoveAround MA50<\/a><\/h3>\r\n\t\t\t\t<a href=\"https:\/\/www.tecram.ch\/de\/home\/leichte-und-kompakte-arbeitsbuehnen\/selbstfahrende-hebebuehnen\/safelift\/arbeitsbuehne-selbstmotor-umwandelbar-zum-stossen-safelift-movearound-ma50-r\/\"  target=\"_self\" itemprop=\"url\">\r\n\t\t\t\t<img decoding=\"async\" src=\"https:\/\/www.tecram.ch\/wp-content\/uploads\/safelift-ma50-r.webp\" alt=\"safelift-ma50-r\" itemprop=\"image\" height=\"400\" width=\"400\" title=\"safelift-ma50-r\" onerror=\"this.style.display='none'\" loading=\"lazy\" \/>\r\n\t\t\t\t<\/a>\r\n\t<h3><a href=\"https:\/\/www.tecram.ch\/de\/home\/leichte-und-kompakte-arbeitsbuehnen\/selbstfahrende-hebebuehnen\/safelift\/arbeitsbuehne-selbstmotor-umwandelbar-zum-stossen-safelift-movearound-ma50-r\/\">Arbeitsb\u00fchne Selbstmotor umwandelbar zum stossen &#8211; 6m &#8211; Safelift MoveAround MA50-R<\/a><\/h3>\r\n\t\t\t\t<a href=\"https:\/\/www.tecram.ch\/de\/home\/leichte-und-kompakte-arbeitsbuehnen\/selbstfahrende-hebebuehnen\/safelift\/micro-nacelle-2-en-1-automotrice-transformable-en-version-a-pousser-6m-safelift-movearound-ma60\/\"  target=\"_self\" itemprop=\"url\">\r\n\t\t\t\t<img decoding=\"async\" src=\"https:\/\/www.tecram.ch\/wp-content\/uploads\/safelift-ma60.webp\" alt=\"safelift-ma60\" itemprop=\"image\" height=\"400\" width=\"400\" title=\"safelift-ma60\" onerror=\"this.style.display='none'\" loading=\"lazy\" \/>\r\n\t\t\t\t<\/a>\r\n\t<h3><a href=\"https:\/\/www.tecram.ch\/de\/home\/leichte-und-kompakte-arbeitsbuehnen\/selbstfahrende-hebebuehnen\/safelift\/micro-nacelle-2-en-1-automotrice-transformable-en-version-a-pousser-6m-safelift-movearound-ma60\/\">Arbeitsb\u00fchne Selbstmotor umwandelbar zum stossen &#8211; 6m &#8211; Safelift MoveAround MA60<\/a><\/h3>\r\n\t<h3>Unsere aktuellen Aktionen<\/h3>\r\n\t\t\t\t<a href=\"https:\/\/www.tecram.ch\/de\/home\/steigtechnik\/teletower-telescop-rollgeruest\/\"  target=\"_self\" itemprop=\"url\">\r\n\t\t\t\t<img decoding=\"async\" src=\"https:\/\/www.tecram.ch\/wp-content\/uploads\/teletower.jpg\" alt=\"teletower\" itemprop=\"image\" height=\"400\" width=\"400\" title=\"teletower\" onerror=\"this.style.display='none'\" loading=\"lazy\" \/>\r\n\t\t\t\t<\/a>\r\n\t<a href=\"https:\/\/www.tecram.ch\/de\/home\/steigtechnik\/teletower-telescop-rollgeruest\/\">Teletower<br \/>\r\nTelescop Rollger\u00fcst<\/a>\r\n<p><a href=\"https:\/\/www.tecram.ch\/de\/home\/steigtechnik\/teletower-telescop-rollgeruest\/\"><strong>CHF 1&#8217;600.- inkl. MwSt.<\/strong><\/a><\/p>\r\n\t\t\t\t<a href=\"https:\/\/www.tecram.ch\/de\/home\/ergonomische-hebelifte\/ergonomische-hebelifte-und-minilift\/hovmand\/hebelift-hovmand-go\/\"  target=\"_self\" itemprop=\"url\">\r\n\t\t\t\t<img decoding=\"async\" src=\"https:\/\/www.tecram.ch\/wp-content\/uploads\/chariot-de-manutention-mini-gerbeur-hovmand-go.jpg\" alt=\"Chariot de manutention - mini gerbeur HOVMAND GO\" itemprop=\"image\" height=\"600\" width=\"600\" title=\"chariot-de-manutention-mini-gerbeur-hovmand-go\" onerror=\"this.style.display='none'\" loading=\"lazy\" \/>\r\n\t\t\t\t<\/a>\r\n\t<a href=\"https:\/\/www.tecram.ch\/de\/home\/ergonomische-hebelifte\/ergonomische-hebelifte-und-minilift\/hovmand\/hebelift-hovmand-go\/\">Hebelift<br \/>\r\nHovmand GO<\/a><br \/>\r\n<strong>CHF 2&#8217;095.-<\/strong>\r\n\t\t\t\t<a href=\"https:\/\/www.tecram.ch\/de\/home\/ergonomische-hebelifte\/manuelle-sackkarre\/aluminium-sackkarre-transportwagen-2-in-1-250kg-350kg-stockman-stc2\/\"  target=\"_self\" itemprop=\"url\">\r\n\t\t\t\t<img decoding=\"async\" src=\"https:\/\/www.tecram.ch\/wp-content\/uploads\/stockman-stc2.webp\" alt=\"stockman-stc2\" itemprop=\"image\" height=\"400\" width=\"400\" title=\"stockman-stc2\" onerror=\"this.style.display='none'\" loading=\"lazy\" \/>\r\n\t\t\t\t<\/a>\r\n\t<a href=\"https:\/\/www.tecram.ch\/de\/home\/ergonomische-hebelifte\/manuelle-sackkarre\/aluminium-sackkarre-transportwagen-2-in-1-250kg-350kg-stockman-stc2\/\">Aluminium Sackkarre\/Transportwagen 2 in 1- 250kg\/350kg &#8211; Stockman STC2<\/a><br \/>\r\n<strong>CHF 352.-<\/strong>\r\n\t\t\t\t<a href=\"https:\/\/www.tecram.ch\/de\/home\/hubwagen-deichselstapler-hebelifte\/wagehubwagen\/wiegehubwagen-wsp-2200-logitrans\/\"  target=\"_self\" itemprop=\"url\">\r\n\t\t\t\t<img decoding=\"async\" src=\"https:\/\/www.tecram.ch\/wp-content\/uploads\/transpalette-avec-systeme-de-pesee-wsp-2200-logitrans-01.jpg\" alt=\"Transpalette avec syst\u00e8me de pes\u00e9e, WSP 2200 - Logitrans\" itemprop=\"image\" height=\"600\" width=\"600\" title=\"transpalette-avec-systeme-de-pesee-wsp-2200-logitrans-01\" onerror=\"this.style.display='none'\" loading=\"lazy\" \/>\r\n\t\t\t\t<\/a>\r\n\t<a href=\"https:\/\/www.tecram.ch\/de\/home\/hubwagen-deichselstapler-hebelifte\/wagehubwagen\/wiegehubwagen-wsp-2200-logitrans\/\">Wiegehubwagen<br \/>\r\nWSP 2200 &#8211; Logitrans <\/a>\r\n<p><a href=\"https:\/\/www.tecram.ch\/de\/home\/hubwagen-deichselstapler-hebelifte\/wagehubwagen\/wiegehubwagen-wsp-2200-logitrans\/\"><strong>CHF 1&#8217;595.- <\/strong><\/a><\/p>\r\n\r\n","protected":false},"excerpt":{"rendered":"<p>Safelift Arbeitsb\u00fchne Selbstmotor umwandelbar zum stossen &#8211; 5m &#8211; Safelift MoveAround MA50 Arbeitsb\u00fchne Selbstmotor umwandelbar zum stossen &#8211; 6m &#8211; Safelift MoveAround MA50-R Arbeitsb\u00fchne Selbstmotor umwandelbar zum stossen &#8211; 6m &#8211; Safelift MoveAround MA60 Unsere aktuellen Aktionen Teletower Telescop Rollger\u00fcst CHF 1&#8217;600.- inkl. MwSt. Hebelift Hovmand GO CHF 2&#8217;095.- Aluminium Sackkarre\/Transportwagen 2 in 1- 250kg\/350kg &#8230; <a title=\"Selbstfahrende Arbeitsb\u00fchnen Safelift\" class=\"read-more\" href=\"https:\/\/www.tecram.ch\/de\/home\/leichte-und-kompakte-arbeitsbuehnen\/selbstfahrende-hebebuehnen\/safelift\/\" aria-label=\"Read more about Selbstfahrende Arbeitsb\u00fchnen Safelift\">Read more<\/a><\/p>\n","protected":false},"author":1,"featured_media":47265,"parent":1354,"menu_order":1,"comment_status":"closed","ping_status":"closed","template":"","meta":{"footnotes":""},"class_list":["post-1710","page","type-page","status-publish","has-post-thumbnail"],"aioseo_notices":[],"_links":{"self":[{"href":"https:\/\/www.tecram.ch\/de\/wp-json\/wp\/v2\/pages\/1710","targetHints":{"allow":["GET"]}}],"collection":[{"href":"https:\/\/www.tecram.ch\/de\/wp-json\/wp\/v2\/pages"}],"about":[{"href":"https:\/\/www.tecram.ch\/de\/wp-json\/wp\/v2\/types\/page"}],"author":[{"embeddable":true,"href":"https:\/\/www.tecram.ch\/de\/wp-json\/wp\/v2\/users\/1"}],"replies":[{"embeddable":true,"href":"https:\/\/www.tecram.ch\/de\/wp-json\/wp\/v2\/comments?post=1710"}],"version-history":[{"count":3,"href":"https:\/\/www.tecram.ch\/de\/wp-json\/wp\/v2\/pages\/1710\/revisions"}],"predecessor-version":[{"id":48781,"href":"https:\/\/www.tecram.ch\/de\/wp-json\/wp\/v2\/pages\/1710\/revisions\/48781"}],"up":[{"embeddable":true,"href":"https:\/\/www.tecram.ch\/de\/wp-json\/wp\/v2\/pages\/1354"}],"wp:featuredmedia":[{"embeddable":true,"href":"https:\/\/www.tecram.ch\/de\/wp-json\/wp\/v2\/media\/47265"}],"wp:attachment":[{"href":"https:\/\/www.tecram.ch\/de\/wp-json\/wp\/v2\/media?parent=1710"}],"curies":[{"name":"wp","href":"https:\/\/api.w.org\/{rel}","templated":true}]}}