{"id":15524,"date":"2021-05-24T22:47:02","date_gmt":"2021-05-24T20:47:02","guid":{"rendered":"https:\/\/www.tecram.ch\/home\/hubwagen-deichselstapler-hebelifte\/deichselstapler\/gerbeurs-electriques-industriels-stockman\/"},"modified":"2025-09-08T13:45:52","modified_gmt":"2025-09-08T11:45:52","slug":"industrielle-stapler-stockman","status":"publish","type":"page","link":"https:\/\/www.tecram.ch\/de\/home\/hubwagen-deichselstapler-hebelifte\/deichselstapler\/industrielle-stapler-stockman\/","title":{"rendered":"Industrielle Stapler &#8211; Stockman"},"content":{"rendered":"\n\n\t<h1>Industrielle Deichselstapler &#8211; Stockman<\/h1>\n\t\t\t\t<a href=\"https:\/\/www.tecram.ch\/de\/home\/hubwagen-deichselstapler-hebelifte\/deichselstapler\/industrielle-stapler-stockman\/elektrischer-stapler-mit-fahrzeugfuehrer-1200-kg-stockman-ps12l\/\"  target=\"_self\" itemprop=\"url\">\n\t\t\t\t<img decoding=\"async\" src=\"https:\/\/www.tecram.ch\/wp-content\/uploads\/gerbeur-electrique-conducteur-accompagnant-PSL-manutention-stockman-600x600-2.jpg\" alt=\"gerbeur-electrique-conducteur-accompagnant-PSL-manutention-stockman- 600x600\" itemprop=\"image\" height=\"600\" width=\"600\" title=\"gerbeur-electrique-conducteur-accompagnant-PSL-manutention-stockman- 600x600\" onerror=\"this.style.display='none'\" loading=\"lazy\" \/>\n\t\t\t\t<\/a>\n\t<h3><a href=\"https:\/\/www.tecram.ch\/de\/home\/hubwagen-deichselstapler-hebelifte\/deichselstapler\/industrielle-stapler-stockman\/elektrischer-stapler-mit-fahrzeugfuehrer-1200-kg-stockman-ps12l\/\">Elektrischer Deichselstapler mit Fahrzeugf\u00fchrer &#8211; 1200 kg &#8211; Stockman PS12L<\/a><\/h3>\n\t\t\t\t<a href=\"https:\/\/www.tecram.ch\/de\/home\/hubwagen-deichselstapler-hebelifte\/deichselstapler\/industrielle-stapler-stockman\/gerbeur-electrique-a-conducteur-accompagnant-1600-kg-stockman-ps16l\/\"  target=\"_self\" itemprop=\"url\">\n\t\t\t\t<img decoding=\"async\" src=\"https:\/\/www.tecram.ch\/wp-content\/uploads\/gerbeur-electrique-conducteur-accompagnant-PSL-manutention-stockman-1.jpg\" alt=\"gerbeur-electrique-conducteur-accompagnant-PSL-manutention-stockman\" itemprop=\"image\" height=\"600\" width=\"600\" title=\"gerbeur-electrique-conducteur-accompagnant-PSL-manutention-stockman\" onerror=\"this.style.display='none'\" loading=\"lazy\" \/>\n\t\t\t\t<\/a>\n\t<h3><a href=\"https:\/\/www.tecram.ch\/de\/home\/hubwagen-deichselstapler-hebelifte\/deichselstapler\/industrielle-stapler-stockman\/gerbeur-electrique-a-conducteur-accompagnant-1600-kg-stockman-ps16l\/\">Elektrischer Deichselstapler mit Fahrzeugf\u00fchrer- 1600 kg &#8211; Stockman PS16L<\/a><\/h3>\n\t\t\t\t<a href=\"https:\/\/www.tecram.ch\/de\/home\/hubwagen-deichselstapler-hebelifte\/deichselstapler\/industrielle-stapler-stockman\/gerbeur-electrique-a-conducteur-accompagnant-2000-kg-stockman-ps20l\/\"  target=\"_self\" itemprop=\"url\">\n\t\t\t\t<img decoding=\"async\" src=\"https:\/\/www.tecram.ch\/wp-content\/uploads\/gerbeur-electrique-conducteur-accompagnant-PSL-manutention-stockman-4.jpg\" alt=\"gerbeur-electrique-conducteur-accompagnant-PSL-manutention-stockman\" itemprop=\"image\" height=\"600\" width=\"600\" title=\"gerbeur-electrique-conducteur-accompagnant-PSL-manutention-stockman\" onerror=\"this.style.display='none'\" loading=\"lazy\" \/>\n\t\t\t\t<\/a>\n\t<h3><a href=\"https:\/\/www.tecram.ch\/de\/home\/hubwagen-deichselstapler-hebelifte\/deichselstapler\/industrielle-stapler-stockman\/gerbeur-electrique-a-conducteur-accompagnant-2000-kg-stockman-ps20l\/\">Elektrischer Deichselstapler mit Fahrzeugf\u00fchrer- 2000 kg &#8211; Stockman PS20L<\/a><\/h3>\n\t\t\t\t<a href=\"https:\/\/www.tecram.ch\/de\/home\/hubwagen-deichselstapler-hebelifte\/deichselstapler\/industrielle-stapler-stockman\/gerbeur-electrique-avec-levee-initiale-1200-kg-stockman-ps12l-li\/\"  target=\"_self\" itemprop=\"url\">\n\t\t\t\t<img decoding=\"async\" src=\"https:\/\/www.tecram.ch\/wp-content\/uploads\/gerbeur-electrique-levee-initiale-PSLLI-manutention-stockman.jpg\" alt=\"gerbeur-electrique-levee-initiale-PSLLI-manutention-stockman\" itemprop=\"image\" height=\"600\" width=\"600\" title=\"gerbeur-electrique-levee-initiale-PSLLI-manutention-stockman\" onerror=\"this.style.display='none'\" loading=\"lazy\" \/>\n\t\t\t\t<\/a>\n\t<h3><a href=\"https:\/\/www.tecram.ch\/de\/home\/hubwagen-deichselstapler-hebelifte\/deichselstapler\/industrielle-stapler-stockman\/gerbeur-electrique-avec-levee-initiale-1200-kg-stockman-ps12l-li\/\">Elektrischer Deichselstapler mit erster Aufhebung &#8211; 1200 kg &#8211; Stockman PS12L-LI<\/a><\/h3>\n\t\t\t\t<a href=\"https:\/\/www.tecram.ch\/de\/home\/hubwagen-deichselstapler-hebelifte\/deichselstapler\/industrielle-stapler-stockman\/gerbeur-electrique-avec-levee-initiale-1600-kg-stockman-ps16l-li\/\"  target=\"_self\" itemprop=\"url\">\n\t\t\t\t<img decoding=\"async\" src=\"https:\/\/www.tecram.ch\/wp-content\/uploads\/gerbeur-electrique-levee-initiale-PSLLI-manutention-stockman-1.jpg\" alt=\"gerbeur-electrique-levee-initiale-PSLLI-manutention-stockman\" itemprop=\"image\" height=\"600\" width=\"600\" title=\"gerbeur-electrique-levee-initiale-PSLLI-manutention-stockman\" onerror=\"this.style.display='none'\" loading=\"lazy\" \/>\n\t\t\t\t<\/a>\n\t<h3><a href=\"https:\/\/www.tecram.ch\/de\/home\/hubwagen-deichselstapler-hebelifte\/deichselstapler\/industrielle-stapler-stockman\/gerbeur-electrique-avec-levee-initiale-1600-kg-stockman-ps16l-li\/\">Elektrischer Deichselstapler mit erster Aufhebung &#8211; 1600 kg &#8211; Stockman PS16L-LI<\/a><\/h3>\n\t\t\t\t<a href=\"https:\/\/www.tecram.ch\/de\/home\/hubwagen-deichselstapler-hebelifte\/deichselstapler\/industrielle-stapler-stockman\/gerbeur-electrique-autoporte-a-direction-assistee-1600-kg-stockman-ps16n-da\/\"  target=\"_self\" itemprop=\"url\">\n\t\t\t\t<img decoding=\"async\" src=\"https:\/\/www.tecram.ch\/wp-content\/uploads\/gerbeur-electrique-autoporte-hauteur-5500mm-PSNDA-manutention-stockman-1.jpg\" alt=\"gerbeur-electrique-autoporte-hauteur-5500mm-PSNDA-manutention-stockman (1)\" itemprop=\"image\" height=\"600\" width=\"600\" title=\"gerbeur-electrique-autoporte-hauteur-5500mm-PSNDA-manutention-stockman (1)\" onerror=\"this.style.display='none'\" loading=\"lazy\" \/>\n\t\t\t\t<\/a>\n\t<h3><a href=\"https:\/\/www.tecram.ch\/de\/home\/hubwagen-deichselstapler-hebelifte\/deichselstapler\/industrielle-stapler-stockman\/gerbeur-electrique-autoporte-a-direction-assistee-1600-kg-stockman-ps16n-da\/\">Selbsttragener elektrischer Deichselstapler mit Servolenkung &#8211; 1600 kg &#8211; Stockman PS16N DA<\/a><\/h3>\n\t\t\t\t<a href=\"https:\/\/www.tecram.ch\/de\/home\/hubwagen-deichselstapler-hebelifte\/deichselstapler\/industrielle-stapler-stockman\/gerbeur-electrique-autoporte-a-direction-assistee-2000-kg-stockman-ps20n-da\/\"  target=\"_self\" itemprop=\"url\">\n\t\t\t\t<img decoding=\"async\" src=\"https:\/\/www.tecram.ch\/wp-content\/uploads\/gerbeur-electrique-autoporte-hauteur-5500mm-PSNDA-manutention-stockman-3-1.jpg\" alt=\"gerbeur-electrique-autoporte-hauteur-5500mm-PSNDA-manutention-stockman-3\" itemprop=\"image\" height=\"600\" width=\"600\" title=\"gerbeur-electrique-autoporte-hauteur-5500mm-PSNDA-manutention-stockman-3\" onerror=\"this.style.display='none'\" loading=\"lazy\" \/>\n\t\t\t\t<\/a>\n\t<h3><a href=\"https:\/\/www.tecram.ch\/de\/home\/hubwagen-deichselstapler-hebelifte\/deichselstapler\/industrielle-stapler-stockman\/gerbeur-electrique-autoporte-a-direction-assistee-2000-kg-stockman-ps20n-da\/\">Selbsttragener elektrischer Deichselstapler mit Servolenkung &#8211; 2000 kg &#8211; Stockman PS20N DA<\/a><\/h3>\n\t<h3>Unsere aktuellen Aktionen<\/h3>\n\t\t\t\t<a href=\"https:\/\/www.tecram.ch\/de\/home\/steigtechnik\/teletower-telescop-rollgeruest\/\"  target=\"_self\" itemprop=\"url\">\n\t\t\t\t<img decoding=\"async\" src=\"https:\/\/www.tecram.ch\/wp-content\/uploads\/Teletower_HP-600x600-1.jpg\" alt=\"Teletower_HP-600x600\" itemprop=\"image\" height=\"600\" width=\"600\" title=\"Teletower_HP-600x600\" onerror=\"this.style.display='none'\" loading=\"lazy\" \/>\n\t\t\t\t<\/a>\n\t<a href=\"https:\/\/www.tecram.ch\/de\/home\/steigtechnik\/teletower-telescop-rollgeruest\/\">Teletower<br \/>\nTelescop Rollger\u00fcst<\/a>\n<p><a href=\"https:\/\/www.tecram.ch\/de\/home\/steigtechnik\/teletower-telescop-rollgeruest\/\"><strong> Preis: 1&#8217;665.- CHF<\/strong><\/a><\/p>\n\t\t\t\t<a href=\"https:\/\/www.tecram.ch\/de\/home\/ergonomische-hebelifte\/ergonomische-hebelifte-und-minilift\/hovmand\/hebelift-hovmand-go\/\"  target=\"_self\" itemprop=\"url\">\n\t\t\t\t<img decoding=\"async\" src=\"https:\/\/www.tecram.ch\/wp-content\/uploads\/Hovmand-GO_1_HP-1-600x600-1.jpg\" alt=\"Hovmand-GO_1_HP-1-600x600\" itemprop=\"image\" height=\"600\" width=\"600\" title=\"Hovmand-GO_1_HP-1-600x600\" onerror=\"this.style.display='none'\" loading=\"lazy\" \/>\n\t\t\t\t<\/a>\n\t<a href=\"https:\/\/www.tecram.ch\/de\/home\/ergonomische-hebelifte\/ergonomische-hebelifte-und-minilift\/hovmand\/hebelift-hovmand-go\/\">Hebelift<br \/>\nHovmand GO<\/a><br \/>\n<strong>Preis: 2&#8217;065.- CHF<\/strong>\n\t\t\t\t<a href=\"https:\/\/www.tecram.ch\/de\/home\/treppensteiger\/treppensteiger-elektrisch-mit-bremse-xsto-zw7170-zw7210-zw7250\/\"  target=\"_self\" itemprop=\"url\">\n\t\t\t\t<img decoding=\"async\" src=\"https:\/\/www.tecram.ch\/wp-content\/uploads\/diables-monte-escalier-electriques-DMEG170-stockman-1-logo-promo.jpg\" alt=\"diables-monte-escalier-electriques-DMEG170-stockman-1 logo promo\" itemprop=\"image\" height=\"600\" width=\"600\" title=\"diables-monte-escalier-electriques-DMEG170-stockman-1 logo promo\" onerror=\"this.style.display='none'\" loading=\"lazy\" \/>\n\t\t\t\t<\/a>\n\t<a href=\"https:\/\/www.tecram.ch\/de\/home\/treppensteiger\/treppensteiger-elektrisch-mit-bremse-xsto-zw7170-zw7210-zw7250\/\">Treppensteiger elektrisch mit Bremse<br \/>\n170, 210 und 250 Kg<br \/>\nXSTO ZW7170, ZW7210 und ZW7250<\/a><br \/>\n<strong>Preis: ab 1&#8217;999.- CHF<\/strong>\n\t\t\t\t<a href=\"https:\/\/www.tecram.ch\/de\/home\/hubwagen-deichselstapler-hebelifte\/elektrohubwagen\/elektrohubwager-stockman-edge-pte15-n-pte20n\/\"  target=\"_self\" itemprop=\"url\">\n\t\t\t\t<img decoding=\"async\" src=\"https:\/\/www.tecram.ch\/wp-content\/uploads\/stockman_15n-edge_de.jpg\" alt=\"stockman_15n-edge_de\" itemprop=\"image\" height=\"1001\" width=\"1011\" title=\"stockman_15n-edge_de\" onerror=\"this.style.display='none'\" loading=\"lazy\" \/>\n\t\t\t\t<\/a>\n\t<p><a href=\"https:\/\/www.tecram.ch\/de\/home\/hubwagen-deichselstapler-hebelifte\/elektrohubwagen\/elektrohubwager-stockman-edge-pte15-n-pte20n\/\">Elektrohubwager <\/a><\/p>\n<p><a href=\"https:\/\/www.tecram.ch\/de\/home\/hubwagen-deichselstapler-hebelifte\/elektrohubwagen\/elektrohubwager-stockman-edge-pte15-n-pte20n\/\">Stockman Edge <\/a><\/p>\n<p><a href=\"https:\/\/www.tecram.ch\/de\/home\/hubwagen-deichselstapler-hebelifte\/elektrohubwagen\/elektrohubwager-stockman-edge-pte15-n-pte20n\/\"><strong>Preis : 2&#8217;290.- CHF<\/strong><\/a><\/p>\n\n","protected":false},"excerpt":{"rendered":"<p>Industrielle Deichselstapler &#8211; Stockman Elektrischer Deichselstapler mit Fahrzeugf\u00fchrer &#8211; 1200 kg &#8211; Stockman PS12L Elektrischer Deichselstapler mit Fahrzeugf\u00fchrer- 1600 kg &#8211; Stockman PS16L Elektrischer Deichselstapler mit Fahrzeugf\u00fchrer- 2000 kg &#8211; Stockman PS20L Elektrischer Deichselstapler mit erster Aufhebung &#8211; 1200 kg &#8211; Stockman PS12L-LI Elektrischer Deichselstapler mit erster Aufhebung &#8211; 1600 kg &#8211; Stockman PS16L-LI Selbsttragener &#8230; <a title=\"Industrielle Stapler &#8211; Stockman\" class=\"read-more\" href=\"https:\/\/www.tecram.ch\/de\/home\/hubwagen-deichselstapler-hebelifte\/deichselstapler\/industrielle-stapler-stockman\/\" aria-label=\"Read more about Industrielle Stapler &#8211; Stockman\">Read more<\/a><\/p>\n","protected":false},"author":1,"featured_media":15416,"parent":5891,"menu_order":9,"comment_status":"closed","ping_status":"closed","template":"","meta":{"footnotes":""},"class_list":["post-15524","page","type-page","status-publish","has-post-thumbnail"],"aioseo_notices":[],"_links":{"self":[{"href":"https:\/\/www.tecram.ch\/de\/wp-json\/wp\/v2\/pages\/15524","targetHints":{"allow":["GET"]}}],"collection":[{"href":"https:\/\/www.tecram.ch\/de\/wp-json\/wp\/v2\/pages"}],"about":[{"href":"https:\/\/www.tecram.ch\/de\/wp-json\/wp\/v2\/types\/page"}],"author":[{"embeddable":true,"href":"https:\/\/www.tecram.ch\/de\/wp-json\/wp\/v2\/users\/1"}],"replies":[{"embeddable":true,"href":"https:\/\/www.tecram.ch\/de\/wp-json\/wp\/v2\/comments?post=15524"}],"version-history":[{"count":0,"href":"https:\/\/www.tecram.ch\/de\/wp-json\/wp\/v2\/pages\/15524\/revisions"}],"up":[{"embeddable":true,"href":"https:\/\/www.tecram.ch\/de\/wp-json\/wp\/v2\/pages\/5891"}],"wp:featuredmedia":[{"embeddable":true,"href":"https:\/\/www.tecram.ch\/de\/wp-json\/wp\/v2\/media\/15416"}],"wp:attachment":[{"href":"https:\/\/www.tecram.ch\/de\/wp-json\/wp\/v2\/media?parent=15524"}],"curies":[{"name":"wp","href":"https:\/\/api.w.org\/{rel}","templated":true}]}}