{"id":1247,"date":"2020-03-23T08:59:53","date_gmt":"2020-03-23T07:59:53","guid":{"rendered":"https:\/\/www.tecram.ch\/notre-societe\/"},"modified":"2024-12-10T13:25:28","modified_gmt":"2024-12-10T12:25:28","slug":"das-unternehmen","status":"publish","type":"page","link":"https:\/\/www.tecram.ch\/de\/das-unternehmen\/","title":{"rendered":"Das Unternehmen"},"content":{"rendered":"\n\n\t<h1>Unsere Firma<\/h1>\n\t\t\t\t<a href=\"https:\/\/www.tecram.ch\/wp-content\/uploads\/immob3.jpg\" target=\"_self\" itemprop=\"url\" rel=\"lightbox-0\">\n\t\t\t\t<img loading=\"lazy\" decoding=\"async\" src=\"https:\/\/www.tecram.ch\/wp-content\/uploads\/immob3-600x450.jpg\" alt=\"immob3\" itemprop=\"image\" height=\"450\" width=\"600\" title=\"immob3\" onerror=\"this.style.display='none'\"  \/>\n\t\t\t\t<\/a>\n\t<p><strong>Das Unternehmen<\/strong><\/p>\n<p>Tecram S\u00e0rl hat seinen Sitz in Chavornay (VD), <strong>einer zentralen Lage<\/strong>, um alle Regionen besser bedienen zu k\u00f6nnen.<\/p>\n<p>Wir positionieren uns als unverzichtbarer Partner f\u00fcr die unterschiedlichsten Unternehmen: \u00a0Industrien, Gro\u00dfh\u00e4ndler, Grossisten, Einzelhandel, Kliniken und Krankenh\u00e4user, Museen, Kunstgalerien, Ausstellungen, Hotels, Wartung und Reinigung, und unterschiedliche Unternehmen, u.s.w., und bieten ein umfangreiches Angebot.<\/p>\n\t<p><strong>TECRAM<\/strong> ist der <strong>General exklusif Importeur<\/strong> f\u00fcr die Schweiz von den Mikro Arbeitsb\u00fchnen SAFELIFT aus Schweden, und von Mitnehmestappler INNOLIFT aus Finland. TECRAM ist auch Importeur &#8211; Vetreter von Steigtechnik Produkte ELEVAH, ALULIFT + UP-LIFT, AUDINNOV, MUNK, und F\u00f6rdertechnik HOVMAND, PRAMAC LIFTER, PALBAC, ACTIWORK, TILLER, MOBILEV, ZONZINI aus Europa, , und TELETOWER, unter anderen.<\/p>\n<p>Wir bieten den Kundendienst in der ganzen Schweiz an: Wartung, Reparaturen sowie die gesetzlich vorgeschriebene j\u00e4hrliche Kontrolle gem\u00e4ss den EKAS-Richtlinien der <a href=\"https:\/\/wegleitung.ekas.ch\/uebersicht-wegleitung\/arbeitsmittel\/instandhaltung-von-arbeitsmitteln\/schutzziel-instandhaltung-von-arbeitsmitteln\" target=\"_blank\" rel=\"noopener\">Verordnung 32b VUV<\/a> \u00fcber die Instandhaltung von Arbeitsmitteln. Zu unseren Kunden z\u00e4hlen renommierte Unternehmen und unsere Produkte sind technisch auf dem neuesten Stand.<\/p>\n<p>Wir verf\u00fcgen \u00fcber einen <strong>Show-Room<\/strong> in Chavornay (VD), in dem Sie unsere Ger\u00e4te f\u00fcr den H\u00f6henzugang und die ergonomische Handhabung testen k\u00f6nnen.<\/p>\n<p>Wir freuen uns darauf, Ihnen L\u00f6sungen und unsere Erfahrung zur Verf\u00fcgung zu stellen.<\/p>\n<p>Rufen Sie uns einfach an: <a href=\"tel:0041244414240\"><strong>024 441 42 40<\/strong><\/a>.<\/p>\n\t\t\t\t<a href=\"https:\/\/www.tecram.ch\/wp-content\/uploads\/tecram-chavornay-04.jpg\" target=\"_self\" itemprop=\"url\" rel=\"lightbox-1\">\n\t\t\t\t<img loading=\"lazy\" decoding=\"async\" src=\"https:\/\/www.tecram.ch\/wp-content\/uploads\/tecram-chavornay-04.jpg\" alt=\"tecram-chavornay-04\" itemprop=\"image\" height=\"385\" width=\"600\" title=\"tecram-chavornay-04\" onerror=\"this.style.display='none'\"  \/>\n\t\t\t\t<\/a>\n\t\t\t\t<a href=\"https:\/\/www.swissecurite.ch\/accueil\" target=\"_blank\" rel=\"noopener\"  itemprop=\"url\">\n\t\t\t\t<img loading=\"lazy\" decoding=\"async\" src=\"https:\/\/www.tecram.ch\/wp-content\/uploads\/Swissecurite_logo.png\" alt=\"Swissecurite_logo\" itemprop=\"image\" height=\"120\" width=\"420\" title=\"Swissecurite_logo\" onerror=\"this.style.display='none'\"  \/>\n\t\t\t\t<\/a>\n\t<strong>Schulung an Ihrem Handhabungsger\u00e4t<br \/>\n<\/strong>M\u00f6chten Sie den Einsatz Ihrer Umschlagger\u00e4te kontrollieren? Unser Partner <a href=\"https:\/\/www.swissecurite.ch\/accueil\" target=\"_blank\" rel=\"noopener\">SWISS\u00e9curit\u00e9 &amp; Formation S\u00e0rl<\/a>, ein von der IPAF zugelassenes Unternehmen f\u00fcr Unternehmenssicherheit und Schulung, unterst\u00fctzt Sie. Ob Hubarbeitsb\u00fchnen, Br\u00fcckenkr\u00e4ne oder andere Hebeger\u00e4te &#8211; profitieren Sie von einer auf Ihre Bed\u00fcrfnisse abgestimmten Schulung. Diese k\u00f6nnen in den Schulungszentren in Satigny und Ecublens oder direkt in Ihrem Unternehmen angeboten werden.\n\t<iframe loading=\"lazy\" title=\"Show room - Tecram S\u00e0rl\" width=\"1200\" height=\"675\" src=\"https:\/\/www.youtube.com\/embed\/yxsKSQEpMjM?feature=oembed\" frameborder=\"0\" allow=\"accelerometer; autoplay; clipboard-write; encrypted-media; gyroscope; picture-in-picture; web-share\" referrerpolicy=\"strict-origin-when-cross-origin\" allowfullscreen><\/iframe>\n\t<h3>Unsere aktuellen Aktionen<\/h3>\n\t\t\t\t<a href=\"https:\/\/www.tecram.ch\/de\/home\/steigtechnik\/teletower-telescop-rollgeruest\/\" target=\"_self\" itemprop=\"url\">\n\t\t\t\t<img loading=\"lazy\" decoding=\"async\" src=\"https:\/\/www.tecram.ch\/wp-content\/uploads\/Teletower_HP-600x600-1.jpg\" alt=\"Teletower_HP-600x600\" itemprop=\"image\" height=\"600\" width=\"600\" title=\"Teletower_HP-600x600\" onerror=\"this.style.display='none'\"  \/>\n\t\t\t\t<\/a>\n\t<a href=\"https:\/\/www.tecram.ch\/de\/home\/steigtechnik\/teletower-telescop-rollgeruest\/\">Teletower<br \/>\nTelescop Rollger\u00fcst<\/a>\n<p><a href=\"https:\/\/www.tecram.ch\/de\/home\/steigtechnik\/teletower-telescop-rollgeruest\/\"><strong> Preis: 1&#8217;665.- CHF<\/strong><\/a><\/p>\n\t\t\t\t<a href=\"https:\/\/www.tecram.ch\/de\/home\/ergonomische-hebelifte\/ergonomische-hebelifte-und-minilift\/hovmand\/hebelift-hovmand-go\/\" target=\"_self\" itemprop=\"url\">\n\t\t\t\t<img loading=\"lazy\" decoding=\"async\" src=\"https:\/\/www.tecram.ch\/wp-content\/uploads\/Hovmand-GO_1_HP-1-600x600-1.jpg\" alt=\"Hovmand-GO_1_HP-1-600x600\" itemprop=\"image\" height=\"600\" width=\"600\" title=\"Hovmand-GO_1_HP-1-600x600\" onerror=\"this.style.display='none'\"  \/>\n\t\t\t\t<\/a>\n\t<a href=\"https:\/\/www.tecram.ch\/de\/home\/ergonomische-hebelifte\/ergonomische-hebelifte-und-minilift\/hovmand\/hebelift-hovmand-go\/\">Hebelift<br \/>\nHovmand GO<\/a><br \/>\n<strong>Preis: 2&#8217;065.- CHF<\/strong>\n\t\t\t\t<a href=\"https:\/\/www.tecram.ch\/de\/home\/treppensteiger\/treppensteiger-elektrisch-mit-bremse-170-und-200-kg-xsto-zw7170-und-zw7200\/\" target=\"_self\" itemprop=\"url\">\n\t\t\t\t<img loading=\"lazy\" decoding=\"async\" src=\"https:\/\/www.tecram.ch\/wp-content\/uploads\/diables-monte-escalier-electriques-DMEG170-stockman-1-logo-promo.jpg\" alt=\"diables-monte-escalier-electriques-DMEG170-stockman-1 logo promo\" itemprop=\"image\" height=\"600\" width=\"600\" title=\"diables-monte-escalier-electriques-DMEG170-stockman-1 logo promo\" onerror=\"this.style.display='none'\"  \/>\n\t\t\t\t<\/a>\n\t<a href=\"https:\/\/www.tecram.ch\/de\/home\/treppensteiger\/treppensteiger-elektrisch-mit-bremse-170-und-200-kg-xsto-zw7170-und-zw7200\/\">Treppensteiger elektrisch mit Bremse<br \/>\n170 und 210 kg<br \/>\nXSTO ZW7170 und ZW7210<\/a><br \/>\n<strong>Preis: ab 1&#8217;999.- CHF<\/strong>\n\t\t\t\t<a href=\"https:\/\/www.tecram.ch\/de\/home\/hubwagen-deichselstapler-hebelifte\/elektrohubwagen\/elektrohubwager-stockman-edge-pte15-n-pte20n\/\" target=\"_self\" itemprop=\"url\">\n\t\t\t\t<img loading=\"lazy\" decoding=\"async\" src=\"https:\/\/www.tecram.ch\/wp-content\/uploads\/stockman_15n-edge_de.jpg\" alt=\"stockman_15n-edge_de\" itemprop=\"image\" height=\"1001\" width=\"1011\" title=\"stockman_15n-edge_de\" onerror=\"this.style.display='none'\"  \/>\n\t\t\t\t<\/a>\n\t<p><a href=\"https:\/\/www.tecram.ch\/de\/home\/hubwagen-deichselstapler-hebelifte\/elektrohubwagen\/elektrohubwager-stockman-edge-pte15-n-pte20n\/\">Elektrohubwager <\/a><\/p>\n<p><a href=\"https:\/\/www.tecram.ch\/de\/home\/hubwagen-deichselstapler-hebelifte\/elektrohubwagen\/elektrohubwager-stockman-edge-pte15-n-pte20n\/\">Stockman Edge <\/a><\/p>\n<p><a href=\"https:\/\/www.tecram.ch\/de\/home\/hubwagen-deichselstapler-hebelifte\/elektrohubwagen\/elektrohubwager-stockman-edge-pte15-n-pte20n\/\"><strong>Preis : 2&#8217;290.- CHF<\/strong><\/a><\/p>\n\n","protected":false},"excerpt":{"rendered":"<p>Unsere Firma Das Unternehmen Tecram S\u00e0rl hat seinen Sitz in Chavornay (VD), einer zentralen Lage, um alle Regionen besser bedienen zu k\u00f6nnen. Wir positionieren uns als unverzichtbarer Partner f\u00fcr die unterschiedlichsten Unternehmen: \u00a0Industrien, Gro\u00dfh\u00e4ndler, Grossisten, Einzelhandel, Kliniken und Krankenh\u00e4user, Museen, Kunstgalerien, Ausstellungen, Hotels, Wartung und Reinigung, und unterschiedliche Unternehmen, u.s.w., und bieten ein umfangreiches Angebot. &#8230; <a title=\"Das Unternehmen\" class=\"read-more\" href=\"https:\/\/www.tecram.ch\/de\/das-unternehmen\/\" aria-label=\"Read more about Das Unternehmen\">Read more<\/a><\/p>\n","protected":false},"author":1,"featured_media":32765,"parent":0,"menu_order":3,"comment_status":"closed","ping_status":"closed","template":"","meta":{"footnotes":""},"class_list":["post-1247","page","type-page","status-publish","has-post-thumbnail"],"aioseo_notices":[],"_links":{"self":[{"href":"https:\/\/www.tecram.ch\/de\/wp-json\/wp\/v2\/pages\/1247","targetHints":{"allow":["GET"]}}],"collection":[{"href":"https:\/\/www.tecram.ch\/de\/wp-json\/wp\/v2\/pages"}],"about":[{"href":"https:\/\/www.tecram.ch\/de\/wp-json\/wp\/v2\/types\/page"}],"author":[{"embeddable":true,"href":"https:\/\/www.tecram.ch\/de\/wp-json\/wp\/v2\/users\/1"}],"replies":[{"embeddable":true,"href":"https:\/\/www.tecram.ch\/de\/wp-json\/wp\/v2\/comments?post=1247"}],"version-history":[{"count":0,"href":"https:\/\/www.tecram.ch\/de\/wp-json\/wp\/v2\/pages\/1247\/revisions"}],"wp:featuredmedia":[{"embeddable":true,"href":"https:\/\/www.tecram.ch\/de\/wp-json\/wp\/v2\/media\/32765"}],"wp:attachment":[{"href":"https:\/\/www.tecram.ch\/de\/wp-json\/wp\/v2\/media?parent=1247"}],"curies":[{"name":"wp","href":"https:\/\/api.w.org\/{rel}","templated":true}]}}