{"id":1228,"date":"2020-03-23T08:59:38","date_gmt":"2020-03-23T07:59:38","guid":{"rendered":"https:\/\/www.tecram.ch\/conditions-generales\/"},"modified":"2024-08-26T16:02:18","modified_gmt":"2024-08-26T14:02:18","slug":"agb","status":"publish","type":"page","link":"https:\/\/www.tecram.ch\/de\/agb\/","title":{"rendered":"AGB"},"content":{"rendered":"\n\n\t<h1>Allgemeine Gesch\u00e4ftsbedingungen<\/h1>\n\t<p><strong>Allgemeine Gesch\u00e4ftsbedingungen der TECRAM GmbH &#8211; Chavornay &#8211; Schweiz<\/strong><\/p>\n<strong>I. Allgemeines<\/strong><br \/>\n1. Wir liefern ausschlie\u00dflich auf Grundlage nachfolgender Liefer- und Zahlungsbedingungen. Gesch\u00e4fts- und Einkaufsbedingungen des K\u00e4ufers widersprechen wir ausdr\u00fccklich. Sie verpflichten uns nur, wenn wir uns ausdr\u00fccklich und schriftlich mit ihnen einverstanden erkl\u00e4ren.<br \/>\n2. Unsere Angebote sind freibleibend. Abmachungen, die m\u00fcndlich durch unsere Mitarbeiter getroffen werden, bed\u00fcrfen zu ihrer Wirksamkeit unserer schriftlichen Best\u00e4tigung.<br \/>\n3. Bei Angaben \u00fcber unsere Ware sind technische \u00c4nderungen und Irrt\u00fcmer vorbehalten; sie sind keine garantierte Beschaffenheit, es sei denn, die Garantie erfolgt ausdr\u00fccklich und schriftlich.\n<strong>II. Preise und Zahlungsbedingungen<\/strong><br \/>\n1. Die von uns genannten Preise verstehen sich, soweit nichts anderes schriftlich vereinbart wurde, ab Werk oder Auslieferungslager, frei verladen oder verpackt in Kartons. Andere Verpackung wird nach Aufwand gesondert berechnet.<br \/>\nDie gesetzliche Mehrwertsteuer ist in unseren Preisen nicht enthalten; sie wird in der Rechnung gesondert ausgewiesen. Gegen\u00fcber juristischen Personen (Unternehmer, juristische Personen des \u00f6ffentlichen Rechts oder \u00f6ffentlich -rechtliche Sonderverm\u00f6gen) legen wir den bei Rechnungsstellung geltenden Mehrwertsteuersatz zugrunde.<br \/>\n2. Soweit nichts anderes schriftlich vereinbart wurde, ist die Zahlung ohne jeden Abzug innerhalb von 10 Tagen zu leisten.<br \/>\n3. Zur\u00fcckbehaltungsrechte des K\u00e4ufers, die auf einem anderen Vertragsverh\u00e4ltnis beruhen, sind ausgeschlossen. Zur\u00fcckbehaltungsrechte des K\u00e4ufers, die auf demselben Vertragsverh\u00e4ltnis beruhen, sind ebenfalls ausgeschlossen, sofern die Gegenforderung bestritten oder nicht rechtskr\u00e4ftig festgestellt ist. Der K\u00e4ufer ist nicht berechtigt, mit einer Gegenforderung aufzurechnen, sofern diese Forderung bestritten oder nicht rechtskr\u00e4ftig festgestellt ist. Wurde teilweise fehlerhafte Ware geliefert, so ist der K\u00e4ufer dennoch verpflichtet, Zahlung f\u00fcr den unstreitig fehlerfreien Anteil zu leisten.<br \/>\n4. Ger\u00e4t der K\u00e4ufer in Zahlungsverzug, sind wir berechtigt, Zinsen in H\u00f6he von 6% zu berechnen; ist der K\u00e4ufer eine juristische Person, betr\u00e4gt der Zinssatz 6%. Den Nachweis eines h\u00f6heren Verzugsschadens behalten wir uns vor.<br \/>\n5. Ger\u00e4t der K\u00e4ufer mit einer f\u00e4lligen Zahlung ganz oder teilweise in R\u00fcckstand, sind wir berechtigt, nach erfolglosem Ablauf einer ihm gesetzten angemessenen Frist vom Vertrag zur\u00fcckzutreten. Unser R\u00fccktrittsrecht besteht auch dann, wenn Umst\u00e4nde bekannt werden, die geeignet sind, die Kreditw\u00fcrdigkeit des K\u00e4ufers herabzusetzen. Treten wir zur\u00fcck, sind wir berechtigt, die von uns gelieferte Ware auf Kosten des K\u00e4ufers kennzeichnen, gesondert lagern und abholen zu lassen. Der K\u00e4ufer erkl\u00e4rt bereits hierdurch sein Einverst\u00e4ndnis dazu, dass die von uns mit der Abholung beauftragten Personen zu diesem Zweck das Gel\u00e4nde betreten und befahren k\u00f6nnen, auf dem sich die Ware befindet.<br \/>\n6. Alternativ zu unseren R\u00fccktrittsrechten gem\u00e4ss vorstehend Ziffer 5. K\u00f6nnen wir vom K\u00e4ufer Sicherheit verlangen.<br \/>\n7. Ger\u00e4t der K\u00e4ufer in Zahlungsverzug, so sind wir berechtigt, Lieferungen aus nachfolgenden Bestellungen zur\u00fcck zu halten, ohne dass die Rechtsfolgen der Ziffer IV. (Ausf\u00fchrung der Lieferung &#8211; Lieferzeit &#8211; Umfang der Lieferung &#8211; Leistungs- und Erf\u00fcllungsort) eintreten.\n<strong>III. Eigentumsvorbehalt<\/strong><br \/>\n1. Die von uns gelieferte Ware bleibt bis zur Erf\u00fcllung s\u00e4mtlicher aus der konkreten Bestellung entstandenen Forderungen unser Eigentum. Gegen\u00fcber nat\u00fcrlichen und juristischen Personen behalten wir uns das Eigentum im Sinne des Art. 715 ZGB bis zur Erf\u00fcllung s\u00e4mtlicher Forderungen vor, die uns aus irgendeinem Rechtsgrund aus der Gesch\u00e4ftsbeziehung gegen\u00fcber dem K\u00e4ufer zustehen.<br \/>\n2. Der K\u00e4ufer verpflichtet sich, die Vorbehaltsware nur im gew\u00f6hnlichen Gesch\u00e4ftsverkehr, zu seinen normalen Gesch\u00e4ftsbedingungen und solange er nicht im Zahlungsr\u00fcckstand ist zu ver\u00e4u\u00dfern. Er ist zur Weiterver\u00e4u\u00dferung der Vorbehaltsware nur mit der Ma\u00dfgabe berechtigt, dass die Forderung aus der Weiterver\u00e4u\u00dferung gem\u00e4\u00df nachfolgend Ziff. 3.-6. auf uns \u00fcbergeht. Zu anderen Verf\u00fcgungen \u00fcber die Vorbehaltsware ist er nicht berechtigt.<br \/>\n3. Der K\u00e4ufer tritt seine Forderungen aus einer Weiterver\u00e4usserung von Vorbehaltsware bereits jetzt an uns ab, und zwar gleich, ob die Vorbehaltsware an einen oder an mehrere Abnehmer ver\u00e4ussert wird. Der K\u00e4ufer ist berechtigt, die ab- getretenen Forderungen aus der Weiterver\u00e4u\u00dferung bis zu unserem jederzeit m\u00f6glichen Widerruf einzuziehen. Zur Abtretung der Forderung ist der K\u00e4ufer in keinem Fall berechtigt. Der K\u00e4ufer verpflichtet sich, seinen oder seine Abnehmer der Vorbehaltsware mit ladungsf\u00e4higer Anschrift und dem Ort des Verbleibs der Vorbehaltsware auf unser Verlangen vor unserer Auslieferung der Ware bekannt zu geben.<br \/>\n4. Auf unser Verlangen ist der K\u00e4ufer verpflichtet &#8211; sofern wir seinen Abnehmer nicht selbst unterrichten -, dem Abnehmer die Abtretung an uns unverz\u00fcglich bekannt zu geben und uns die Benachrichtigung nachzuweisen sowie die zur Einziehung der abgetretenen Forderung notwendigen Ausk\u00fcnfte und Unterlagen mit dieser Benachrichtigung zu \u00fcbersenden.<br \/>\n5. Auf Verlangen des K\u00e4ufers sind wir verpflichtet, die Sicherheiten insoweit freizugeben, als deren realisierbarer Wert unsere Forderung mehr als 20 % \u00fcbersteigt. Die Auswahl der freizugebenden Sicherheiten behalten wir uns vor.<br \/>\n6. Der K\u00e4ufer ist verpflichtet, uns von einer Pf\u00e4ndung oder einer anderen Beeintr\u00e4chtigung durch Dritte unverz\u00fcglich zu benachrichtigen. H\u00e4lt der K\u00e4ufer einen Zahlungstermin nicht ein oder verst\u00f6sst er gegen sonstige vertragliche Vereinbarungen oder werden uns Umst\u00e4nde bekannt, die geeignet sind, die Kreditw\u00fcrdigkeit des K\u00e4ufers zu mindern, sind wir berechtigt, die Weiterver\u00e4u\u00dferung von Vorbehaltsware zu untersagen, deren R\u00fcckgabe oder die Einr\u00e4umung mittelbaren Besitzes auf Kosten des K\u00e4ufers auf uns zu verlangen oder, falls die Ware bereits weiter ver\u00e4u\u00dfert, aber ganz oder teilweise noch nicht bezahlt ist, Zahlung direkt vom Abnehmer des K\u00e4ufers zu verlangen.\n<strong>IV. Lieferzeit &#8211; Umfang der Lieferung &#8211; Ausf\u00fchrung der Lieferung &#8211; Leistungs- und Erf\u00fcllungsort<\/strong><br \/>\n1. Leistungs- und Erf\u00fcllungsort f\u00fcr beide Teile ist 1373 Chavornay (Schweiz).<br \/>\n2. F\u00fcr den Umfang der Lieferung ist unsere schriftliche Auftragsbest\u00e4tigung massgebend. Nebenabreden und \u00c4nderungen bed\u00fcrfen der schriftlichen Best\u00e4tigung.<br \/>\n3. Unsere Lieferzeiten sind grunds\u00e4tzlich nur ann\u00e4hernd und unverbindlich. Hiervon abweichende Vereinbarungen \u00fcber eine verbindliche Lieferzeit m\u00fcssen ausdr\u00fccklich und schriftlich erfolgen. K\u00f6nnen wir nicht p\u00fcnktlich liefern, informieren wir den K\u00e4ufer unverz\u00fcglich.<br \/>\n4. Geraten wir aus von uns zu vertretenden Gr\u00fcnden mit der Lieferung in R\u00fcckstand und hat uns der K\u00e4ufer erfolglos eine angemessene Nachfrist gesetzt, kann er vom Vertrag zur\u00fccktreten. Schadensersatzanspr\u00fcche des K\u00e4ufers wegen Pflichtverletzung sind ausgeschlossen, es sei denn wir oder unsere Erf\u00fcllungsgehilfen haben grob fahrl\u00e4ssig oder vors\u00e4tzlich gehandelt.<br \/>\n5. Unvorhergesehene Ereignisse, die wir nicht zu vertreten haben (wie zum Beispiel Energiemangel, Verz\u00f6gerungen in der Anlieferung wesentlicher Komponenten und sonstiger Materialien, Importschwierigkeiten, Betriebs- und Verkehrsst\u00f6rungen, Streiks, Aussperrung, h\u00f6here Gewalt), verl\u00e4ngern die Lieferzeit angemessen. K\u00f6nnen wir auch nach angemessener Verl\u00e4ngerung nicht leisten, sind sowohl der K\u00e4ufer als auch wir zum R\u00fccktritt vom Vertrag berechtigt. Schadensersatzanspr\u00fcche des K\u00e4ufers sind ausgeschlossen. Treten wir zur\u00fcck, erstatten wir dem K\u00e4ufer unverz\u00fcglich s\u00e4mtliche bereits erbrachten Zahlungen.<br \/>\n6. Die Einhaltung der Lieferzeiten setzt die Erf\u00fcllung der Vertragspflichten des K\u00e4ufers voraus. Jede sp\u00e4tere \u00c4nderung der Ausf\u00fchrung des Auftrages auf Wunsch des K\u00e4ufers berechtigt uns zu einer angemessenen Verl\u00e4ngerung der Lieferzeit.<br \/>\n7. Wir sind zu Teillieferungen in zumutbarem Umfang berechtigt.\n<strong>V. Versand und Gefahr\u00fcbergang<\/strong><br \/>\n1. Der Versand ab Werk oder Auslieferungslager erfolgt auf Kosten des K\u00e4ufers. Versandweg und Versandart werden von uns bestimmt. Zum Abschluss einer Transportversicherung sind wir nur bei ausdr\u00fccklicher und schriftlicher Weisung des K\u00e4ufers verpflichtet; die Kosten dieser Versicherung tr\u00e4gt der K\u00e4ufer. Wir sind berechtigt, die Waren auf Kosten des K\u00e4ufers gegen Feuer-, Wasser- und sonstige Sch\u00e4den zu versichern, sofern nicht der K\u00e4ufer selbst die Versicherung nachweislich abgeschlossen hat.<br \/>\n2. Der Versand erfolgt nach unserem besten Wissen unter Ausschluss jeder eigenen Haftung. Insbesondere Ver\u00e4nderungen und Verschlechterungen der Ware w\u00e4hrend des Transports oder aufgrund unsachgem\u00e4\u00dfer Einlagerung haben wir nicht zu vertreten.<br \/>\n3. Die Gefahr geht auf den K\u00e4ufer \u00fcber, sobald die Ware unser Werk oder das Auslieferungslager verlassen hat, und zwar auch dann, wenn wir weitere Leistungen, wie etwa frachtfreie Versendung, Anfuhr oder \u00c4hnliches \u00fcbernehmen. Haben wir dem K\u00e4ufer angezeigt, dass die Ware versand- oder abholbereit ist, geht die Gefahr auf den K\u00e4ufer \u00fcber, wenn er die Ware nicht abruft oder abholt und wir ihm hierzu erfolglos eine angemessene Frist gesetzt haben.\n<strong>VI. Pflichtverletzung wegen M\u00e4ngel<\/strong><br \/>\n1. Der K\u00e4ufer hat die Ware bei Eingang auf \u00e4usserliche Unversehrtheit, Vollst\u00e4ndigkeit und Vollz\u00e4hligkeit zu untersuchen. Erkennbare M\u00e4ngel und\/oder Fehlmengen sind auf den Frachtpapieren schriftlich fest zu halten und von Spediteur zu best\u00e4tigen. Soll die Ware auf Weisung des K\u00e4ufers oder seiner Erf\u00fcllungsgehilfen ohne vorgenannte Empfangsquittung abgeliefert werden, so geschieht dies ausschlie\u00dflich auf Risiko des K\u00e4ufers. In diesem Falle gilt die Ware als genehmigt. Gegen\u00fcber Verbrauchern gilt diese Vorschrift nur, soweit es sich um offensichtliche M\u00e4ngel handelt.<br \/>\n2. Unsere Haftung erstreckt sich auf eine dem Stand der Technik entsprechende Mangelfreiheit der Ware.<br \/>\n3. Sofern wir Anspr\u00fcche gegen unsere Lieferanten haben, erfolgt unsere Haftung durch Abtretung dieser Anspr\u00fcche an den K\u00e4ufer, der diese Abtretung f\u00fcr diesen Fall bereits hierdurch annimmt. Ein Anspruch des K\u00e4ufers auf Ersatz von Kosten, die im Rahmen der Durchsetzung von Anspr\u00fcchen gegen einen Lieferanten entstehen, ist jedenfalls dann ausgeschlossen, wenn etwaige kostenausl\u00f6sende Massnahmen, insbesondere die Einleitung eines Gerichtsverfahrens, nicht vorher mit uns abgestimmt werden.<br \/>\n4. Kommt ein Anspruch gegen\u00fcber dem Lieferanten nicht in Betracht oder weigert sich der Lieferant, gegen\u00fcber dem K\u00e4ufer zu haften, beschr\u00e4nkt sich unsere Haftung wahlweise auf die kostenlose Reparatur, gleichwertigen Ersatz oder R\u00fcckerstattung des Kaufpreises. Die mangelhafte Ware bzw. die ausgetauschten Teile muss der K\u00e4ufer an uns herausgeben.<br \/>\n5. Der K\u00e4ufer ist verpflichtet die Ware zur Abkl\u00e4rung eines Garantieanspruches an Tecram herauszugeben. Allf\u00e4llige Transportkosten im Zusammenhang mit Garantieanspr\u00fcchen gehen immer zu Lasten des K\u00e4ufers.<br \/>\n6. Tecram \u00fcbernimmt w\u00e4hrend 12 Monaten nach dem Kaufabschluss die Garantie f\u00fcr M\u00e4ngelfreiheit und Funktionsf\u00e4higkeit des vom Kunden erworbenen Gegenstandes. Tecram kann die Garantieleistung wahlweise durch kostenlose Reparatur, gleichwertigen Ersatz oder durch R\u00fcckerstattung des Kaufpreises erbringen. Weitere Anspr\u00fcche sind ausgeschlossen.<br \/>\nNicht unter die Garantie fallen normale Abn\u00fctzung sowie die Folgen unsachgem\u00e4sser Behandlung oder Besch\u00e4digung durch den Kunden oder Drittpersonen sowie M\u00e4ngel, die auf \u00e4ussere Umst\u00e4nde zur\u00fcckzuf\u00fchren sind.<br \/>\nBeispiele f\u00fcr nicht gedeckte Besch\u00e4digungen (Aufz\u00e4hlung nicht abschliessend):<br \/>\nBatterien, sowie R\u00e4der und Rollen sind Verschleissteile und werden nur innerhalb von 6 Monaten ab Kauf unter Garantie ersetzt.<br \/>\nBedienungsfehler, Sch\u00e4den durch ausgelaufene Batterien, vorgenommene \u00c4nderungen am Artikel<br \/>\nDatenverlust, Softwarefehler, Viren, etc. Folgen von Wasser, Frost, Blitzschlag oder anderen Elementarereignissen.<br \/>\n7. Weitergehende Anspr\u00fcche des K\u00e4ufers als die vorstehend genannten, gleich aus welchen Rechtsgr\u00fcnden, sind ausgeschlossen. Wir haften deshalb nicht f\u00fcr Sch\u00e4den, die nicht an der Ware selbst entstanden sind und nicht f\u00fcr sonstige Verm\u00f6genssch\u00e4den des K\u00e4ufers.\n<strong>VII. Gerichtsstand<\/strong><br \/>\n1. Gerichtsstand ist Chavornay \/ Yverdon (Schweiz)\n<p><em>Chavornay, den 15 Mai 2013<\/em><\/p>\n<p>Laden Sie unsere Allgemeinen Gesch\u00e4ftsbedingungen im PDF-Format herunter: <a href=\"https:\/\/www.tecram.ch\/wp-content\/uploads\/agb-TECRAM-de.pdf\" target=\"_blank\" rel=\"noopener\">Klicken Sie hier!<\/a><\/p>\n\t<h3>Unsere aktuellen Aktionen<\/h3>\n\t\t\t\t<a href=\"https:\/\/www.tecram.ch\/de\/home\/steigtechnik\/teletower-telescop-rollgeruest\/\" target=\"_self\" itemprop=\"url\" rel=\"noopener\">\n\t\t\t\t<img loading=\"lazy\" decoding=\"async\" src=\"https:\/\/www.tecram.ch\/wp-content\/uploads\/Teletower_HP-600x600-1.jpg\" alt=\"Teletower_HP-600x600\" itemprop=\"image\" height=\"600\" width=\"600\" title=\"Teletower_HP-600x600\" onerror=\"this.style.display='none'\"  \/>\n\t\t\t\t<\/a>\n\t<a href=\"https:\/\/www.tecram.ch\/de\/home\/steigtechnik\/teletower-telescop-rollgeruest\/\">Teletower<br \/>\nTelescop Rollger\u00fcst<\/a>\n<p><a href=\"https:\/\/www.tecram.ch\/de\/home\/steigtechnik\/teletower-telescop-rollgeruest\/\"><strong> Preis: CHF 1&#8217;665.- CHF<\/strong><\/a><\/p>\n\t\t\t\t<a href=\"https:\/\/www.tecram.ch\/de\/home\/ergonomische-hebelifte\/ergonomische-hebelifte-und-minilift\/hovmand\/hebelift-hovmand-go\/\" target=\"_self\" itemprop=\"url\" rel=\"noopener\">\n\t\t\t\t<img loading=\"lazy\" decoding=\"async\" src=\"https:\/\/www.tecram.ch\/wp-content\/uploads\/Hovmand-GO_1_HP-1-600x600-1.jpg\" alt=\"Hovmand-GO_1_HP-1-600x600\" itemprop=\"image\" height=\"600\" width=\"600\" title=\"Hovmand-GO_1_HP-1-600x600\" onerror=\"this.style.display='none'\"  \/>\n\t\t\t\t<\/a>\n\t<a href=\"https:\/\/www.tecram.ch\/de\/home\/ergonomische-hebelifte\/ergonomische-hebelifte-und-minilift\/hovmand\/hebelift-hovmand-go\/\">Hebelift<br \/>\nHovmand GO<\/a><br \/>\n<strong>Preis: 1&#8217;925.- CHF<\/strong>\n\t\t\t\t<a href=\"https:\/\/www.tecram.ch\/de\/home\/treppensteiger\/treppensteiger-elektrisch-mit-bremse-170-und-200-kg-xsto-zw7170-und-zw7200\/\" target=\"_self\" itemprop=\"url\" rel=\"noopener\">\n\t\t\t\t<img loading=\"lazy\" decoding=\"async\" src=\"https:\/\/www.tecram.ch\/wp-content\/uploads\/diables-monte-escalier-electriques-DMEG170-stockman-1-logo-promo.jpg\" alt=\"diables-monte-escalier-electriques-DMEG170-stockman-1 logo promo\" itemprop=\"image\" height=\"600\" width=\"600\" title=\"diables-monte-escalier-electriques-DMEG170-stockman-1 logo promo\" onerror=\"this.style.display='none'\"  \/>\n\t\t\t\t<\/a>\n\t<a href=\"https:\/\/www.tecram.ch\/de\/home\/treppensteiger\/treppensteiger-elektrisch-mit-bremse-170-und-200-kg-xsto-zw7170-und-zw7200\/\">Treppensteiger elektrisch mit Bremse<br \/>\n170 und 200 kg<br \/>\nXSTO ZW7170 und ZW7200<\/a><br \/>\n<strong>Preis: 1&#8217;798.- CHF<\/strong>\n\t\t\t\t<a href=\"https:\/\/www.tecram.ch\/de\/home\/hubwagen-deichselstapler-hebelifte\/elektrohubwagen\/elektrohubwager-stockman-edge-pte15-n-pte20n\/\" target=\"_self\" itemprop=\"url\" rel=\"noopener\">\n\t\t\t\t<img loading=\"lazy\" decoding=\"async\" src=\"https:\/\/www.tecram.ch\/wp-content\/uploads\/stockman_15n-edge_de.jpg\" alt=\"stockman_15n-edge_de\" itemprop=\"image\" height=\"1001\" width=\"1011\" title=\"stockman_15n-edge_de\" onerror=\"this.style.display='none'\"  \/>\n\t\t\t\t<\/a>\n\t<p><a href=\"https:\/\/www.tecram.ch\/de\/home\/hubwagen-deichselstapler-hebelifte\/elektrohubwagen\/elektrohubwager-stockman-edge-pte15-n-pte20n\/\">Elektrohubwager <\/a><\/p>\n<p><a href=\"https:\/\/www.tecram.ch\/de\/home\/hubwagen-deichselstapler-hebelifte\/elektrohubwagen\/elektrohubwager-stockman-edge-pte15-n-pte20n\/\">Stockman Edge <\/a><\/p>\n<p><a href=\"https:\/\/www.tecram.ch\/de\/home\/hubwagen-deichselstapler-hebelifte\/elektrohubwagen\/elektrohubwager-stockman-edge-pte15-n-pte20n\/\"><strong>Preis : CHF 2&#8217;290.- CHF<\/strong><\/a><\/p>\n\n","protected":false},"excerpt":{"rendered":"<p>Allgemeine Gesch\u00e4ftsbedingungen Allgemeine Gesch\u00e4ftsbedingungen der TECRAM GmbH &#8211; Chavornay &#8211; Schweiz I. Allgemeines 1. Wir liefern ausschlie\u00dflich auf Grundlage nachfolgender Liefer- und Zahlungsbedingungen. Gesch\u00e4fts- und Einkaufsbedingungen des K\u00e4ufers widersprechen wir ausdr\u00fccklich. Sie verpflichten uns nur, wenn wir uns ausdr\u00fccklich und schriftlich mit ihnen einverstanden erkl\u00e4ren. 2. Unsere Angebote sind freibleibend. Abmachungen, die m\u00fcndlich durch unsere &#8230; <a title=\"AGB\" class=\"read-more\" href=\"https:\/\/www.tecram.ch\/de\/agb\/\" aria-label=\"Read more about AGB\">Read more<\/a><\/p>\n","protected":false},"author":1,"featured_media":32765,"parent":0,"menu_order":2,"comment_status":"closed","ping_status":"closed","template":"","meta":{"footnotes":""},"class_list":["post-1228","page","type-page","status-publish","has-post-thumbnail"],"aioseo_notices":[],"_links":{"self":[{"href":"https:\/\/www.tecram.ch\/de\/wp-json\/wp\/v2\/pages\/1228","targetHints":{"allow":["GET"]}}],"collection":[{"href":"https:\/\/www.tecram.ch\/de\/wp-json\/wp\/v2\/pages"}],"about":[{"href":"https:\/\/www.tecram.ch\/de\/wp-json\/wp\/v2\/types\/page"}],"author":[{"embeddable":true,"href":"https:\/\/www.tecram.ch\/de\/wp-json\/wp\/v2\/users\/1"}],"replies":[{"embeddable":true,"href":"https:\/\/www.tecram.ch\/de\/wp-json\/wp\/v2\/comments?post=1228"}],"version-history":[{"count":0,"href":"https:\/\/www.tecram.ch\/de\/wp-json\/wp\/v2\/pages\/1228\/revisions"}],"wp:featuredmedia":[{"embeddable":true,"href":"https:\/\/www.tecram.ch\/de\/wp-json\/wp\/v2\/media\/32765"}],"wp:attachment":[{"href":"https:\/\/www.tecram.ch\/de\/wp-json\/wp\/v2\/media?parent=1228"}],"curies":[{"name":"wp","href":"https:\/\/api.w.org\/{rel}","templated":true}]}}