{"id":12145,"date":"2020-12-10T08:07:45","date_gmt":"2020-12-10T07:07:45","guid":{"rendered":"https:\/\/www.tecram.ch\/home\/hubwagen-deichselstapler-hebelifte\/elevateurs-positionneurs\/"},"modified":"2026-02-24T10:30:44","modified_gmt":"2026-02-24T09:30:44","slug":"materiallifte","status":"publish","type":"page","link":"https:\/\/www.tecram.ch\/de\/home\/hubwagen-deichselstapler-hebelifte\/materiallifte\/","title":{"rendered":"Materiallifte"},"content":{"rendered":"\n\n\t<h1>Materiallifte<\/h1>\n\t\t\t\t<a href=\"https:\/\/www.tecram.ch\/de\/home\/hubwagen-deichselstapler-hebelifte\/materiallifte\/materiallifte-guil-toro-series-b-c-d\/\"  target=\"_self\" itemprop=\"url\">\n\t\t\t\t<img decoding=\"async\" src=\"https:\/\/www.tecram.ch\/wp-content\/uploads\/gerbeurs-positionneurs-me-r-01.jpg\" alt=\"Gerbeurs positionneurs ME-R\" itemprop=\"image\" height=\"612\" width=\"612\" title=\"gerbeurs-positionneurs-me-r-01\" onerror=\"this.style.display='none'\" loading=\"lazy\" \/>\n\t\t\t\t<\/a>\n\t<h3><a href=\"https:\/\/www.tecram.ch\/de\/home\/hubwagen-deichselstapler-hebelifte\/materiallifte\/materiallifte-guil-toro-series-b-c-d\/\">Materiallifte GUIL-TORO<\/a><\/h3>\n\t\t\t\t<a href=\"https:\/\/www.tecram.ch\/de\/home\/hubwagen-deichselstapler-hebelifte\/materiallifte\/materiallifte-elc\/\"  target=\"_self\" itemprop=\"url\">\n\t\t\t\t<img decoding=\"async\" src=\"https:\/\/www.tecram.ch\/wp-content\/uploads\/ELC-Vignette.jpg\" alt=\"ELC-Vignette\" itemprop=\"image\" height=\"600\" width=\"600\" title=\"ELC-Vignette\" onerror=\"this.style.display='none'\" loading=\"lazy\" \/>\n\t\t\t\t<\/a>\n\t<h3><a href=\"https:\/\/www.tecram.ch\/de\/home\/hubwagen-deichselstapler-hebelifte\/materiallifte\/materiallifte-elc\/\">Materiallifte Guil-ELC<\/a><\/h3>\n\t\t\t\t<a href=\"https:\/\/www.tecram.ch\/de\/home\/hubwagen-deichselstapler-hebelifte\/materiallifte\/adapter-und-zubehoer-fuer-guil-toro\/\"  target=\"_self\" itemprop=\"url\">\n\t\t\t\t<img decoding=\"async\" src=\"https:\/\/www.tecram.ch\/wp-content\/uploads\/Adaptateur-TORO-systeme-\u00e9lectrique.jpg\" alt=\"Adaptateur TORO systeme \u00e9lectrique\" itemprop=\"image\" height=\"601\" width=\"600\" title=\"Adaptateur TORO systeme \u00e9lectrique\" onerror=\"this.style.display='none'\" loading=\"lazy\" \/>\n\t\t\t\t<\/a>\n\t<h3><a href=\"https:\/\/www.tecram.ch\/de\/home\/hubwagen-deichselstapler-hebelifte\/materiallifte\/adapter-und-zubehoer-fuer-guil-toro\/\">Adapter und Zubeh\u00f6r f\u00fcr GUIL-TORO<\/a><\/h3>\n\t\t\t\t<a href=\"https:\/\/www.tecram.ch\/de\/home\/hubwagen-deichselstapler-hebelifte\/materiallifte\/adapter-und-zubehoer-fuer-guil-elc\/\"  target=\"_self\" itemprop=\"url\">\n\t\t\t\t<img decoding=\"async\" src=\"https:\/\/www.tecram.ch\/wp-content\/uploads\/Plateau-acier-600x600-1.jpg\" alt=\"Plateau acier 600x600\" itemprop=\"image\" height=\"600\" width=\"600\" title=\"Plateau acier 600x600\" onerror=\"this.style.display='none'\" loading=\"lazy\" \/>\n\t\t\t\t<\/a>\n\t<h3><a href=\"https:\/\/www.tecram.ch\/de\/home\/hubwagen-deichselstapler-hebelifte\/materiallifte\/adapter-und-zubehoer-fuer-guil-elc\/\">Adapter und Zubeh\u00f6r f\u00fcr GUIL-ELC<\/a><\/h3>\n\t\t\t\t<a href=\"https:\/\/www.tecram.ch\/de\/home\/hubwagen-deichselstapler-hebelifte\/materiallifte\/mini-tragbarer-aluminiumstapler-std\/\"  target=\"_self\" itemprop=\"url\">\n\t\t\t\t<img decoding=\"async\" src=\"https:\/\/www.tecram.ch\/wp-content\/uploads\/mini-gerbeur-manuel-alu-transportable-std.jpg\" alt=\"Mini gerbeur manuel alu transportable STD\" itemprop=\"image\" height=\"600\" width=\"600\" title=\"mini-gerbeur-manuel-alu-transportable-std\" onerror=\"this.style.display='none'\" loading=\"lazy\" \/>\n\t\t\t\t<\/a>\n\t<h3><a href=\"https:\/\/www.tecram.ch\/de\/home\/hubwagen-deichselstapler-hebelifte\/materiallifte\/mini-tragbarer-aluminiumstapler-std\/\">Mini Tragbarer Alu Material Lift STD<\/a><\/h3>\n\t<h3>Unsere aktuellen Aktionen<\/h3>\n\t\t\t\t<a href=\"https:\/\/www.tecram.ch\/de\/home\/steigtechnik\/teletower-telescop-rollgeruest\/\"  target=\"_self\" itemprop=\"url\">\n\t\t\t\t<img decoding=\"async\" src=\"https:\/\/www.tecram.ch\/wp-content\/uploads\/teletower.jpg\" alt=\"teletower\" itemprop=\"image\" height=\"400\" width=\"400\" title=\"teletower\" onerror=\"this.style.display='none'\" loading=\"lazy\" \/>\n\t\t\t\t<\/a>\n\t<a href=\"https:\/\/www.tecram.ch\/de\/home\/steigtechnik\/teletower-telescop-rollgeruest\/\">Teletower<br \/>\nTelescop Rollger\u00fcst<\/a>\n<p><a href=\"https:\/\/www.tecram.ch\/de\/home\/steigtechnik\/teletower-telescop-rollgeruest\/\"><strong>CHF 1&#8217;600.- inkl. MwSt.<\/strong><\/a><\/p>\n\t\t\t\t<a href=\"https:\/\/www.tecram.ch\/de\/home\/ergonomische-hebelifte\/ergonomische-hebelifte-und-minilift\/hovmand\/hebelift-hovmand-go\/\"  target=\"_self\" itemprop=\"url\">\n\t\t\t\t<img decoding=\"async\" src=\"https:\/\/www.tecram.ch\/wp-content\/uploads\/chariot-de-manutention-mini-gerbeur-hovmand-go.jpg\" alt=\"Chariot de manutention - mini gerbeur HOVMAND GO\" itemprop=\"image\" height=\"600\" width=\"600\" title=\"chariot-de-manutention-mini-gerbeur-hovmand-go\" onerror=\"this.style.display='none'\" loading=\"lazy\" \/>\n\t\t\t\t<\/a>\n\t<a href=\"https:\/\/www.tecram.ch\/de\/home\/ergonomische-hebelifte\/ergonomische-hebelifte-und-minilift\/hovmand\/hebelift-hovmand-go\/\">Hebelift<br \/>\nHovmand GO<\/a><br \/>\n<strong>CHF 2&#8217;095.-<\/strong>\n\t\t\t\t<a href=\"https:\/\/www.tecram.ch\/de\/home\/ergonomische-hebelifte\/manuelle-sackkarre\/aluminium-sackkarre-transportwagen-2-in-1-250kg-350kg-stockman-stc2\/\"  target=\"_self\" itemprop=\"url\">\n\t\t\t\t<img decoding=\"async\" src=\"https:\/\/www.tecram.ch\/wp-content\/uploads\/stockman-stc2.webp\" alt=\"stockman-stc2\" itemprop=\"image\" height=\"400\" width=\"400\" title=\"stockman-stc2\" onerror=\"this.style.display='none'\" loading=\"lazy\" \/>\n\t\t\t\t<\/a>\n\t<a href=\"https:\/\/www.tecram.ch\/de\/home\/ergonomische-hebelifte\/manuelle-sackkarre\/aluminium-sackkarre-transportwagen-2-in-1-250kg-350kg-stockman-stc2\/\">Aluminium Sackkarre\/Transportwagen 2 in 1- 250kg\/350kg &#8211; Stockman STC2<\/a><br \/>\n<strong>CHF 352.-<\/strong>\n\t\t\t\t<a href=\"https:\/\/www.tecram.ch\/de\/home\/treppensteiger\/treppensteiger-antifailover-420-kg-xsto-ct420s\/\"  target=\"_self\" itemprop=\"url\">\n\t\t\t\t<img decoding=\"async\" src=\"https:\/\/www.tecram.ch\/wp-content\/uploads\/XSTO-CT420S-1.jpg\" alt=\"XSTO-CT420S-1\" itemprop=\"image\" height=\"600\" width=\"600\" title=\"XSTO-CT420S-1\" onerror=\"this.style.display='none'\" loading=\"lazy\" \/>\n\t\t\t\t<\/a>\n\t<a href=\"https:\/\/www.tecram.ch\/de\/home\/treppensteiger\/treppensteiger-antifailover-420-kg-xsto-ct420s\/\">Treppensteiger<br \/>\nXSTO CT420S<\/a>\n<p><a href=\"https:\/\/www.tecram.ch\/de\/home\/treppensteiger\/treppensteiger-antifailover-420-kg-xsto-ct420s\/\"><strong>CHF 7&#8217;900.- <\/strong><\/a><\/p>\n\n","protected":false},"excerpt":{"rendered":"<p>Materiallifte Materiallifte GUIL-TORO Materiallifte Guil-ELC Adapter und Zubeh\u00f6r f\u00fcr GUIL-TORO Adapter und Zubeh\u00f6r f\u00fcr GUIL-ELC Mini Tragbarer Alu Material Lift STD Unsere aktuellen Aktionen Teletower Telescop Rollger\u00fcst CHF 1&#8217;600.- inkl. MwSt. Hebelift Hovmand GO CHF 2&#8217;095.- Aluminium Sackkarre\/Transportwagen 2 in 1- 250kg\/350kg &#8211; Stockman STC2 CHF 352.- Treppensteiger XSTO CT420S CHF 7&#8217;900.-<\/p>\n","protected":false},"author":1,"featured_media":12141,"parent":5884,"menu_order":8,"comment_status":"closed","ping_status":"closed","template":"","meta":{"footnotes":""},"class_list":["post-12145","page","type-page","status-publish","has-post-thumbnail"],"aioseo_notices":[],"_links":{"self":[{"href":"https:\/\/www.tecram.ch\/de\/wp-json\/wp\/v2\/pages\/12145","targetHints":{"allow":["GET"]}}],"collection":[{"href":"https:\/\/www.tecram.ch\/de\/wp-json\/wp\/v2\/pages"}],"about":[{"href":"https:\/\/www.tecram.ch\/de\/wp-json\/wp\/v2\/types\/page"}],"author":[{"embeddable":true,"href":"https:\/\/www.tecram.ch\/de\/wp-json\/wp\/v2\/users\/1"}],"replies":[{"embeddable":true,"href":"https:\/\/www.tecram.ch\/de\/wp-json\/wp\/v2\/comments?post=12145"}],"version-history":[{"count":1,"href":"https:\/\/www.tecram.ch\/de\/wp-json\/wp\/v2\/pages\/12145\/revisions"}],"predecessor-version":[{"id":48649,"href":"https:\/\/www.tecram.ch\/de\/wp-json\/wp\/v2\/pages\/12145\/revisions\/48649"}],"up":[{"embeddable":true,"href":"https:\/\/www.tecram.ch\/de\/wp-json\/wp\/v2\/pages\/5884"}],"wp:featuredmedia":[{"embeddable":true,"href":"https:\/\/www.tecram.ch\/de\/wp-json\/wp\/v2\/media\/12141"}],"wp:attachment":[{"href":"https:\/\/www.tecram.ch\/de\/wp-json\/wp\/v2\/media?parent=12145"}],"curies":[{"name":"wp","href":"https:\/\/api.w.org\/{rel}","templated":true}]}}