{"id":11587,"date":"2020-10-01T09:19:20","date_gmt":"2020-10-01T07:19:20","guid":{"rendered":"https:\/\/www.tecram.ch\/home\/ergonomische-hebelifte\/gerbeurs-de-panneaux-et-de-pose-mobylift\/"},"modified":"2025-01-27T15:17:12","modified_gmt":"2025-01-27T14:17:12","slug":"hebelift-mobylift","status":"publish","type":"page","link":"https:\/\/www.tecram.ch\/de\/home\/ergonomische-hebelifte\/hebelift-mobylift\/","title":{"rendered":"Hebelift MobyLift"},"content":{"rendered":"\n\n\t<h1>Hebelifte MobyLift<\/h1>\n\t\t\t\t<a href=\"https:\/\/www.tecram.ch\/de\/home\/ergonomische-hebelifte\/hebelift-mobylift\/hebelift-mobylift-tc-120-180\/\"  target=\"_self\" itemprop=\"url\">\n\t\t\t\t<img loading=\"lazy\" decoding=\"async\" src=\"https:\/\/www.tecram.ch\/wp-content\/uploads\/Mobylift-TC-120_vignette.jpg\" alt=\"Mobylift TC 120_vignette\" itemprop=\"image\" height=\"600\" width=\"600\" title=\"Mobylift TC 120_vignette\" onerror=\"this.style.display='none'\"  \/>\n\t\t\t\t<\/a>\n\t<h3><a href=\"https:\/\/www.tecram.ch\/de\/home\/ergonomische-hebelifte\/hebelift-mobylift\/hebelift-mobylift-tc-120-180\/\">Hebelift MobyLift TC 120-180\u00b0<\/a><\/h3>\n\t\t\t\t<a href=\"https:\/\/www.tecram.ch\/de\/home\/ergonomische-hebelifte\/hebelift-mobylift\/hebelift-mobylift-tc-200-180\/\"  target=\"_self\" itemprop=\"url\">\n\t\t\t\t<img loading=\"lazy\" decoding=\"async\" src=\"https:\/\/www.tecram.ch\/wp-content\/uploads\/Mobylift-TC-200_vignette.jpg\" alt=\"Mobylift TC 200_vignette\" itemprop=\"image\" height=\"600\" width=\"600\" title=\"Mobylift TC 200_vignette\" onerror=\"this.style.display='none'\"  \/>\n\t\t\t\t<\/a>\n\t<h3><a href=\"https:\/\/www.tecram.ch\/de\/home\/ergonomische-hebelifte\/hebelift-mobylift\/hebelift-mobylift-tc-200-180\/\">Hebelift MobyLift TC 200-180\u00b0<\/a><\/h3>\n\t<h3>Nos promotions actuelles<\/h3>\n\t\t\t\t<a href=\"https:\/\/www.tecram.ch\/home\/technique-acces-en-hauteur\/echafaudage-roulant-telescopique-teletower\/\"  target=\"_self\" itemprop=\"url\">\n\t\t\t\t<img loading=\"lazy\" decoding=\"async\" src=\"https:\/\/www.tecram.ch\/wp-content\/uploads\/Teletower_promo-600x600-1-300x300.jpg\" alt=\"Teletower_promo-600x600\" itemprop=\"image\" height=\"300\" width=\"300\" height=\"300\" width=\"300\" title=\"Teletower_promo-600x600\" onerror=\"this.style.display='none'\"  \/>\n\t\t\t\t<\/a>\n\t<p><a href=\"https:\/\/www.tecram.ch\/home\/technique-acces-en-hauteur\/echafaudage-roulant-telescopique-teletower\/\">Echafaudage roulant t\u00e9lescopique <\/a><\/p>\n<p><a href=\"https:\/\/www.tecram.ch\/home\/technique-acces-en-hauteur\/echafaudage-roulant-telescopique-teletower\/\">Teletower<\/a><\/p>\n<p><strong><a href=\"https:\/\/www.tecram.ch\/home\/technique-acces-en-hauteur\/echafaudage-roulant-telescopique-teletower\/\">Prix: 1&#8217;665.- CHF<\/a><\/strong><\/p>\n\n\t\t\t\t<a href=\"https:\/\/www.tecram.ch\/home\/chariots-de-manutention-ergonomiques\/chariots-gerbeurs-ergonomiques\/hovmand\/chariot-de-manutention-mini-gerbeur-hovmand-go\/\"  target=\"_self\" itemprop=\"url\">\n\t\t\t\t<img loading=\"lazy\" decoding=\"async\" src=\"https:\/\/www.tecram.ch\/wp-content\/uploads\/Hovmand-GO_1_promo2-600x600-1-300x300.jpg\" alt=\"Hovmand-GO_1_promo2-600x600\" itemprop=\"image\" height=\"300\" width=\"300\" height=\"300\" width=\"300\" title=\"Hovmand-GO_1_promo2-600x600\" onerror=\"this.style.display='none'\"  \/>\n\t\t\t\t<\/a>\n\t<a href=\"https:\/\/www.tecram.ch\/home\/chariots-de-manutention-ergonomiques\/chariots-gerbeurs-ergonomiques\/hovmand\/chariot-de-manutention-mini-gerbeur-hovmand-go\/\">Chariot de manutention<br \/>\nmini-gerbeur Hovmand GO<\/a>\n<p><strong>Prix: 2&#8217;065.- CHF<\/strong><\/p>\n\t\t\t\t<a href=\"https:\/\/www.tecram.ch\/home\/diables-et-dispositifs-monte-escaliers\/diable-monte-escalier-electrique-avec-frein-170-et-200-kg-xsto-zw7170-et-zw7210\/\"  target=\"_self\" itemprop=\"url\">\n\t\t\t\t<img loading=\"lazy\" decoding=\"async\" src=\"https:\/\/www.tecram.ch\/wp-content\/uploads\/diables-monte-escalier-electriques-DMEG170-stockman-1-logo-promo.jpg\" alt=\"diables-monte-escalier-electriques-DMEG170-stockman-1 logo promo\" itemprop=\"image\" height=\"600\" width=\"600\" title=\"diables-monte-escalier-electriques-DMEG170-stockman-1 logo promo\" onerror=\"this.style.display='none'\"  \/>\n\t\t\t\t<\/a>\n\t<a href=\"https:\/\/www.tecram.ch\/home\/diables-et-dispositifs-monte-escaliers\/diable-monte-escalier-electrique-avec-frein-170-et-200-kg-xsto-zw7170-et-zw7210\/\">Diable monte-escalier \u00e9lectrique avec frein &#8211; 170 et 200 Kg &#8211; XSTO ZW7170 et ZW7210<\/a><br \/>\n<strong>Prix: d\u00e8s 1&#8217;999.- CHF<\/strong>\n\t\t\t\t<a href=\"https:\/\/www.tecram.ch\/home\/transpalettes-gerbeurs-elevateurs\/transpalettes-electriques\/transpalette-electrique-stockman-edge-pte15-n-pte20n\/\"  target=\"_self\" itemprop=\"url\">\n\t\t\t\t<img loading=\"lazy\" decoding=\"async\" src=\"https:\/\/www.tecram.ch\/wp-content\/uploads\/stockman_15n-edge_fr-300x297.jpg\" alt=\"stockman_15n-edge_fr\" itemprop=\"image\" height=\"297\" width=\"300\" title=\"stockman_15n-edge_fr\" onerror=\"this.style.display='none'\"  \/>\n\t\t\t\t<\/a>\n\t<a href=\"https:\/\/www.tecram.ch\/home\/transpalettes-gerbeurs-elevateurs\/transpalettes-electriques\/transpalette-electrique-stockman-edge-pte15-n-pte20n\/\"> Transpalette \u00e9lectrique<br \/>\nStockman EDGE<\/a><br \/>\n<strong>Prix: 2&#8217;290.- CHF<\/strong>\n\n","protected":false},"excerpt":{"rendered":"<p>Hebelifte MobyLift Hebelift MobyLift TC 120-180\u00b0 Hebelift MobyLift TC 200-180\u00b0 Nos promotions actuelles Echafaudage roulant t\u00e9lescopique Teletower Prix: 1&#8217;665.- CHF Chariot de manutention mini-gerbeur Hovmand GO Prix: 2&#8217;065.- CHF Diable monte-escalier \u00e9lectrique avec frein &#8211; 170 et 200 Kg &#8211; XSTO ZW7170 et ZW7210 Prix: d\u00e8s 1&#8217;999.- CHF Transpalette \u00e9lectrique Stockman EDGE Prix: 2&#8217;290.- CHF<\/p>\n","protected":false},"author":1,"featured_media":39056,"parent":3675,"menu_order":4,"comment_status":"closed","ping_status":"closed","template":"","meta":{"footnotes":""},"class_list":["post-11587","page","type-page","status-publish","has-post-thumbnail"],"aioseo_notices":[],"_links":{"self":[{"href":"https:\/\/www.tecram.ch\/de\/wp-json\/wp\/v2\/pages\/11587","targetHints":{"allow":["GET"]}}],"collection":[{"href":"https:\/\/www.tecram.ch\/de\/wp-json\/wp\/v2\/pages"}],"about":[{"href":"https:\/\/www.tecram.ch\/de\/wp-json\/wp\/v2\/types\/page"}],"author":[{"embeddable":true,"href":"https:\/\/www.tecram.ch\/de\/wp-json\/wp\/v2\/users\/1"}],"replies":[{"embeddable":true,"href":"https:\/\/www.tecram.ch\/de\/wp-json\/wp\/v2\/comments?post=11587"}],"version-history":[{"count":0,"href":"https:\/\/www.tecram.ch\/de\/wp-json\/wp\/v2\/pages\/11587\/revisions"}],"up":[{"embeddable":true,"href":"https:\/\/www.tecram.ch\/de\/wp-json\/wp\/v2\/pages\/3675"}],"wp:featuredmedia":[{"embeddable":true,"href":"https:\/\/www.tecram.ch\/de\/wp-json\/wp\/v2\/media\/39056"}],"wp:attachment":[{"href":"https:\/\/www.tecram.ch\/de\/wp-json\/wp\/v2\/media?parent=11587"}],"curies":[{"name":"wp","href":"https:\/\/api.w.org\/{rel}","templated":true}]}}